{"id":30398,"date":"2024-01-31T11:21:20","date_gmt":"2024-01-31T10:21:20","guid":{"rendered":"https:\/\/www.geoclima.com\/thank-you-page\/"},"modified":"2024-02-05T14:08:51","modified_gmt":"2024-02-05T13:08:51","slug":"sendungsbestaetigung","status":"publish","type":"page","link":"https:\/\/www.geoclima.com\/de\/sendungsbestaetigung\/","title":{"rendered":"Sendungsbest\u00e4tigung"},"content":{"rendered":"<div id='full_slider_1'  class='avia-fullwidth-slider main_color avia-shadow   avia-builder-el-0  el_before_av_one_full  avia-builder-el-first   container_wrap sidebar_right'  ><div  class='avia-slideshow av-jxkh9xd3-84e8ed41f5ee8f6607e178946edac4d8 avia-slideshow-no scaling av_slideshow_full avia-slide-slider av-slideshow-ui av-control-hidden av-no-slider-navigation av-hide-nav-arrows av-slideshow-manual av-loop-once av-loop-manual-endless av-default-height-applied   avia-slideshow-1' data-slideshow-options=\"{&quot;animation&quot;:&quot;slide&quot;,&quot;autoplay&quot;:false,&quot;loop_autoplay&quot;:&quot;once&quot;,&quot;interval&quot;:5,&quot;loop_manual&quot;:&quot;manual-endless&quot;,&quot;autoplay_stopper&quot;:false,&quot;noNavigation&quot;:true,&quot;bg_slider&quot;:false,&quot;keep_padding&quot;:false,&quot;hoverpause&quot;:false,&quot;show_slide_delay&quot;:0}\"  itemprop=\"image\" itemscope=\"itemscope\" itemtype=\"https:\/\/schema.org\/ImageObject\" ><ul class='avia-slideshow-inner ' style='padding-bottom: 31.25%;'><li  class='avia-slideshow-slide av-jxkh9xd3-84e8ed41f5ee8f6607e178946edac4d8__0  av-single-slide slide-1 slide-odd'><div data-rel='slideshow-1' class='avia-slide-wrap '   ><img decoding=\"async\" fetchpriority=\"high\" class=\"wp-image-18265 avia-img-lazy-loading-not-18265\"  src=\"https:\/\/www.geoclima.com\/wp-content\/uploads\/2019\/06\/target.jpg\" width=\"1600\" height=\"500\" title='target' alt=''  itemprop=\"thumbnailUrl\" srcset=\"https:\/\/www.geoclima.com\/wp-content\/uploads\/2019\/06\/target.jpg 1600w, https:\/\/www.geoclima.com\/wp-content\/uploads\/2019\/06\/target-300x94.jpg 300w, https:\/\/www.geoclima.com\/wp-content\/uploads\/2019\/06\/target-768x240.jpg 768w, https:\/\/www.geoclima.com\/wp-content\/uploads\/2019\/06\/target-1030x322.jpg 1030w, https:\/\/www.geoclima.com\/wp-content\/uploads\/2019\/06\/target-1500x469.jpg 1500w, https:\/\/www.geoclima.com\/wp-content\/uploads\/2019\/06\/target-705x220.jpg 705w, https:\/\/www.geoclima.com\/wp-content\/uploads\/2019\/06\/target-450x141.jpg 450w\" sizes=\"(max-width: 1600px) 100vw, 1600px\" \/><\/div><\/li><\/ul><\/div><\/div><div id='after_full_slider_1'  class='main_color av_default_container_wrap container_wrap sidebar_right'  ><div class='container av-section-cont-open' ><div class='template-page content  av-content-small alpha units'><div class='post-entry post-entry-type-page post-entry-30398'><div class='entry-content-wrapper clearfix'>\n<div  class='flex_column av-b2ue-4a174f0f69d13287ab030a0b2334a6c7 av_one_full  avia-builder-el-1  el_after_av_slideshow_full  el_before_av_hr  avia-builder-el-first  first flex_column_div  '     ><style type=\"text\/css\" data-created_by=\"avia_inline_auto\" id=\"style-css-av-ls1jib2t-b076df7374e4f56d8686883613f85d59\">\n#top .av_textblock_section.av-ls1jib2t-b076df7374e4f56d8686883613f85d59 .avia_textblock{\ntext-align:center;\n}\n<\/style>\n<section  class='av_textblock_section av-ls1jib2t-b076df7374e4f56d8686883613f85d59 '   itemscope=\"itemscope\" itemtype=\"https:\/\/schema.org\/CreativeWork\" ><div class='avia_textblock'  itemprop=\"text\" ><h3 style=\"text-align: center;\">Vielen Dank!<\/h3>\n<\/div><\/section><br \/>\n\n<style type=\"text\/css\" data-created_by=\"avia_inline_auto\" id=\"style-css-av-ls1mzqxw-2916bf9a5718573b0d82fbf6e9c0a633\">\n#top .av_textblock_section.av-ls1mzqxw-2916bf9a5718573b0d82fbf6e9c0a633 .avia_textblock{\ntext-align:center;\n}\n<\/style>\n<section  class='av_textblock_section av-ls1mzqxw-2916bf9a5718573b0d82fbf6e9c0a633 '   itemscope=\"itemscope\" itemtype=\"https:\/\/schema.org\/CreativeWork\" ><div class='avia_textblock'  itemprop=\"text\" ><p style=\"text-align: center;\">Danke f\u00fcr Ihre Nachricht. Wir werden Ihr Anliegen sobald wie m\u00f6glich bearbeiten!<\/p>\n<\/div><\/section><br \/>\n<div  class='avia-button-wrap av-ls1n4o9r-56c38bcefd47f9d8494ae61e05495b36-wrap avia-button-center  avia-builder-el-4  el_after_av_textblock  avia-builder-el-last '>\n<style type=\"text\/css\" data-created_by=\"avia_inline_auto\" id=\"style-css-av-ls1n4o9r-56c38bcefd47f9d8494ae61e05495b36\">\n#top #wrap_all .avia-button.av-ls1n4o9r-56c38bcefd47f9d8494ae61e05495b36{\nmargin:30px 0 0 0;\n}\n<\/style>\n<a href='https:\/\/www.geoclima.com\/de'  class='avia-button av-ls1n4o9r-56c38bcefd47f9d8494ae61e05495b36 av-link-btn avia-icon_select-no avia-size-large avia-position-center avia-color-theme-color'   aria-label=\"STARTSEITE\"><span class='avia_iconbox_title' >STARTSEITE<\/span><\/a><\/div><\/p><\/div>\n<style type=\"text\/css\" data-created_by=\"avia_inline_auto\" id=\"style-css-av-77eo-f30d3530aa65ddc8dd96374c02961ba9\">\n#top .hr.hr-invisible.av-77eo-f30d3530aa65ddc8dd96374c02961ba9{\nheight:50px;\n}\n<\/style>\n<div  class='hr av-77eo-f30d3530aa65ddc8dd96374c02961ba9 hr-invisible  avia-builder-el-5  el_after_av_one_full  avia-builder-el-last '><span class='hr-inner '><span class=\"hr-inner-style\"><\/span><\/span><\/div><\/p>\n","protected":false},"excerpt":{"rendered":"","protected":false},"author":1,"featured_media":0,"parent":0,"menu_order":0,"comment_status":"open","ping_status":"open","template":"","meta":{"footnotes":""},"class_list":["post-30398","page","type-page","status-publish","hentry"],"yoast_head":"<!-- This site is optimized with the Yoast SEO Premium plugin v27.4 (Yoast SEO v27.4) - https:\/\/yoast.com\/product\/yoast-seo-premium-wordpress\/ -->\n<title>Sendungsbest\u00e4tigung | Geoclima<\/title>\n<meta name=\"description\" content=\"Danke f\u00fcr Ihre Nachricht. Wir werden Ihr Anliegen sobald wie m\u00f6glich bearbeiten!\" \/>\n<meta name=\"robots\" content=\"index, follow, max-snippet:-1, max-image-preview:large, max-video-preview:-1\" \/>\n<link rel=\"canonical\" href=\"https:\/\/www.geoclima.com\/de\/sendungsbestaetigung\/\" \/>\n<meta property=\"og:locale\" content=\"de_DE\" \/>\n<meta property=\"og:type\" content=\"article\" \/>\n<meta property=\"og:title\" content=\"Sendungsbest\u00e4tigung\" \/>\n<meta property=\"og:description\" content=\"Danke f\u00fcr Ihre Nachricht. Wir werden Ihr Anliegen sobald wie m\u00f6glich bearbeiten!\" \/>\n<meta property=\"og:url\" content=\"https:\/\/www.geoclima.com\/de\/sendungsbestaetigung\/\" \/>\n<meta property=\"og:site_name\" content=\"Geoclima\" \/>\n<meta property=\"article:publisher\" content=\"https:\/\/www.facebook.com\/GeoclimaWorld\/\" \/>\n<meta property=\"article:modified_time\" content=\"2024-02-05T13:08:51+00:00\" \/>\n<meta name=\"twitter:label1\" content=\"Gesch\u00e4tzte Lesezeit\" \/>\n\t<meta name=\"twitter:data1\" content=\"1\u00a0Minute\" \/>\n<script type=\"application\/ld+json\" class=\"yoast-schema-graph\">{\"@context\":\"https:\\\/\\\/schema.org\",\"@graph\":[{\"@type\":\"WebPage\",\"@id\":\"https:\\\/\\\/www.geoclima.com\\\/de\\\/sendungsbestaetigung\\\/\",\"url\":\"https:\\\/\\\/www.geoclima.com\\\/de\\\/sendungsbestaetigung\\\/\",\"name\":\"Sendungsbest\u00e4tigung | Geoclima\",\"isPartOf\":{\"@id\":\"https:\\\/\\\/www.geoclima.com\\\/de\\\/#website\"},\"datePublished\":\"2024-01-31T10:21:20+00:00\",\"dateModified\":\"2024-02-05T13:08:51+00:00\",\"description\":\"Danke f\u00fcr Ihre Nachricht. Wir werden Ihr Anliegen sobald wie m\u00f6glich bearbeiten!\",\"breadcrumb\":{\"@id\":\"https:\\\/\\\/www.geoclima.com\\\/de\\\/sendungsbestaetigung\\\/#breadcrumb\"},\"inLanguage\":\"de\",\"potentialAction\":[{\"@type\":\"ReadAction\",\"target\":[\"https:\\\/\\\/www.geoclima.com\\\/de\\\/sendungsbestaetigung\\\/\"]}]},{\"@type\":\"BreadcrumbList\",\"@id\":\"https:\\\/\\\/www.geoclima.com\\\/de\\\/sendungsbestaetigung\\\/#breadcrumb\",\"itemListElement\":[{\"@type\":\"ListItem\",\"position\":1,\"name\":\"Home\",\"item\":\"https:\\\/\\\/www.geoclima.com\\\/de\\\/\"},{\"@type\":\"ListItem\",\"position\":2,\"name\":\"Sendungsbest\u00e4tigung\"}]},{\"@type\":\"WebSite\",\"@id\":\"https:\\\/\\\/www.geoclima.com\\\/de\\\/#website\",\"url\":\"https:\\\/\\\/www.geoclima.com\\\/de\\\/\",\"name\":\"Geoclima\",\"description\":\"Smart HVAC solutions\",\"publisher\":{\"@id\":\"https:\\\/\\\/www.geoclima.com\\\/de\\\/#organization\"},\"potentialAction\":[{\"@type\":\"SearchAction\",\"target\":{\"@type\":\"EntryPoint\",\"urlTemplate\":\"https:\\\/\\\/www.geoclima.com\\\/de\\\/?s={search_term_string}\"},\"query-input\":{\"@type\":\"PropertyValueSpecification\",\"valueRequired\":true,\"valueName\":\"search_term_string\"}}],\"inLanguage\":\"de\"},{\"@type\":\"Organization\",\"@id\":\"https:\\\/\\\/www.geoclima.com\\\/de\\\/#organization\",\"name\":\"Geoclima Srl\",\"url\":\"https:\\\/\\\/www.geoclima.com\\\/de\\\/\",\"logo\":{\"@type\":\"ImageObject\",\"inLanguage\":\"de\",\"@id\":\"https:\\\/\\\/www.geoclima.com\\\/de\\\/#\\\/schema\\\/logo\\\/image\\\/\",\"url\":\"https:\\\/\\\/www.geoclima.com\\\/wp-content\\\/uploads\\\/2014\\\/03\\\/logo-geo.png\",\"contentUrl\":\"https:\\\/\\\/www.geoclima.com\\\/wp-content\\\/uploads\\\/2014\\\/03\\\/logo-geo.png\",\"width\":280,\"height\":53,\"caption\":\"Geoclima Srl\"},\"image\":{\"@id\":\"https:\\\/\\\/www.geoclima.com\\\/de\\\/#\\\/schema\\\/logo\\\/image\\\/\"},\"sameAs\":[\"https:\\\/\\\/www.facebook.com\\\/GeoclimaWorld\\\/\",\"https:\\\/\\\/x.com\\\/GeoclimaWeb\",\"https:\\\/\\\/www.instagram.com\\\/geoclima\",\"https:\\\/\\\/www.linkedin.com\\\/company\\\/geoclima\",\"https:\\\/\\\/www.youtube.com\\\/user\\\/geoclimaweb\"]}]}<\/script>\n<!-- \/ Yoast SEO Premium plugin. -->","yoast_head_json":{"title":"Sendungsbest\u00e4tigung | Geoclima","description":"Danke f\u00fcr Ihre Nachricht. Wir werden Ihr Anliegen sobald wie m\u00f6glich bearbeiten!","robots":{"index":"index","follow":"follow","max-snippet":"max-snippet:-1","max-image-preview":"max-image-preview:large","max-video-preview":"max-video-preview:-1"},"canonical":"https:\/\/www.geoclima.com\/de\/sendungsbestaetigung\/","og_locale":"de_DE","og_type":"article","og_title":"Sendungsbest\u00e4tigung","og_description":"Danke f\u00fcr Ihre Nachricht. Wir werden Ihr Anliegen sobald wie m\u00f6glich bearbeiten!","og_url":"https:\/\/www.geoclima.com\/de\/sendungsbestaetigung\/","og_site_name":"Geoclima","article_publisher":"https:\/\/www.facebook.com\/GeoclimaWorld\/","article_modified_time":"2024-02-05T13:08:51+00:00","twitter_misc":{"Gesch\u00e4tzte Lesezeit":"1\u00a0Minute"},"schema":{"@context":"https:\/\/schema.org","@graph":[{"@type":"WebPage","@id":"https:\/\/www.geoclima.com\/de\/sendungsbestaetigung\/","url":"https:\/\/www.geoclima.com\/de\/sendungsbestaetigung\/","name":"Sendungsbest\u00e4tigung | Geoclima","isPartOf":{"@id":"https:\/\/www.geoclima.com\/de\/#website"},"datePublished":"2024-01-31T10:21:20+00:00","dateModified":"2024-02-05T13:08:51+00:00","description":"Danke f\u00fcr Ihre Nachricht. Wir werden Ihr Anliegen sobald wie m\u00f6glich bearbeiten!","breadcrumb":{"@id":"https:\/\/www.geoclima.com\/de\/sendungsbestaetigung\/#breadcrumb"},"inLanguage":"de","potentialAction":[{"@type":"ReadAction","target":["https:\/\/www.geoclima.com\/de\/sendungsbestaetigung\/"]}]},{"@type":"BreadcrumbList","@id":"https:\/\/www.geoclima.com\/de\/sendungsbestaetigung\/#breadcrumb","itemListElement":[{"@type":"ListItem","position":1,"name":"Home","item":"https:\/\/www.geoclima.com\/de\/"},{"@type":"ListItem","position":2,"name":"Sendungsbest\u00e4tigung"}]},{"@type":"WebSite","@id":"https:\/\/www.geoclima.com\/de\/#website","url":"https:\/\/www.geoclima.com\/de\/","name":"Geoclima","description":"Smart HVAC solutions","publisher":{"@id":"https:\/\/www.geoclima.com\/de\/#organization"},"potentialAction":[{"@type":"SearchAction","target":{"@type":"EntryPoint","urlTemplate":"https:\/\/www.geoclima.com\/de\/?s={search_term_string}"},"query-input":{"@type":"PropertyValueSpecification","valueRequired":true,"valueName":"search_term_string"}}],"inLanguage":"de"},{"@type":"Organization","@id":"https:\/\/www.geoclima.com\/de\/#organization","name":"Geoclima Srl","url":"https:\/\/www.geoclima.com\/de\/","logo":{"@type":"ImageObject","inLanguage":"de","@id":"https:\/\/www.geoclima.com\/de\/#\/schema\/logo\/image\/","url":"https:\/\/www.geoclima.com\/wp-content\/uploads\/2014\/03\/logo-geo.png","contentUrl":"https:\/\/www.geoclima.com\/wp-content\/uploads\/2014\/03\/logo-geo.png","width":280,"height":53,"caption":"Geoclima Srl"},"image":{"@id":"https:\/\/www.geoclima.com\/de\/#\/schema\/logo\/image\/"},"sameAs":["https:\/\/www.facebook.com\/GeoclimaWorld\/","https:\/\/x.com\/GeoclimaWeb","https:\/\/www.instagram.com\/geoclima","https:\/\/www.linkedin.com\/company\/geoclima","https:\/\/www.youtube.com\/user\/geoclimaweb"]}]}},"_links":{"self":[{"href":"https:\/\/www.geoclima.com\/de\/wp-json\/wp\/v2\/pages\/30398","targetHints":{"allow":["GET"]}}],"collection":[{"href":"https:\/\/www.geoclima.com\/de\/wp-json\/wp\/v2\/pages"}],"about":[{"href":"https:\/\/www.geoclima.com\/de\/wp-json\/wp\/v2\/types\/page"}],"author":[{"embeddable":true,"href":"https:\/\/www.geoclima.com\/de\/wp-json\/wp\/v2\/users\/1"}],"replies":[{"embeddable":true,"href":"https:\/\/www.geoclima.com\/de\/wp-json\/wp\/v2\/comments?post=30398"}],"version-history":[{"count":2,"href":"https:\/\/www.geoclima.com\/de\/wp-json\/wp\/v2\/pages\/30398\/revisions"}],"predecessor-version":[{"id":30400,"href":"https:\/\/www.geoclima.com\/de\/wp-json\/wp\/v2\/pages\/30398\/revisions\/30400"}],"wp:attachment":[{"href":"https:\/\/www.geoclima.com\/de\/wp-json\/wp\/v2\/media?parent=30398"}],"curies":[{"name":"wp","href":"https:\/\/api.w.org\/{rel}","templated":true}]}}