{"id":6841,"date":"2012-06-29T21:07:08","date_gmt":"2012-06-29T21:07:08","guid":{"rendered":"https:\/\/www.geoclima.com\/application-2\/"},"modified":"2021-05-14T17:10:48","modified_gmt":"2021-05-14T15:10:48","slug":"anwendungen","status":"publish","type":"page","link":"https:\/\/www.geoclima.com\/de\/anwendungen\/","title":{"rendered":"Anwendungen"},"content":{"rendered":"<div id='full_slider_1'  class='avia-fullwidth-slider main_color avia-shadow   avia-builder-el-0  el_before_av_heading  avia-builder-el-first   container_wrap sidebar_right'  ><div  class='avia-slideshow av-jx4iybco-ad92638105bc96a08ab366d8c8c3bd55 avia-slideshow-no scaling av_slideshow_full avia-slide-slider av-slideshow-ui av-control-hidden av-no-slider-navigation av-hide-nav-arrows av-slideshow-manual av-loop-once av-loop-manual-endless av-default-height-applied   avia-slideshow-1' data-slideshow-options=\"{&quot;animation&quot;:&quot;slide&quot;,&quot;autoplay&quot;:false,&quot;loop_autoplay&quot;:&quot;once&quot;,&quot;interval&quot;:5,&quot;loop_manual&quot;:&quot;manual-endless&quot;,&quot;autoplay_stopper&quot;:false,&quot;noNavigation&quot;:true,&quot;bg_slider&quot;:false,&quot;keep_padding&quot;:false,&quot;hoverpause&quot;:false,&quot;show_slide_delay&quot;:0}\"  itemprop=\"image\" itemscope=\"itemscope\" itemtype=\"https:\/\/schema.org\/ImageObject\" ><ul class='avia-slideshow-inner ' style='padding-bottom: 31.25%;'><li  class='avia-slideshow-slide av-jx4iybco-ad92638105bc96a08ab366d8c8c3bd55__0  av-single-slide slide-1 slide-odd'><div data-rel='slideshow-1' class='avia-slide-wrap '   ><img decoding=\"async\" fetchpriority=\"high\" class=\"wp-image-18265 avia-img-lazy-loading-not-18265\"  src=\"https:\/\/www.geoclima.com\/wp-content\/uploads\/2019\/06\/target.jpg\" width=\"1600\" height=\"500\" title='target' alt=''  itemprop=\"thumbnailUrl\" srcset=\"https:\/\/www.geoclima.com\/wp-content\/uploads\/2019\/06\/target.jpg 1600w, https:\/\/www.geoclima.com\/wp-content\/uploads\/2019\/06\/target-300x94.jpg 300w, https:\/\/www.geoclima.com\/wp-content\/uploads\/2019\/06\/target-768x240.jpg 768w, https:\/\/www.geoclima.com\/wp-content\/uploads\/2019\/06\/target-1030x322.jpg 1030w, https:\/\/www.geoclima.com\/wp-content\/uploads\/2019\/06\/target-1500x469.jpg 1500w, https:\/\/www.geoclima.com\/wp-content\/uploads\/2019\/06\/target-705x220.jpg 705w, https:\/\/www.geoclima.com\/wp-content\/uploads\/2019\/06\/target-450x141.jpg 450w\" sizes=\"(max-width: 1600px) 100vw, 1600px\" \/><\/div><\/li><\/ul><\/div><\/div><div id='after_full_slider_1'  class='main_color av_default_container_wrap container_wrap sidebar_right'  ><div class='container av-section-cont-open' ><div class='template-page content  av-content-small alpha units'><div class='post-entry post-entry-type-page post-entry-6841'><div class='entry-content-wrapper clearfix'>\n\n<style type=\"text\/css\" data-created_by=\"avia_inline_auto\" id=\"style-css-av-jxoi3fae-066bf55b87d72717b2064b43291578b3\">\n#top .av-special-heading.av-jxoi3fae-066bf55b87d72717b2064b43291578b3{\npadding-bottom:10px;\nfont-size:7vw;\n}\nbody .av-special-heading.av-jxoi3fae-066bf55b87d72717b2064b43291578b3 .av-special-heading-tag .heading-char{\nfont-size:25px;\n}\n#top #wrap_all .av-special-heading.av-jxoi3fae-066bf55b87d72717b2064b43291578b3 .av-special-heading-tag{\nfont-size:7vw;\n}\n.av-special-heading.av-jxoi3fae-066bf55b87d72717b2064b43291578b3 .av-subheading{\nfont-size:15px;\n}\n\n@media only screen and (min-width: 480px) and (max-width: 767px){ \n#top #wrap_all .av-special-heading.av-jxoi3fae-066bf55b87d72717b2064b43291578b3 .av-special-heading-tag{\nfont-size:0.8em;\n}\n}\n\n@media only screen and (max-width: 479px){ \n#top #wrap_all .av-special-heading.av-jxoi3fae-066bf55b87d72717b2064b43291578b3 .av-special-heading-tag{\nfont-size:0.8em;\n}\n}\n<\/style>\n<div  class='av-special-heading av-jxoi3fae-066bf55b87d72717b2064b43291578b3 av-special-heading-h1 blockquote modern-quote  avia-builder-el-1  el_after_av_slideshow_full  el_before_av_hr  avia-builder-el-first  av-inherit-size av-linked-heading'><h1 class='av-special-heading-tag '  itemprop=\"headline\"  >Unsere K\u00fchlsysteme bieten einen gro\u00dfen Bereich von L\u00f6sungen f\u00fcr jede Anwendung<\/h1><div class=\"special-heading-border\"><div class=\"special-heading-inner-border\"><\/div><\/div><\/div>\n\n<style type=\"text\/css\" data-created_by=\"avia_inline_auto\" id=\"style-css-av-6hu549-432572bd4b1592b96e0c8624495bf888\">\n#top .hr.hr-invisible.av-6hu549-432572bd4b1592b96e0c8624495bf888{\nheight:50px;\n}\n<\/style>\n<div  class='hr av-6hu549-432572bd4b1592b96e0c8624495bf888 hr-invisible  avia-builder-el-2  el_after_av_heading  el_before_av_one_full '><span class='hr-inner '><span class=\"hr-inner-style\"><\/span><\/span><\/div>\n<div  class='flex_column av-44jkzt-3fbfd97cc0da9bf34a5500c3beeb0a03 av_one_full  avia-builder-el-3  el_after_av_hr  avia-builder-el-last  first flex_column_div  '     ><div class='portfolio_preview_container ' data-portfolio-id='1'><div class='ajax_controlls iconfont'><a href='#prev' class='ajax_previous avia-svg-icon avia-font-svg_entypo-fontello' data-av_svg_icon='left-open-mini' data-av_iconset='svg_entypo-fontello'><svg version=\"1.1\" xmlns=\"http:\/\/www.w3.org\/2000\/svg\" width=\"8\" height=\"32\" viewBox=\"0 0 8 32\" preserveAspectRatio=\"xMidYMid meet\" role=\"graphics-symbol\" aria-hidden=\"true\">\n<path d=\"M8.064 21.44q0.832 0.832 0 1.536-0.832 0.832-1.536 0l-6.144-6.208q-0.768-0.768 0-1.6l6.144-6.208q0.704-0.832 1.536 0 0.832 0.704 0 1.536l-4.992 5.504z\"><\/path>\n<\/svg><\/a><a href='#next' class='ajax_next avia-svg-icon avia-font-svg_entypo-fontello' data-av_svg_icon='right-open-mini' data-av_iconset='svg_entypo-fontello'><svg version=\"1.1\" xmlns=\"http:\/\/www.w3.org\/2000\/svg\" width=\"8\" height=\"32\" viewBox=\"0 0 8 32\" preserveAspectRatio=\"xMidYMid meet\" role=\"graphics-symbol\" aria-hidden=\"true\">\n<path d=\"M0.416 21.44l5.056-5.44-5.056-5.504q-0.832-0.832 0-1.536 0.832-0.832 1.536 0l6.144 6.208q0.768 0.832 0 1.6l-6.144 6.208q-0.704 0.832-1.536 0-0.832-0.704 0-1.536z\"><\/path>\n<\/svg><\/a><a href='#close' class='avia_close avia-svg-icon avia-font-svg_entypo-fontello' data-av_svg_icon='cancel-circled' data-av_iconset='svg_entypo-fontello'><svg version=\"1.1\" xmlns=\"http:\/\/www.w3.org\/2000\/svg\" width=\"27\" height=\"32\" viewBox=\"0 0 27 32\" preserveAspectRatio=\"xMidYMid meet\" role=\"graphics-symbol\" aria-hidden=\"true\">\n<path d=\"M13.44 2.56q5.568 0 9.504 3.936t3.936 9.504-3.936 9.504-9.504 3.936-9.504-3.936-3.936-9.504 3.936-9.504 9.504-3.936zM16.192 16l4.928-4.928-2.752-2.752-4.928 4.864-4.864-4.864-2.816 2.752 4.928 4.928-4.928 4.864 2.816 2.752 4.864-4.864 4.928 4.864 2.752-2.752z\"><\/path>\n<\/svg><\/a><\/div><div class=\"portfolio-details-inner\"><\/div><\/div><div  id=\"av-sc-portfolio-1\"  class=' grid-sort-container isotope   no_margin-container with-title-container grid-total-even grid-col-4 grid-links-ajax' data-portfolio-id='1'><div data-ajax-id='6854' class=' grid-entry flex_column isotope-item all_sort no_margin post-entry post-entry-6854 grid-entry-overview grid-loop-1 grid-parity-odd  app-de_sort  av_one_fourth first default_av_fullwidth '><article class='main_color inner-entry'  itemscope=\"itemscope\" itemtype=\"https:\/\/schema.org\/CreativeWork\" ><a href=\"#\" title='Rechenzentren'  data-rel='grid-1' class='grid-image avia-hover-fx'> <img decoding=\"async\" fetchpriority=\"high\" width=\"260\" height=\"185\" src=\"https:\/\/www.geoclima.com\/wp-content\/uploads\/2013\/05\/datacenter-260x185.jpg\" class=\"wp-image-1810 avia-img-lazy-loading-not-1810 attachment-portfolio_small size-portfolio_small wp-post-image\" alt=\"data center\" \/><\/a><div class='grid-content'><div class='avia-arrow'><\/div><header class=\"entry-content-header\" aria-label=\"Portfolio: Rechenzentren\"><h3 class='grid-entry-title entry-title '  itemprop=\"headline\" >Rechenzentren<\/h3><\/header><\/div><footer class=\"entry-footer\"><\/footer><\/article><\/div><div data-ajax-id='6852' class=' grid-entry flex_column isotope-item all_sort no_margin post-entry post-entry-6852 grid-entry-overview grid-loop-2 grid-parity-even  app-de_sort  av_one_fourth  default_av_fullwidth '><article class='main_color inner-entry'  itemscope=\"itemscope\" itemtype=\"https:\/\/schema.org\/CreativeWork\" ><a href=\"#\" title='B\u00fcrogeb\u00e4ude'  data-rel='grid-1' class='grid-image avia-hover-fx'> <img decoding=\"async\" fetchpriority=\"high\" width=\"260\" height=\"185\" src=\"https:\/\/www.geoclima.com\/wp-content\/uploads\/2013\/05\/commercial-260x185.jpg\" class=\"wp-image-1807 avia-img-lazy-loading-not-1807 attachment-portfolio_small size-portfolio_small wp-post-image\" alt=\"commercial buildings\" \/><\/a><div class='grid-content'><div class='avia-arrow'><\/div><header class=\"entry-content-header\" aria-label=\"Portfolio: B\u00fcrogeb\u00e4ude\"><h3 class='grid-entry-title entry-title '  itemprop=\"headline\" >B\u00fcrogeb\u00e4ude<\/h3><\/header><\/div><footer class=\"entry-footer\"><\/footer><\/article><\/div><div data-ajax-id='8746' class=' grid-entry flex_column isotope-item all_sort no_margin post-entry post-entry-8746 grid-entry-overview grid-loop-3 grid-parity-odd  app-de_sort  av_one_fourth  default_av_fullwidth '><article class='main_color inner-entry'  itemscope=\"itemscope\" itemtype=\"https:\/\/schema.org\/CreativeWork\" ><a href=\"#\" title='Kraftwerke'  data-rel='grid-1' class='grid-image avia-hover-fx'> <img decoding=\"async\" fetchpriority=\"high\" width=\"260\" height=\"185\" src=\"https:\/\/www.geoclima.com\/wp-content\/uploads\/2013\/05\/powerstation-260x185.jpg\" class=\"wp-image-1805 avia-img-lazy-loading-not-1805 attachment-portfolio_small size-portfolio_small wp-post-image\" alt=\"power stations\" \/><\/a><div class='grid-content'><div class='avia-arrow'><\/div><header class=\"entry-content-header\" aria-label=\"Portfolio: Kraftwerke\"><h3 class='grid-entry-title entry-title '  itemprop=\"headline\" >Kraftwerke<\/h3><\/header><\/div><footer class=\"entry-footer\"><\/footer><\/article><\/div><div data-ajax-id='6850' class=' grid-entry flex_column isotope-item all_sort no_margin post-entry post-entry-6850 grid-entry-overview grid-loop-4 grid-parity-even  app-de_sort  av_one_fourth  default_av_fullwidth '><article class='main_color inner-entry'  itemscope=\"itemscope\" itemtype=\"https:\/\/schema.org\/CreativeWork\" ><a href=\"#\" title='Automobil Industrie'  data-rel='grid-1' class='grid-image avia-hover-fx'> <img decoding=\"async\" fetchpriority=\"high\" width=\"260\" height=\"185\" src=\"https:\/\/www.geoclima.com\/wp-content\/uploads\/2013\/05\/auto-260x185.jpg\" class=\"wp-image-1803 avia-img-lazy-loading-not-1803 attachment-portfolio_small size-portfolio_small wp-post-image\" alt=\"car manufacturing industry\" \/><\/a><div class='grid-content'><div class='avia-arrow'><\/div><header class=\"entry-content-header\" aria-label=\"Portfolio: Automobil Industrie\"><h3 class='grid-entry-title entry-title '  itemprop=\"headline\" >Automobil Industrie<\/h3><\/header><\/div><footer class=\"entry-footer\"><\/footer><\/article><\/div><div data-ajax-id='6848' class=' grid-entry flex_column isotope-item all_sort no_margin post-entry post-entry-6848 grid-entry-overview grid-loop-5 grid-parity-odd  app-de_sort  av_one_fourth first default_av_fullwidth '><article class='main_color inner-entry'  itemscope=\"itemscope\" itemtype=\"https:\/\/schema.org\/CreativeWork\" ><a href=\"#\" title='Nahrungsmittel und Getr\u00e4nke Industrie'  data-rel='grid-1' class='grid-image avia-hover-fx'> <img decoding=\"async\" fetchpriority=\"high\" width=\"260\" height=\"185\" src=\"https:\/\/www.geoclima.com\/wp-content\/uploads\/2013\/05\/Food-factory-260x185.jpeg\" class=\"wp-image-35923 avia-img-lazy-loading-not-35923 attachment-portfolio_small size-portfolio_small wp-post-image\" alt=\"frozen raspberry processing business\" \/><\/a><div class='grid-content'><div class='avia-arrow'><\/div><header class=\"entry-content-header\" aria-label=\"Portfolio: Nahrungsmittel und Getr\u00e4nke Industrie\"><h3 class='grid-entry-title entry-title '  itemprop=\"headline\" >Nahrungsmittel und Getr\u00e4nke Industrie<\/h3><\/header><\/div><footer class=\"entry-footer\"><\/footer><\/article><\/div><div data-ajax-id='6846' class=' grid-entry flex_column isotope-item all_sort no_margin post-entry post-entry-6846 grid-entry-overview grid-loop-6 grid-parity-even  app-de_sort  av_one_fourth  default_av_fullwidth '><article class='main_color inner-entry'  itemscope=\"itemscope\" itemtype=\"https:\/\/schema.org\/CreativeWork\" ><a href=\"#\" title='Pharmazeutische und Chemische Industrie'  data-rel='grid-1' class='grid-image avia-hover-fx'> <img decoding=\"async\" fetchpriority=\"high\" width=\"260\" height=\"185\" src=\"https:\/\/www.geoclima.com\/wp-content\/uploads\/2013\/05\/chimica-260x185.jpg\" class=\"wp-image-1797 avia-img-lazy-loading-not-1797 attachment-portfolio_small size-portfolio_small wp-post-image\" alt=\"pharmaceutical industry\" \/><\/a><div class='grid-content'><div class='avia-arrow'><\/div><header class=\"entry-content-header\" aria-label=\"Portfolio: Pharmazeutische und Chemische Industrie\"><h3 class='grid-entry-title entry-title '  itemprop=\"headline\" >Pharmazeutische und Chemische Industrie<\/h3><\/header><\/div><footer class=\"entry-footer\"><\/footer><\/article><\/div><div data-ajax-id='6844' class=' grid-entry flex_column isotope-item all_sort no_margin post-entry post-entry-6844 grid-entry-overview grid-loop-7 grid-parity-odd  app-de_sort  av_one_fourth  default_av_fullwidth '><article class='main_color inner-entry'  itemscope=\"itemscope\" itemtype=\"https:\/\/schema.org\/CreativeWork\" ><a href=\"#\" title='Kunststoff Industrie'  data-rel='grid-1' class='grid-image avia-hover-fx'> <img decoding=\"async\" fetchpriority=\"high\" width=\"247\" height=\"185\" src=\"https:\/\/www.geoclima.com\/wp-content\/uploads\/2013\/05\/plastica.jpg\" class=\"wp-image-1794 avia-img-lazy-loading-not-1794 attachment-portfolio_small size-portfolio_small wp-post-image\" alt=\"industria plastica\" \/><\/a><div class='grid-content'><div class='avia-arrow'><\/div><header class=\"entry-content-header\" aria-label=\"Portfolio: Kunststoff Industrie\"><h3 class='grid-entry-title entry-title '  itemprop=\"headline\" >Kunststoff Industrie<\/h3><\/header><\/div><footer class=\"entry-footer\"><\/footer><\/article><\/div><div data-ajax-id='6842' class=' grid-entry flex_column isotope-item all_sort no_margin post-entry post-entry-6842 grid-entry-overview grid-loop-8 grid-parity-even  post-entry-last  app-de_sort  av_one_fourth  default_av_fullwidth '><article class='main_color inner-entry'  itemscope=\"itemscope\" itemtype=\"https:\/\/schema.org\/CreativeWork\" ><a href=\"#\" title='Krankenh\u00e4user'  data-rel='grid-1' class='grid-image avia-hover-fx'> <img decoding=\"async\" fetchpriority=\"high\" width=\"247\" height=\"185\" src=\"https:\/\/www.geoclima.com\/wp-content\/uploads\/2013\/05\/ospedale.jpg\" class=\"wp-image-1766 avia-img-lazy-loading-not-1766 attachment-portfolio_small size-portfolio_small wp-post-image\" alt=\"hospital\" \/><\/a><div class='grid-content'><div class='avia-arrow'><\/div><header class=\"entry-content-header\" aria-label=\"Portfolio: Krankenh\u00e4user\"><h3 class='grid-entry-title entry-title '  itemprop=\"headline\" >Krankenh\u00e4user<\/h3><\/header><\/div><footer class=\"entry-footer\"><\/footer><\/article><\/div><\/div><\/div>\n","protected":false},"excerpt":{"rendered":"","protected":false},"author":1,"featured_media":0,"parent":0,"menu_order":0,"comment_status":"open","ping_status":"open","template":"","meta":{"footnotes":""},"class_list":["post-6841","page","type-page","status-publish","hentry"],"yoast_head":"<!-- This site is optimized with the Yoast SEO Premium plugin v27.4 (Yoast SEO v27.4) - https:\/\/yoast.com\/product\/yoast-seo-premium-wordpress\/ -->\n<title>Anwendungen | Geoclima<\/title>\n<meta name=\"description\" content=\"Ein gro\u00dfer Bereich von L\u00f6sungen f\u00fcr jede Anwendung\" \/>\n<meta name=\"robots\" content=\"index, follow, max-snippet:-1, max-image-preview:large, max-video-preview:-1\" \/>\n<link rel=\"canonical\" href=\"https:\/\/www.geoclima.com\/de\/anwendungen\/\" \/>\n<meta property=\"og:locale\" content=\"de_DE\" \/>\n<meta property=\"og:type\" content=\"article\" \/>\n<meta property=\"og:title\" content=\"Anwendungen\" \/>\n<meta property=\"og:description\" content=\"Ein gro\u00dfer Bereich von L\u00f6sungen f\u00fcr jede Anwendung\" \/>\n<meta property=\"og:url\" content=\"https:\/\/www.geoclima.com\/de\/anwendungen\/\" \/>\n<meta property=\"og:site_name\" content=\"Geoclima\" \/>\n<meta property=\"article:publisher\" content=\"https:\/\/www.facebook.com\/GeoclimaWorld\/\" \/>\n<meta property=\"article:modified_time\" content=\"2021-05-14T15:10:48+00:00\" \/>\n<meta name=\"twitter:label1\" content=\"Gesch\u00e4tzte Lesezeit\" \/>\n\t<meta name=\"twitter:data1\" content=\"2\u00a0Minuten\" \/>\n<script type=\"application\/ld+json\" class=\"yoast-schema-graph\">{\"@context\":\"https:\\\/\\\/schema.org\",\"@graph\":[{\"@type\":\"WebPage\",\"@id\":\"https:\\\/\\\/www.geoclima.com\\\/de\\\/anwendungen\\\/\",\"url\":\"https:\\\/\\\/www.geoclima.com\\\/de\\\/anwendungen\\\/\",\"name\":\"Anwendungen | Geoclima\",\"isPartOf\":{\"@id\":\"https:\\\/\\\/www.geoclima.com\\\/de\\\/#website\"},\"datePublished\":\"2012-06-29T21:07:08+00:00\",\"dateModified\":\"2021-05-14T15:10:48+00:00\",\"description\":\"Ein gro\u00dfer Bereich von L\u00f6sungen f\u00fcr jede Anwendung\",\"breadcrumb\":{\"@id\":\"https:\\\/\\\/www.geoclima.com\\\/de\\\/anwendungen\\\/#breadcrumb\"},\"inLanguage\":\"de\",\"potentialAction\":[{\"@type\":\"ReadAction\",\"target\":[\"https:\\\/\\\/www.geoclima.com\\\/de\\\/anwendungen\\\/\"]}]},{\"@type\":\"BreadcrumbList\",\"@id\":\"https:\\\/\\\/www.geoclima.com\\\/de\\\/anwendungen\\\/#breadcrumb\",\"itemListElement\":[{\"@type\":\"ListItem\",\"position\":1,\"name\":\"Home\",\"item\":\"https:\\\/\\\/www.geoclima.com\\\/de\\\/\"},{\"@type\":\"ListItem\",\"position\":2,\"name\":\"Anwendungen\"}]},{\"@type\":\"WebSite\",\"@id\":\"https:\\\/\\\/www.geoclima.com\\\/de\\\/#website\",\"url\":\"https:\\\/\\\/www.geoclima.com\\\/de\\\/\",\"name\":\"Geoclima\",\"description\":\"Smart HVAC solutions\",\"publisher\":{\"@id\":\"https:\\\/\\\/www.geoclima.com\\\/de\\\/#organization\"},\"potentialAction\":[{\"@type\":\"SearchAction\",\"target\":{\"@type\":\"EntryPoint\",\"urlTemplate\":\"https:\\\/\\\/www.geoclima.com\\\/de\\\/?s={search_term_string}\"},\"query-input\":{\"@type\":\"PropertyValueSpecification\",\"valueRequired\":true,\"valueName\":\"search_term_string\"}}],\"inLanguage\":\"de\"},{\"@type\":\"Organization\",\"@id\":\"https:\\\/\\\/www.geoclima.com\\\/de\\\/#organization\",\"name\":\"Geoclima Srl\",\"url\":\"https:\\\/\\\/www.geoclima.com\\\/de\\\/\",\"logo\":{\"@type\":\"ImageObject\",\"inLanguage\":\"de\",\"@id\":\"https:\\\/\\\/www.geoclima.com\\\/de\\\/#\\\/schema\\\/logo\\\/image\\\/\",\"url\":\"https:\\\/\\\/www.geoclima.com\\\/wp-content\\\/uploads\\\/2014\\\/03\\\/logo-geo.png\",\"contentUrl\":\"https:\\\/\\\/www.geoclima.com\\\/wp-content\\\/uploads\\\/2014\\\/03\\\/logo-geo.png\",\"width\":280,\"height\":53,\"caption\":\"Geoclima Srl\"},\"image\":{\"@id\":\"https:\\\/\\\/www.geoclima.com\\\/de\\\/#\\\/schema\\\/logo\\\/image\\\/\"},\"sameAs\":[\"https:\\\/\\\/www.facebook.com\\\/GeoclimaWorld\\\/\",\"https:\\\/\\\/x.com\\\/GeoclimaWeb\",\"https:\\\/\\\/www.instagram.com\\\/geoclima\",\"https:\\\/\\\/www.linkedin.com\\\/company\\\/geoclima\",\"https:\\\/\\\/www.youtube.com\\\/user\\\/geoclimaweb\"]}]}<\/script>\n<!-- \/ Yoast SEO Premium plugin. -->","yoast_head_json":{"title":"Anwendungen | Geoclima","description":"Ein gro\u00dfer Bereich von L\u00f6sungen f\u00fcr jede Anwendung","robots":{"index":"index","follow":"follow","max-snippet":"max-snippet:-1","max-image-preview":"max-image-preview:large","max-video-preview":"max-video-preview:-1"},"canonical":"https:\/\/www.geoclima.com\/de\/anwendungen\/","og_locale":"de_DE","og_type":"article","og_title":"Anwendungen","og_description":"Ein gro\u00dfer Bereich von L\u00f6sungen f\u00fcr jede Anwendung","og_url":"https:\/\/www.geoclima.com\/de\/anwendungen\/","og_site_name":"Geoclima","article_publisher":"https:\/\/www.facebook.com\/GeoclimaWorld\/","article_modified_time":"2021-05-14T15:10:48+00:00","twitter_misc":{"Gesch\u00e4tzte Lesezeit":"2\u00a0Minuten"},"schema":{"@context":"https:\/\/schema.org","@graph":[{"@type":"WebPage","@id":"https:\/\/www.geoclima.com\/de\/anwendungen\/","url":"https:\/\/www.geoclima.com\/de\/anwendungen\/","name":"Anwendungen | Geoclima","isPartOf":{"@id":"https:\/\/www.geoclima.com\/de\/#website"},"datePublished":"2012-06-29T21:07:08+00:00","dateModified":"2021-05-14T15:10:48+00:00","description":"Ein gro\u00dfer Bereich von L\u00f6sungen f\u00fcr jede Anwendung","breadcrumb":{"@id":"https:\/\/www.geoclima.com\/de\/anwendungen\/#breadcrumb"},"inLanguage":"de","potentialAction":[{"@type":"ReadAction","target":["https:\/\/www.geoclima.com\/de\/anwendungen\/"]}]},{"@type":"BreadcrumbList","@id":"https:\/\/www.geoclima.com\/de\/anwendungen\/#breadcrumb","itemListElement":[{"@type":"ListItem","position":1,"name":"Home","item":"https:\/\/www.geoclima.com\/de\/"},{"@type":"ListItem","position":2,"name":"Anwendungen"}]},{"@type":"WebSite","@id":"https:\/\/www.geoclima.com\/de\/#website","url":"https:\/\/www.geoclima.com\/de\/","name":"Geoclima","description":"Smart HVAC solutions","publisher":{"@id":"https:\/\/www.geoclima.com\/de\/#organization"},"potentialAction":[{"@type":"SearchAction","target":{"@type":"EntryPoint","urlTemplate":"https:\/\/www.geoclima.com\/de\/?s={search_term_string}"},"query-input":{"@type":"PropertyValueSpecification","valueRequired":true,"valueName":"search_term_string"}}],"inLanguage":"de"},{"@type":"Organization","@id":"https:\/\/www.geoclima.com\/de\/#organization","name":"Geoclima Srl","url":"https:\/\/www.geoclima.com\/de\/","logo":{"@type":"ImageObject","inLanguage":"de","@id":"https:\/\/www.geoclima.com\/de\/#\/schema\/logo\/image\/","url":"https:\/\/www.geoclima.com\/wp-content\/uploads\/2014\/03\/logo-geo.png","contentUrl":"https:\/\/www.geoclima.com\/wp-content\/uploads\/2014\/03\/logo-geo.png","width":280,"height":53,"caption":"Geoclima Srl"},"image":{"@id":"https:\/\/www.geoclima.com\/de\/#\/schema\/logo\/image\/"},"sameAs":["https:\/\/www.facebook.com\/GeoclimaWorld\/","https:\/\/x.com\/GeoclimaWeb","https:\/\/www.instagram.com\/geoclima","https:\/\/www.linkedin.com\/company\/geoclima","https:\/\/www.youtube.com\/user\/geoclimaweb"]}]}},"_links":{"self":[{"href":"https:\/\/www.geoclima.com\/de\/wp-json\/wp\/v2\/pages\/6841","targetHints":{"allow":["GET"]}}],"collection":[{"href":"https:\/\/www.geoclima.com\/de\/wp-json\/wp\/v2\/pages"}],"about":[{"href":"https:\/\/www.geoclima.com\/de\/wp-json\/wp\/v2\/types\/page"}],"author":[{"embeddable":true,"href":"https:\/\/www.geoclima.com\/de\/wp-json\/wp\/v2\/users\/1"}],"replies":[{"embeddable":true,"href":"https:\/\/www.geoclima.com\/de\/wp-json\/wp\/v2\/comments?post=6841"}],"version-history":[{"count":9,"href":"https:\/\/www.geoclima.com\/de\/wp-json\/wp\/v2\/pages\/6841\/revisions"}],"predecessor-version":[{"id":23689,"href":"https:\/\/www.geoclima.com\/de\/wp-json\/wp\/v2\/pages\/6841\/revisions\/23689"}],"wp:attachment":[{"href":"https:\/\/www.geoclima.com\/de\/wp-json\/wp\/v2\/media?parent=6841"}],"curies":[{"name":"wp","href":"https:\/\/api.w.org\/{rel}","templated":true}]}}