{"id":8171,"date":"2013-10-08T09:03:42","date_gmt":"2013-10-08T07:03:42","guid":{"rendered":"https:\/\/www.geoclima.com\/method-2\/"},"modified":"2021-05-14T15:46:20","modified_gmt":"2021-05-14T13:46:20","slug":"methode","status":"publish","type":"page","link":"https:\/\/www.geoclima.com\/de\/methode\/","title":{"rendered":"\u041cethode"},"content":{"rendered":"<div id='full_slider_1'  class='avia-fullwidth-slider main_color avia-shadow   avia-builder-el-0  el_before_av_submenu  avia-builder-el-first   container_wrap sidebar_right'  ><div  class='avia-slideshow av-jx5val2g-f73d347febc770814f9e4eb7e22aa7e0 avia-slideshow-no scaling av_slideshow_full avia-slide-slider av-slideshow-ui av-control-hidden av-no-slider-navigation av-hide-nav-arrows av-slideshow-manual av-loop-once av-loop-manual-endless av-default-height-applied   avia-slideshow-1' data-slideshow-options=\"{&quot;animation&quot;:&quot;slide&quot;,&quot;autoplay&quot;:false,&quot;loop_autoplay&quot;:&quot;once&quot;,&quot;interval&quot;:5,&quot;loop_manual&quot;:&quot;manual-endless&quot;,&quot;autoplay_stopper&quot;:false,&quot;noNavigation&quot;:true,&quot;bg_slider&quot;:false,&quot;keep_padding&quot;:false,&quot;hoverpause&quot;:false,&quot;show_slide_delay&quot;:0}\"  itemprop=\"image\" itemscope=\"itemscope\" itemtype=\"https:\/\/schema.org\/ImageObject\" ><ul class='avia-slideshow-inner ' style='padding-bottom: 31.25%;'><li  class='avia-slideshow-slide av-jx5val2g-f73d347febc770814f9e4eb7e22aa7e0__0  av-single-slide slide-1 slide-odd'><div data-rel='slideshow-1' class='avia-slide-wrap '   ><img decoding=\"async\" fetchpriority=\"high\" class=\"wp-image-18383 avia-img-lazy-loading-not-18383\"  src=\"https:\/\/www.geoclima.com\/wp-content\/uploads\/2019\/06\/bridge.jpg\" width=\"1600\" height=\"500\" title='bridge' alt=''  itemprop=\"thumbnailUrl\" srcset=\"https:\/\/www.geoclima.com\/wp-content\/uploads\/2019\/06\/bridge.jpg 1600w, https:\/\/www.geoclima.com\/wp-content\/uploads\/2019\/06\/bridge-300x94.jpg 300w, https:\/\/www.geoclima.com\/wp-content\/uploads\/2019\/06\/bridge-768x240.jpg 768w, https:\/\/www.geoclima.com\/wp-content\/uploads\/2019\/06\/bridge-1030x322.jpg 1030w, https:\/\/www.geoclima.com\/wp-content\/uploads\/2019\/06\/bridge-1500x469.jpg 1500w, https:\/\/www.geoclima.com\/wp-content\/uploads\/2019\/06\/bridge-705x220.jpg 705w, https:\/\/www.geoclima.com\/wp-content\/uploads\/2019\/06\/bridge-450x141.jpg 450w\" sizes=\"(max-width: 1600px) 100vw, 1600px\" \/><\/div><\/li><\/ul><\/div><\/div>\n<div class='clear'><\/div><div id='sub_menu1'  class='av-submenu-container av-jx5vax0v-70ec6237ed6d3de0a7c7cacde3bc354f main_color av-switch-990  avia-builder-el-1  el_after_av_slideshow_full  el_before_av_layout_row  av-sticky-submenu submenu-not-first container_wrap sidebar_right' style='z-index:301' ><div class='container av-menu-mobile-active av-submenu-pos-center'><a href=\"#\" class=\"mobile_menu_toggle\"><span class='avia-svg-icon avia-font-svg_entypo-fontello' data-av_svg_icon='list' data-av_iconset='svg_entypo-fontello'><svg version=\"1.1\" xmlns=\"http:\/\/www.w3.org\/2000\/svg\" width=\"22\" height=\"32\" viewBox=\"0 0 22 32\" preserveAspectRatio=\"xMidYMid meet\" aria-labelledby='av-svg-title-1' aria-describedby='av-svg-desc-1' role=\"graphics-symbol\" aria-hidden=\"true\">\n<title id='av-svg-title-1'>List<\/title>\n<desc id='av-svg-desc-1'>List<\/desc>\n<path d=\"M3.2 20.8q0.64 0 1.12 0.48t0.48 1.12-0.48 1.12-1.12 0.48h-1.6q-0.64 0-1.12-0.48t-0.48-1.12 0.448-1.12 1.152-0.48h1.6zM3.2 14.4q0.64 0 1.12 0.48t0.48 1.12-0.48 1.12-1.12 0.48h-1.6q-0.64 0-1.12-0.48t-0.48-1.12 0.448-1.12 1.152-0.48h1.6zM3.2 8q0.64 0 1.12 0.48t0.48 1.12-0.48 1.12-1.12 0.48h-1.6q-0.64 0-1.12-0.48t-0.48-1.12 0.448-1.12 1.152-0.48h1.6zM9.6 11.2q-0.64 0-1.12-0.48t-0.48-1.12 0.48-1.12 1.12-0.48h11.2q0.704 0 1.152 0.48t0.448 1.12-0.48 1.12-1.12 0.48h-11.2zM20.8 14.4q0.704 0 1.152 0.48t0.448 1.12-0.48 1.12-1.12 0.48h-11.2q-0.64 0-1.12-0.48t-0.48-1.12 0.48-1.12 1.12-0.48h11.2zM20.8 20.8q0.704 0 1.152 0.48t0.448 1.12-0.48 1.12-1.12 0.48h-11.2q-0.64 0-1.12-0.48t-0.48-1.12 0.48-1.12 1.12-0.48h11.2z\"><\/path>\n<\/svg><\/span><span class=\"av-current-placeholder\">Men\u00fc<\/span><\/a><ul id=\"menu-company-de\" class=\"av-subnav-menu\" role=\"menu\"><li role=\"menuitem\" id=\"menu-item-20257\" class=\"menu-item menu-item-type-post_type menu-item-object-page menu-item-top-level menu-item-top-level-1\"><a href=\"https:\/\/www.geoclima.com\/de\/uber-uns\/\" itemprop=\"url\" tabindex=\"0\"><span class=\"avia-bullet\"><\/span><span class=\"avia-menu-text\">\u00dcber uns<\/span><span class=\"avia-menu-fx\"><span class=\"avia-arrow-wrap\"><span class=\"avia-arrow\"><\/span><\/span><\/span><\/a><\/li>\n<li role=\"menuitem\" id=\"menu-item-20258\" class=\"menu-item menu-item-type-post_type menu-item-object-page menu-item-top-level menu-item-top-level-2\"><a href=\"https:\/\/www.geoclima.com\/de\/gruppe\/\" itemprop=\"url\" tabindex=\"0\"><span class=\"avia-bullet\"><\/span><span class=\"avia-menu-text\">Gruppe<\/span><span class=\"avia-menu-fx\"><span class=\"avia-arrow-wrap\"><span class=\"avia-arrow\"><\/span><\/span><\/span><\/a><\/li>\n<li role=\"menuitem\" id=\"menu-item-20259\" class=\"menu-item menu-item-type-post_type menu-item-object-page menu-item-top-level menu-item-top-level-3\"><a href=\"https:\/\/www.geoclima.com\/de\/netzwerk\/\" itemprop=\"url\" tabindex=\"0\"><span class=\"avia-bullet\"><\/span><span class=\"avia-menu-text\">Netzwerk<\/span><span class=\"avia-menu-fx\"><span class=\"avia-arrow-wrap\"><span class=\"avia-arrow\"><\/span><\/span><\/span><\/a><\/li>\n<li role=\"menuitem\" id=\"menu-item-20260\" class=\"menu-item menu-item-type-post_type menu-item-object-page menu-item-top-level menu-item-top-level-4\"><a href=\"https:\/\/www.geoclima.com\/de\/vision\/\" itemprop=\"url\" tabindex=\"0\"><span class=\"avia-bullet\"><\/span><span class=\"avia-menu-text\">Vision<\/span><span class=\"avia-menu-fx\"><span class=\"avia-arrow-wrap\"><span class=\"avia-arrow\"><\/span><\/span><\/span><\/a><\/li>\n<li role=\"menuitem\" id=\"menu-item-20261\" class=\"menu-item menu-item-type-post_type menu-item-object-page menu-item-top-level menu-item-top-level-5\"><a href=\"https:\/\/www.geoclima.com\/de\/methode\/\" itemprop=\"url\" tabindex=\"0\"><span class=\"avia-bullet\"><\/span><span class=\"avia-menu-text\">\u041cethode<\/span><span class=\"avia-menu-fx\"><span class=\"avia-arrow-wrap\"><span class=\"avia-arrow\"><\/span><\/span><\/span><\/a><\/li>\n<li role=\"menuitem\" id=\"menu-item-20276\" class=\"menu-item menu-item-type-post_type menu-item-object-page menu-item-top-level menu-item-top-level-6\"><a href=\"https:\/\/www.geoclima.com\/de\/zertifizierung\/\" itemprop=\"url\" tabindex=\"0\"><span class=\"avia-bullet\"><\/span><span class=\"avia-menu-text\">Zertifizierung<\/span><span class=\"avia-menu-fx\"><span class=\"avia-arrow-wrap\"><span class=\"avia-arrow\"><\/span><\/span><\/span><\/a><\/li>\n<li role=\"menuitem\" id=\"menu-item-20277\" class=\"menu-item menu-item-type-post_type menu-item-object-page menu-item-top-level menu-item-top-level-7\"><a href=\"https:\/\/www.geoclima.com\/de\/test-zentrum\/\" itemprop=\"url\" tabindex=\"0\"><span class=\"avia-bullet\"><\/span><span class=\"avia-menu-text\">Test Zentrum<\/span><span class=\"avia-menu-fx\"><span class=\"avia-arrow-wrap\"><span class=\"avia-arrow\"><\/span><\/span><\/span><\/a><\/li>\n<\/ul><\/div><\/div><div class='sticky_placeholder'><\/div>\n<div id='av-layout-grid-1'  class='av-layout-grid-container av-jx5xsy4m-2fe2e72fe7cf04155a0c6e5e32800598 entry-content-wrapper main_color av-flex-cells  avia-builder-el-2  el_after_av_submenu  avia-builder-el-last  grid-row-not-first  container_wrap sidebar_right'  >\n\n<style type=\"text\/css\" data-created_by=\"avia_inline_auto\" id=\"style-css-av-5qmnsr-2e21e1ded3ef5c45e36bbcf78644551e\">\n.flex_cell.av-5qmnsr-2e21e1ded3ef5c45e36bbcf78644551e{\nvertical-align:top;\n}\n.responsive #top #wrap_all .flex_cell.av-5qmnsr-2e21e1ded3ef5c45e36bbcf78644551e{\npadding:40px 80px 20px 80px !important;\n}\n<\/style>\n<div class='flex_cell av-5qmnsr-2e21e1ded3ef5c45e36bbcf78644551e av-gridrow-cell av_one_half no_margin  avia-builder-el-3  el_before_av_cell_one_half  avia-builder-el-first  content-align-top'  ><div class='flex_cell_inner'><p>\n<style type=\"text\/css\" data-created_by=\"avia_inline_auto\" id=\"style-css-av-4svt8b-cf13e45854a929b2f36865b051d72e2d\">\n#top .av-special-heading.av-4svt8b-cf13e45854a929b2f36865b051d72e2d{\npadding-bottom:10px;\n}\nbody .av-special-heading.av-4svt8b-cf13e45854a929b2f36865b051d72e2d .av-special-heading-tag .heading-char{\nfont-size:25px;\n}\n.av-special-heading.av-4svt8b-cf13e45854a929b2f36865b051d72e2d .av-subheading{\nfont-size:15px;\n}\n\n@media only screen and (max-width: 479px){ \n#top #wrap_all .av-special-heading.av-4svt8b-cf13e45854a929b2f36865b051d72e2d .av-special-heading-tag{\nfont-size:25px;\n}\n}\n<\/style>\n<div  class='av-special-heading av-4svt8b-cf13e45854a929b2f36865b051d72e2d av-special-heading-h2 blockquote modern-quote  avia-builder-el-4  el_before_av_textblock  avia-builder-el-first  av-linked-heading'><h2 class='av-special-heading-tag '  itemprop=\"headline\"  >Wir konstruieren mit unseren Kunden die bestgeigneten L\u00f6sungen f\u00fcr jede Art von Anwendungen<\/h2><div class=\"special-heading-border\"><div class=\"special-heading-inner-border\"><\/div><\/div><\/div><br \/>\n<section  class='av_textblock_section av-2nw1a3-e3f1093d6764c221ac76c36ea6ac4181 '   itemscope=\"itemscope\" itemtype=\"https:\/\/schema.org\/CreativeWork\" ><div class='avia_textblock'  itemprop=\"text\" ><p>Unsere Methode basiert auf den Serviceleistungen die wir unseren Kunden bieten k\u00f6nnen, beginnend mit einem konstruktiven Gespr\u00e4ch w\u00e4hrend der Konstruktionsphase. Diese Zuh\u00f6r- und Dialogphase ist unbedingt notwendig, da es uns bef\u00e4higt die am <strong>besten geeignete L\u00f6sung f\u00fcr jede Art von Anwendungen zu identifizieren und anzubieten<\/strong>. Das ist m\u00f6glich dank der <strong>Kundenanpassung<\/strong>, von unseren Produkten gem\u00e4\u00df den speziellen Kundenbedingungen, ohne dabei grundlegende bedeutende Elemente auszuschlie\u00dfen, solche wie Qualit\u00e4t und Zuverl\u00e4ssigkeit.<\/p>\n<p>Alle Phasen der Thermodynamik, mechanische und elektrotechnische Ausf\u00fchrungen werden innerhalb der Firma, mit Unterst\u00fctzung der fortschrittlichen IT Systeme, entwickelt. Dank dieser Kundenann\u00e4herung ist es m\u00f6glich, unsere Flexibilit\u00e4t und Bearbeitung von verschiedenen Problemen, durch schnelle passende Entscheidungen, zu verbessern und sofortige geeignete Ma\u00dfnahmen f\u00fcr jede Art von W\u00fcnschen, zu ergreifen.<\/p>\n<p>Einer davon ist die Entwicklung von <a title=\"Modular units\" href=\"https:\/\/www.geoclima.com\/de\/modular-geraten\/\" target=\"_blank\" rel=\"noopener\">Modul Ger\u00e4ten<\/a>. Diese L\u00f6sungen sind besonders hilfreich und sogar fundamental, f\u00fcr Innenaufstellungen, welche nicht nur die gew\u00f6hnliche Probleme und Installationsseite f\u00fcr die Ger\u00e4te ber\u00fccksichtigen, sondern auch M\u00f6glichkeiten f\u00fcr den Transport der Ger\u00e4te innerhalb des \u00f6rtlichen Geb\u00e4udes: T\u00fcren , G\u00e4nge, Aufz\u00fcge etc. Geoclima ist schon seit langer Zeit f\u00fcr derartige L\u00f6sungen angesprochen worden, bei Ger\u00e4ten die komplett montiert geliefert wurden dann zerlegt und wieder vor Ort zusammengebaut wurden. Diese Konstruktion garantiert eine <strong>geeignete und effiziente L\u00f6sung<\/strong>, die die gleichen Techniken und Leistungen wie bei nicht modularen Ger\u00e4ten zusichert.<\/p>\n<p>Unsere Struktur ist so ausgerichtet, dass die <strong>Projekte auch w\u00e4hrend der abgeschlossenen Verkaufsphase \u00fcberblickt werden<\/strong>, umgehend eine L\u00f6sung f\u00fcr jedes Problem abgewickelt wird, durch das Datensystem nach dem Verkauf oder es wird ein qualifizierter Techniker von der Hauptzentrale oder einem autorisierten Servicezentrum entsandt. Das Ergebnis wird dargestellt durch Erlangen <strong>des besten Preises \/ Qualit\u00e4tsverh\u00e4ltnis auf dem Markt<\/strong>.<\/p>\n<p>Alle Maschinentypen k\u00f6nnen auch in nicht Standard Version gebaut werden, dank der <strong>Flexibilit\u00e4t unseres Produktionssystems<\/strong>.<\/p>\n<p>Wir sind in der Lage zu liefern:<\/p>\n<ul>\n<li>Sonderabmessungen<\/li>\n<li>leise und sehr leise Schallwerte<\/li>\n<li>EEX Ausf\u00fchrung f\u00fcr Einsatz bei hohem Explosionsrisiko<\/li>\n<li>niedrige Mediumtemperaturen-Wasser\/Glykolgemisch bis &#8211; 3 \u00b0C<\/li>\n<li>alternative Spannungen und Frequenzen (z. B. 380V\/60 Hz)<\/li>\n<li>Rahmen und Paneelen aus speziellem Material<\/li>\n<li>Winterbetrieb bei Klimabedingungen bis zu -40 \u00b0C<\/li>\n<li>Sommerbetrieb f\u00fcr Klimabedingungen bis zu +60 \u00b0C<\/li>\n<li>Hydraulikteil inkl. Pumpen, Puffer und Expansionsgef\u00e4\u00df<\/li>\n<li>spezielle Ausf\u00fchrung f\u00fcr Industrie und Prozessanwendungen<\/li>\n<li>spezielle Konstruktion bei Einsatz f\u00fcr Schiffe und U- Boote<\/li>\n<\/ul>\n<p><!--:--><\/p>\n<\/div><\/section><\/p>\n<\/div><\/div>\n<style type=\"text\/css\" data-created_by=\"avia_inline_auto\" id=\"style-css-av-jx5xtkam-a398fafd6aca665338e9afd464bd429b\">\n.flex_cell.av-jx5xtkam-a398fafd6aca665338e9afd464bd429b{\nvertical-align:top;\nbackground-color:#f0f0f0;\n}\n.responsive #top #wrap_all .flex_cell.av-jx5xtkam-a398fafd6aca665338e9afd464bd429b{\npadding:40px 80px 20px 80px !important;\n}\n<\/style>\n<div class='flex_cell av-jx5xtkam-a398fafd6aca665338e9afd464bd429b av-gridrow-cell av_one_half no_margin  avia-builder-el-6  el_after_av_cell_one_half  avia-builder-el-last  content-align-top'  ><div class='flex_cell_inner'><p>\n<style type=\"text\/css\" data-created_by=\"avia_inline_auto\" id=\"style-css-av-30on2j-74ae33833f8f33e81f7bc2c998c8df3b\">\n#top .av-special-heading.av-30on2j-74ae33833f8f33e81f7bc2c998c8df3b{\npadding-bottom:10px;\n}\nbody .av-special-heading.av-30on2j-74ae33833f8f33e81f7bc2c998c8df3b .av-special-heading-tag .heading-char{\nfont-size:25px;\n}\n.av-special-heading.av-30on2j-74ae33833f8f33e81f7bc2c998c8df3b .av-subheading{\nfont-size:15px;\n}\n\n@media only screen and (max-width: 479px){ \n#top #wrap_all .av-special-heading.av-30on2j-74ae33833f8f33e81f7bc2c998c8df3b .av-special-heading-tag{\nfont-size:25px;\n}\n}\n<\/style>\n<div  class='av-special-heading av-30on2j-74ae33833f8f33e81f7bc2c998c8df3b av-special-heading-h2 blockquote modern-quote  avia-builder-el-7  el_before_av_textblock  avia-builder-el-first  av-linked-heading'><h2 class='av-special-heading-tag '  itemprop=\"headline\"  >Wir sind anbieter f\u00fcr hohe technologie l\u00f6sungen<\/h2><div class=\"special-heading-border\"><div class=\"special-heading-inner-border\"><\/div><\/div><\/div><br \/>\n<section  class='av_textblock_section av-2nw1a3-8b1d5f10fdcc0d32430871e40f25ac34 '   itemscope=\"itemscope\" itemtype=\"https:\/\/schema.org\/CreativeWork\" ><div class='avia_textblock'  itemprop=\"text\" ><p>Die Forschung und Entwicklung Abteilung (R&amp;D) ist unser Stolz und ist st\u00e4ndig engagiert nach neuen L\u00f6sungen zu suchen, die geeignet sind f\u00fcr laufende technologische Erneuerung unserer Ger\u00e4te.\u00a0<strong>Qualit\u00e4t, Effizienz und Zuverl\u00e4ssigkeit\u00a0<\/strong>sind die Grundlagen unserer Ingenieur und Erneuerungs Prozesse. Die Einf\u00fchrung von neuen Technologien, die die Komponenten und deren Anwendungen betreffen, hat uns erm\u00f6glicht die Entwicklung und Erweiterung unserer Produktlinie nicht aufzuhalten. Auf diese Weise, sind wir in der Lage eine gro\u00dfe Vielf\u00e4ltigkeit von L\u00f6sungen anzubieten und ber\u00fccksichtigen gemeinsam mit unseren Kunden, welche Anforderungen ihm am besten passen.<\/p>\n<p>Unsere Politik ist es, die h\u00f6chst vorhandene Technologie einzusetzen und jede einzelne Komponente des Systems zu optimieren, um damit Effizienz zu maximieren und Produktabmessungen und Gewichte zu reduzieren. Dies f\u00fchrt zu unerl\u00e4sslichen Vorteilen unter mehreren Gesichtspunkten: zuerst von allen, die Reduzierung von Inbetriebnahmekosten; dann die M\u00f6glichkeit Installation anzuwenden, selbst unter erheblichen Aufstellschwierigkeiten durch Platzprobleme; letztlich, die Garantie f\u00fcr eine zufriedenstellende R\u00fcckf\u00fchrung von Investmentkosten.<\/p>\n<p>Die gro\u00dfe Aufmerksamkeit die aufgewendet wird nach den besten und h\u00f6chst technologischen vorausschauenden L\u00f6sungen zu suchen, erm\u00f6glicht uns neueste HVAC Anwendungen zu entwickeln, solche wie\u00a0<a title=\"Waitrose Bromley\" href=\"https:\/\/www.geoclima.com\/de\/portfolio-item\/waitrose-bromley\/\" target=\"_blank\" rel=\"noopener\">erster weltweiter Fl\u00fcssigkeitsk\u00fchler mit HFO1234ze<\/a>, entwickelt f\u00fcr Waitrose, der erste Fl\u00fcssigleitsk\u00fchler in Europa mit\u00a0<a title=\"double cycle R290\/CO2\" href=\"https:\/\/www.geoclima.com\/de\/erste-kaltemaschine-mit-der-kombination-r290-co2\/\" target=\"_blank\" rel=\"noopener\">doppeltem kombinierten K\u00e4ltekreislauf<\/a>\u00a0Propan und CO<sub>2<\/sub>, die innovative \u201e<a title=\"DNC\" href=\"https:\/\/www.geoclima.com\/de\/dnc\/\" target=\"_blank\" rel=\"noopener\">Dynamic Noise Control<\/a>\u201c (DNC) zur Schallmessung und Regelung.<\/p>\n<p><!--:--><\/p>\n<\/div><\/section><\/p>\n<\/div><\/div><\/div>\n","protected":false},"excerpt":{"rendered":"","protected":false},"author":1,"featured_media":0,"parent":0,"menu_order":0,"comment_status":"closed","ping_status":"closed","template":"","meta":{"footnotes":""},"class_list":["post-8171","page","type-page","status-publish","hentry"],"yoast_head":"<!-- This site is optimized with the Yoast SEO Premium plugin v27.4 (Yoast SEO v27.4) - https:\/\/yoast.com\/product\/yoast-seo-premium-wordpress\/ -->\n<title>Kundenanpassung bei jeder Installation | Geoclima<\/title>\n<meta name=\"description\" content=\"Angefangen von der Dialogphase bis nach dem Verkaufs Service, basiert unsere Methode auf Kundenanpassung: die beste L\u00f6sungen f\u00fcr jede Installation.\" \/>\n<meta name=\"robots\" content=\"index, follow, max-snippet:-1, max-image-preview:large, max-video-preview:-1\" \/>\n<link rel=\"canonical\" href=\"https:\/\/www.geoclima.com\/de\/methode\/\" \/>\n<meta property=\"og:locale\" content=\"de_DE\" \/>\n<meta property=\"og:type\" content=\"article\" \/>\n<meta property=\"og:title\" content=\"\u041cethode\" \/>\n<meta property=\"og:description\" content=\"Angefangen von der Dialogphase bis nach dem Verkaufs Service, basiert unsere Methode auf Kundenanpassung: die beste L\u00f6sungen f\u00fcr jede Installation.\" \/>\n<meta property=\"og:url\" content=\"https:\/\/www.geoclima.com\/de\/methode\/\" \/>\n<meta property=\"og:site_name\" content=\"Geoclima\" \/>\n<meta property=\"article:publisher\" content=\"https:\/\/www.facebook.com\/GeoclimaWorld\/\" \/>\n<meta property=\"article:modified_time\" content=\"2021-05-14T13:46:20+00:00\" \/>\n<meta name=\"twitter:label1\" content=\"Gesch\u00e4tzte Lesezeit\" \/>\n\t<meta name=\"twitter:data1\" content=\"6\u00a0Minuten\" \/>\n<script type=\"application\/ld+json\" class=\"yoast-schema-graph\">{\"@context\":\"https:\\\/\\\/schema.org\",\"@graph\":[{\"@type\":\"WebPage\",\"@id\":\"https:\\\/\\\/www.geoclima.com\\\/de\\\/methode\\\/\",\"url\":\"https:\\\/\\\/www.geoclima.com\\\/de\\\/methode\\\/\",\"name\":\"Kundenanpassung bei jeder Installation | Geoclima\",\"isPartOf\":{\"@id\":\"https:\\\/\\\/www.geoclima.com\\\/de\\\/#website\"},\"datePublished\":\"2013-10-08T07:03:42+00:00\",\"dateModified\":\"2021-05-14T13:46:20+00:00\",\"description\":\"Angefangen von der Dialogphase bis nach dem Verkaufs Service, basiert unsere Methode auf Kundenanpassung: die beste L\u00f6sungen f\u00fcr jede Installation.\",\"breadcrumb\":{\"@id\":\"https:\\\/\\\/www.geoclima.com\\\/de\\\/methode\\\/#breadcrumb\"},\"inLanguage\":\"de\",\"potentialAction\":[{\"@type\":\"ReadAction\",\"target\":[\"https:\\\/\\\/www.geoclima.com\\\/de\\\/methode\\\/\"]}]},{\"@type\":\"BreadcrumbList\",\"@id\":\"https:\\\/\\\/www.geoclima.com\\\/de\\\/methode\\\/#breadcrumb\",\"itemListElement\":[{\"@type\":\"ListItem\",\"position\":1,\"name\":\"Home\",\"item\":\"https:\\\/\\\/www.geoclima.com\\\/de\\\/\"},{\"@type\":\"ListItem\",\"position\":2,\"name\":\"\u041cethode\"}]},{\"@type\":\"WebSite\",\"@id\":\"https:\\\/\\\/www.geoclima.com\\\/de\\\/#website\",\"url\":\"https:\\\/\\\/www.geoclima.com\\\/de\\\/\",\"name\":\"Geoclima\",\"description\":\"Smart HVAC solutions\",\"publisher\":{\"@id\":\"https:\\\/\\\/www.geoclima.com\\\/de\\\/#organization\"},\"potentialAction\":[{\"@type\":\"SearchAction\",\"target\":{\"@type\":\"EntryPoint\",\"urlTemplate\":\"https:\\\/\\\/www.geoclima.com\\\/de\\\/?s={search_term_string}\"},\"query-input\":{\"@type\":\"PropertyValueSpecification\",\"valueRequired\":true,\"valueName\":\"search_term_string\"}}],\"inLanguage\":\"de\"},{\"@type\":\"Organization\",\"@id\":\"https:\\\/\\\/www.geoclima.com\\\/de\\\/#organization\",\"name\":\"Geoclima Srl\",\"url\":\"https:\\\/\\\/www.geoclima.com\\\/de\\\/\",\"logo\":{\"@type\":\"ImageObject\",\"inLanguage\":\"de\",\"@id\":\"https:\\\/\\\/www.geoclima.com\\\/de\\\/#\\\/schema\\\/logo\\\/image\\\/\",\"url\":\"https:\\\/\\\/www.geoclima.com\\\/wp-content\\\/uploads\\\/2014\\\/03\\\/logo-geo.png\",\"contentUrl\":\"https:\\\/\\\/www.geoclima.com\\\/wp-content\\\/uploads\\\/2014\\\/03\\\/logo-geo.png\",\"width\":280,\"height\":53,\"caption\":\"Geoclima Srl\"},\"image\":{\"@id\":\"https:\\\/\\\/www.geoclima.com\\\/de\\\/#\\\/schema\\\/logo\\\/image\\\/\"},\"sameAs\":[\"https:\\\/\\\/www.facebook.com\\\/GeoclimaWorld\\\/\",\"https:\\\/\\\/x.com\\\/GeoclimaWeb\",\"https:\\\/\\\/www.instagram.com\\\/geoclima\",\"https:\\\/\\\/www.linkedin.com\\\/company\\\/geoclima\",\"https:\\\/\\\/www.youtube.com\\\/user\\\/geoclimaweb\"]}]}<\/script>\n<!-- \/ Yoast SEO Premium plugin. -->","yoast_head_json":{"title":"Kundenanpassung bei jeder Installation | Geoclima","description":"Angefangen von der Dialogphase bis nach dem Verkaufs Service, basiert unsere Methode auf Kundenanpassung: die beste L\u00f6sungen f\u00fcr jede Installation.","robots":{"index":"index","follow":"follow","max-snippet":"max-snippet:-1","max-image-preview":"max-image-preview:large","max-video-preview":"max-video-preview:-1"},"canonical":"https:\/\/www.geoclima.com\/de\/methode\/","og_locale":"de_DE","og_type":"article","og_title":"\u041cethode","og_description":"Angefangen von der Dialogphase bis nach dem Verkaufs Service, basiert unsere Methode auf Kundenanpassung: die beste L\u00f6sungen f\u00fcr jede Installation.","og_url":"https:\/\/www.geoclima.com\/de\/methode\/","og_site_name":"Geoclima","article_publisher":"https:\/\/www.facebook.com\/GeoclimaWorld\/","article_modified_time":"2021-05-14T13:46:20+00:00","twitter_misc":{"Gesch\u00e4tzte Lesezeit":"6\u00a0Minuten"},"schema":{"@context":"https:\/\/schema.org","@graph":[{"@type":"WebPage","@id":"https:\/\/www.geoclima.com\/de\/methode\/","url":"https:\/\/www.geoclima.com\/de\/methode\/","name":"Kundenanpassung bei jeder Installation | Geoclima","isPartOf":{"@id":"https:\/\/www.geoclima.com\/de\/#website"},"datePublished":"2013-10-08T07:03:42+00:00","dateModified":"2021-05-14T13:46:20+00:00","description":"Angefangen von der Dialogphase bis nach dem Verkaufs Service, basiert unsere Methode auf Kundenanpassung: die beste L\u00f6sungen f\u00fcr jede Installation.","breadcrumb":{"@id":"https:\/\/www.geoclima.com\/de\/methode\/#breadcrumb"},"inLanguage":"de","potentialAction":[{"@type":"ReadAction","target":["https:\/\/www.geoclima.com\/de\/methode\/"]}]},{"@type":"BreadcrumbList","@id":"https:\/\/www.geoclima.com\/de\/methode\/#breadcrumb","itemListElement":[{"@type":"ListItem","position":1,"name":"Home","item":"https:\/\/www.geoclima.com\/de\/"},{"@type":"ListItem","position":2,"name":"\u041cethode"}]},{"@type":"WebSite","@id":"https:\/\/www.geoclima.com\/de\/#website","url":"https:\/\/www.geoclima.com\/de\/","name":"Geoclima","description":"Smart HVAC solutions","publisher":{"@id":"https:\/\/www.geoclima.com\/de\/#organization"},"potentialAction":[{"@type":"SearchAction","target":{"@type":"EntryPoint","urlTemplate":"https:\/\/www.geoclima.com\/de\/?s={search_term_string}"},"query-input":{"@type":"PropertyValueSpecification","valueRequired":true,"valueName":"search_term_string"}}],"inLanguage":"de"},{"@type":"Organization","@id":"https:\/\/www.geoclima.com\/de\/#organization","name":"Geoclima Srl","url":"https:\/\/www.geoclima.com\/de\/","logo":{"@type":"ImageObject","inLanguage":"de","@id":"https:\/\/www.geoclima.com\/de\/#\/schema\/logo\/image\/","url":"https:\/\/www.geoclima.com\/wp-content\/uploads\/2014\/03\/logo-geo.png","contentUrl":"https:\/\/www.geoclima.com\/wp-content\/uploads\/2014\/03\/logo-geo.png","width":280,"height":53,"caption":"Geoclima Srl"},"image":{"@id":"https:\/\/www.geoclima.com\/de\/#\/schema\/logo\/image\/"},"sameAs":["https:\/\/www.facebook.com\/GeoclimaWorld\/","https:\/\/x.com\/GeoclimaWeb","https:\/\/www.instagram.com\/geoclima","https:\/\/www.linkedin.com\/company\/geoclima","https:\/\/www.youtube.com\/user\/geoclimaweb"]}]}},"_links":{"self":[{"href":"https:\/\/www.geoclima.com\/de\/wp-json\/wp\/v2\/pages\/8171","targetHints":{"allow":["GET"]}}],"collection":[{"href":"https:\/\/www.geoclima.com\/de\/wp-json\/wp\/v2\/pages"}],"about":[{"href":"https:\/\/www.geoclima.com\/de\/wp-json\/wp\/v2\/types\/page"}],"author":[{"embeddable":true,"href":"https:\/\/www.geoclima.com\/de\/wp-json\/wp\/v2\/users\/1"}],"replies":[{"embeddable":true,"href":"https:\/\/www.geoclima.com\/de\/wp-json\/wp\/v2\/comments?post=8171"}],"version-history":[{"count":21,"href":"https:\/\/www.geoclima.com\/de\/wp-json\/wp\/v2\/pages\/8171\/revisions"}],"predecessor-version":[{"id":28483,"href":"https:\/\/www.geoclima.com\/de\/wp-json\/wp\/v2\/pages\/8171\/revisions\/28483"}],"wp:attachment":[{"href":"https:\/\/www.geoclima.com\/de\/wp-json\/wp\/v2\/media?parent=8171"}],"curies":[{"name":"wp","href":"https:\/\/api.w.org\/{rel}","templated":true}]}}