{"id":8178,"date":"2013-10-08T09:05:02","date_gmt":"2013-10-08T07:05:02","guid":{"rendered":"https:\/\/www.geoclima.com\/research-and-development-2\/"},"modified":"2019-06-10T11:59:09","modified_gmt":"2019-06-10T09:59:09","slug":"forschung-und-entwicklung","status":"publish","type":"page","link":"https:\/\/www.geoclima.com\/de\/forschung-und-entwicklung\/","title":{"rendered":"Forschung und Entwicklung"},"content":{"rendered":"<div id='layer_slider_1'  class='avia-layerslider main_color avia-shadow  avia-builder-el-0  el_before_av_one_full  avia-builder-el-first  container_wrap sidebar_right'  style='height: 501px; max-width: 1600px; margin: 0 auto;'  ><\/div><div id='after_layer_slider_1'  class='main_color av_default_container_wrap container_wrap sidebar_right'  ><div class='container av-section-cont-open' ><div class='template-page content  av-content-small alpha units'><div class='post-entry post-entry-type-page post-entry-8178'><div class='entry-content-wrapper clearfix'>\n<div  class='flex_column av-av_one_full-2a9015ff38129c418a3f2eafba3e9512 av_one_full  avia-builder-el-1  el_after_av_layerslider  avia-builder-el-no-sibling  first flex_column_div  '     ><section  class='av_textblock_section av-av_textblock-0366cc7376be6c9e82a3e9cc8987b64f '   itemscope=\"itemscope\" itemtype=\"https:\/\/schema.org\/CreativeWork\" ><div class='avia_textblock'  itemprop=\"text\" ><h1><strong>Wir sind Anbieter<br \/>\nf\u00fcr hohe Technologie L\u00f6sungen<\/strong><\/h1>\n<\/div><\/section><br \/>\n<section  class='av_textblock_section av-av_textblock-0366cc7376be6c9e82a3e9cc8987b64f '   itemscope=\"itemscope\" itemtype=\"https:\/\/schema.org\/CreativeWork\" ><div class='avia_textblock'  itemprop=\"text\" ><p>Die Forschung und Entwicklung Abteilung (R&amp;D) ist unser Stolz und ist st\u00e4ndig engagiert nach neuen L\u00f6sungen zu suchen, die geeignet sind f\u00fcr laufende technologische Erneuerung unserer Ger\u00e4te. <strong>Qualit\u00e4t, Effizienz und Zuverl\u00e4ssigkeit <\/strong>sind die Grundlagen unserer Ingenieur und Erneuerungs Prozesse. Die Einf\u00fchrung von neuen Technologien, die die Komponenten und deren Anwendungen betreffen, hat uns erm\u00f6glicht die Entwicklung und Erweiterung unserer Produktlinie nicht aufzuhalten. Auf diese Weise, sind wir in der Lage eine gro\u00dfe Vielf\u00e4ltigkeit von L\u00f6sungen anzubieten und ber\u00fccksichtigen gemeinsam mit unseren Kunden, welche Anforderungen ihm am besten passen.<\/p>\n<p>Unsere Politik ist es, die h\u00f6chst vorhandene Technologie einzusetzen und jede einzelne Komponente des Systems zu optimieren, um damit Effizienz zu maximieren und Produktabmessungen und Gewichte zu reduzieren. Dies f\u00fchrt zu unerl\u00e4sslichen Vorteilen unter mehreren Gesichtspunkten: zuerst von allen, die Reduzierung von Inbetriebnahmekosten; dann die M\u00f6glichkeit Installation anzuwenden, selbst unter erheblichen Aufstellschwierigkeiten durch Platzprobleme; letztlich, die Garantie f\u00fcr eine zufriedenstellende R\u00fcckf\u00fchrung von Investmentkosten.<\/p>\n<p>Die gro\u00dfe Aufmerksamkeit die aufgewendet wird nach den besten und h\u00f6chst technologischen vorausschauenden L\u00f6sungen zu suchen, erm\u00f6glicht uns neueste HVAC Anwendungen zu entwickeln, solche wie <a title=\"Waitrose Bromley\" href=\"https:\/\/www.geoclima.com\/de\/pro\/waitrose-bromley\/\" target=\"_blank\" rel=\"noopener noreferrer\">erster weltweiter Fl\u00fcssigkeitsk\u00fchler mit HFO1234ze<\/a>, entwickelt f\u00fcr Waitrose, der erste Fl\u00fcssigleitsk\u00fchler in Europa mit <a title=\"double cycle R290\/CO2\" href=\"https:\/\/www.geoclima.com\/de\/erste-kaltemaschine-mit-der-kombination-r290-co2\/\" target=\"_blank\" rel=\"noopener noreferrer\">doppeltem kombinierten K\u00e4ltekreislauf<\/a> Propan und CO<sub>2<\/sub>, die innovative &#8220;<a title=\"DNC\" href=\"https:\/\/www.geoclima.com\/de\/dnc\/\" target=\"_blank\" rel=\"noopener noreferrer\">Dynamic Noise Control<\/a>&#8221; (DNC) zur Schallmessung und Regelung.<\/p>\n<\/div><\/section><\/p><\/div>\n","protected":false},"excerpt":{"rendered":"","protected":false},"author":1,"featured_media":0,"parent":0,"menu_order":0,"comment_status":"open","ping_status":"open","template":"","meta":{"footnotes":""},"class_list":["post-8178","page","type-page","status-publish","hentry"],"yoast_head":"<!-- This site is optimized with the Yoast SEO Premium plugin v27.4 (Yoast SEO v27.4) - https:\/\/yoast.com\/product\/yoast-seo-premium-wordpress\/ -->\n<title>Forschung und Entwicklung | Geoclima<\/title>\n<meta name=\"description\" content=\"Unsere Forschung und Entwicklung Abteilung entwickelt ein weites Feld von hohen Technologiel\u00f6sungen auf Basis von Qualit\u00e4t, Effizienz und Zuverl\u00e4ssigkeit.\" \/>\n<meta name=\"robots\" content=\"index, follow, max-snippet:-1, max-image-preview:large, max-video-preview:-1\" \/>\n<link rel=\"canonical\" href=\"https:\/\/www.geoclima.com\/de\/forschung-und-entwicklung\/\" \/>\n<meta property=\"og:locale\" content=\"de_DE\" \/>\n<meta property=\"og:type\" content=\"article\" \/>\n<meta property=\"og:title\" content=\"Forschung und Entwicklung\" \/>\n<meta property=\"og:description\" content=\"Unsere Forschung und Entwicklung Abteilung entwickelt ein weites Feld von hohen Technologiel\u00f6sungen auf Basis von Qualit\u00e4t, Effizienz und Zuverl\u00e4ssigkeit.\" \/>\n<meta property=\"og:url\" content=\"https:\/\/www.geoclima.com\/de\/forschung-und-entwicklung\/\" \/>\n<meta property=\"og:site_name\" content=\"Geoclima\" \/>\n<meta property=\"article:publisher\" content=\"https:\/\/www.facebook.com\/GeoclimaWorld\/\" \/>\n<meta property=\"article:modified_time\" content=\"2019-06-10T09:59:09+00:00\" \/>\n<meta name=\"twitter:label1\" content=\"Gesch\u00e4tzte Lesezeit\" \/>\n\t<meta name=\"twitter:data1\" content=\"1\u00a0Minute\" \/>\n<script type=\"application\/ld+json\" class=\"yoast-schema-graph\">{\"@context\":\"https:\\\/\\\/schema.org\",\"@graph\":[{\"@type\":\"WebPage\",\"@id\":\"https:\\\/\\\/www.geoclima.com\\\/de\\\/forschung-und-entwicklung\\\/\",\"url\":\"https:\\\/\\\/www.geoclima.com\\\/de\\\/forschung-und-entwicklung\\\/\",\"name\":\"Forschung und Entwicklung | Geoclima\",\"isPartOf\":{\"@id\":\"https:\\\/\\\/www.geoclima.com\\\/de\\\/#website\"},\"datePublished\":\"2013-10-08T07:05:02+00:00\",\"dateModified\":\"2019-06-10T09:59:09+00:00\",\"description\":\"Unsere Forschung und Entwicklung Abteilung entwickelt ein weites Feld von hohen Technologiel\u00f6sungen auf Basis von Qualit\u00e4t, Effizienz und Zuverl\u00e4ssigkeit.\",\"breadcrumb\":{\"@id\":\"https:\\\/\\\/www.geoclima.com\\\/de\\\/forschung-und-entwicklung\\\/#breadcrumb\"},\"inLanguage\":\"de\",\"potentialAction\":[{\"@type\":\"ReadAction\",\"target\":[\"https:\\\/\\\/www.geoclima.com\\\/de\\\/forschung-und-entwicklung\\\/\"]}]},{\"@type\":\"BreadcrumbList\",\"@id\":\"https:\\\/\\\/www.geoclima.com\\\/de\\\/forschung-und-entwicklung\\\/#breadcrumb\",\"itemListElement\":[{\"@type\":\"ListItem\",\"position\":1,\"name\":\"Home\",\"item\":\"https:\\\/\\\/www.geoclima.com\\\/de\\\/\"},{\"@type\":\"ListItem\",\"position\":2,\"name\":\"Forschung und Entwicklung\"}]},{\"@type\":\"WebSite\",\"@id\":\"https:\\\/\\\/www.geoclima.com\\\/de\\\/#website\",\"url\":\"https:\\\/\\\/www.geoclima.com\\\/de\\\/\",\"name\":\"Geoclima\",\"description\":\"Smart HVAC solutions\",\"publisher\":{\"@id\":\"https:\\\/\\\/www.geoclima.com\\\/de\\\/#organization\"},\"potentialAction\":[{\"@type\":\"SearchAction\",\"target\":{\"@type\":\"EntryPoint\",\"urlTemplate\":\"https:\\\/\\\/www.geoclima.com\\\/de\\\/?s={search_term_string}\"},\"query-input\":{\"@type\":\"PropertyValueSpecification\",\"valueRequired\":true,\"valueName\":\"search_term_string\"}}],\"inLanguage\":\"de\"},{\"@type\":\"Organization\",\"@id\":\"https:\\\/\\\/www.geoclima.com\\\/de\\\/#organization\",\"name\":\"Geoclima Srl\",\"url\":\"https:\\\/\\\/www.geoclima.com\\\/de\\\/\",\"logo\":{\"@type\":\"ImageObject\",\"inLanguage\":\"de\",\"@id\":\"https:\\\/\\\/www.geoclima.com\\\/de\\\/#\\\/schema\\\/logo\\\/image\\\/\",\"url\":\"https:\\\/\\\/www.geoclima.com\\\/wp-content\\\/uploads\\\/2014\\\/03\\\/logo-geo.png\",\"contentUrl\":\"https:\\\/\\\/www.geoclima.com\\\/wp-content\\\/uploads\\\/2014\\\/03\\\/logo-geo.png\",\"width\":280,\"height\":53,\"caption\":\"Geoclima Srl\"},\"image\":{\"@id\":\"https:\\\/\\\/www.geoclima.com\\\/de\\\/#\\\/schema\\\/logo\\\/image\\\/\"},\"sameAs\":[\"https:\\\/\\\/www.facebook.com\\\/GeoclimaWorld\\\/\",\"https:\\\/\\\/x.com\\\/GeoclimaWeb\",\"https:\\\/\\\/www.instagram.com\\\/geoclima\",\"https:\\\/\\\/www.linkedin.com\\\/company\\\/geoclima\",\"https:\\\/\\\/www.youtube.com\\\/user\\\/geoclimaweb\"]}]}<\/script>\n<!-- \/ Yoast SEO Premium plugin. -->","yoast_head_json":{"title":"Forschung und Entwicklung | Geoclima","description":"Unsere Forschung und Entwicklung Abteilung entwickelt ein weites Feld von hohen Technologiel\u00f6sungen auf Basis von Qualit\u00e4t, Effizienz und Zuverl\u00e4ssigkeit.","robots":{"index":"index","follow":"follow","max-snippet":"max-snippet:-1","max-image-preview":"max-image-preview:large","max-video-preview":"max-video-preview:-1"},"canonical":"https:\/\/www.geoclima.com\/de\/forschung-und-entwicklung\/","og_locale":"de_DE","og_type":"article","og_title":"Forschung und Entwicklung","og_description":"Unsere Forschung und Entwicklung Abteilung entwickelt ein weites Feld von hohen Technologiel\u00f6sungen auf Basis von Qualit\u00e4t, Effizienz und Zuverl\u00e4ssigkeit.","og_url":"https:\/\/www.geoclima.com\/de\/forschung-und-entwicklung\/","og_site_name":"Geoclima","article_publisher":"https:\/\/www.facebook.com\/GeoclimaWorld\/","article_modified_time":"2019-06-10T09:59:09+00:00","twitter_misc":{"Gesch\u00e4tzte Lesezeit":"1\u00a0Minute"},"schema":{"@context":"https:\/\/schema.org","@graph":[{"@type":"WebPage","@id":"https:\/\/www.geoclima.com\/de\/forschung-und-entwicklung\/","url":"https:\/\/www.geoclima.com\/de\/forschung-und-entwicklung\/","name":"Forschung und Entwicklung | Geoclima","isPartOf":{"@id":"https:\/\/www.geoclima.com\/de\/#website"},"datePublished":"2013-10-08T07:05:02+00:00","dateModified":"2019-06-10T09:59:09+00:00","description":"Unsere Forschung und Entwicklung Abteilung entwickelt ein weites Feld von hohen Technologiel\u00f6sungen auf Basis von Qualit\u00e4t, Effizienz und Zuverl\u00e4ssigkeit.","breadcrumb":{"@id":"https:\/\/www.geoclima.com\/de\/forschung-und-entwicklung\/#breadcrumb"},"inLanguage":"de","potentialAction":[{"@type":"ReadAction","target":["https:\/\/www.geoclima.com\/de\/forschung-und-entwicklung\/"]}]},{"@type":"BreadcrumbList","@id":"https:\/\/www.geoclima.com\/de\/forschung-und-entwicklung\/#breadcrumb","itemListElement":[{"@type":"ListItem","position":1,"name":"Home","item":"https:\/\/www.geoclima.com\/de\/"},{"@type":"ListItem","position":2,"name":"Forschung und Entwicklung"}]},{"@type":"WebSite","@id":"https:\/\/www.geoclima.com\/de\/#website","url":"https:\/\/www.geoclima.com\/de\/","name":"Geoclima","description":"Smart HVAC solutions","publisher":{"@id":"https:\/\/www.geoclima.com\/de\/#organization"},"potentialAction":[{"@type":"SearchAction","target":{"@type":"EntryPoint","urlTemplate":"https:\/\/www.geoclima.com\/de\/?s={search_term_string}"},"query-input":{"@type":"PropertyValueSpecification","valueRequired":true,"valueName":"search_term_string"}}],"inLanguage":"de"},{"@type":"Organization","@id":"https:\/\/www.geoclima.com\/de\/#organization","name":"Geoclima Srl","url":"https:\/\/www.geoclima.com\/de\/","logo":{"@type":"ImageObject","inLanguage":"de","@id":"https:\/\/www.geoclima.com\/de\/#\/schema\/logo\/image\/","url":"https:\/\/www.geoclima.com\/wp-content\/uploads\/2014\/03\/logo-geo.png","contentUrl":"https:\/\/www.geoclima.com\/wp-content\/uploads\/2014\/03\/logo-geo.png","width":280,"height":53,"caption":"Geoclima Srl"},"image":{"@id":"https:\/\/www.geoclima.com\/de\/#\/schema\/logo\/image\/"},"sameAs":["https:\/\/www.facebook.com\/GeoclimaWorld\/","https:\/\/x.com\/GeoclimaWeb","https:\/\/www.instagram.com\/geoclima","https:\/\/www.linkedin.com\/company\/geoclima","https:\/\/www.youtube.com\/user\/geoclimaweb"]}]}},"_links":{"self":[{"href":"https:\/\/www.geoclima.com\/de\/wp-json\/wp\/v2\/pages\/8178","targetHints":{"allow":["GET"]}}],"collection":[{"href":"https:\/\/www.geoclima.com\/de\/wp-json\/wp\/v2\/pages"}],"about":[{"href":"https:\/\/www.geoclima.com\/de\/wp-json\/wp\/v2\/types\/page"}],"author":[{"embeddable":true,"href":"https:\/\/www.geoclima.com\/de\/wp-json\/wp\/v2\/users\/1"}],"replies":[{"embeddable":true,"href":"https:\/\/www.geoclima.com\/de\/wp-json\/wp\/v2\/comments?post=8178"}],"version-history":[{"count":7,"href":"https:\/\/www.geoclima.com\/de\/wp-json\/wp\/v2\/pages\/8178\/revisions"}],"predecessor-version":[{"id":8179,"href":"https:\/\/www.geoclima.com\/de\/wp-json\/wp\/v2\/pages\/8178\/revisions\/8179"}],"wp:attachment":[{"href":"https:\/\/www.geoclima.com\/de\/wp-json\/wp\/v2\/media?parent=8178"}],"curies":[{"name":"wp","href":"https:\/\/api.w.org\/{rel}","templated":true}]}}