{"id":28451,"date":"2013-10-08T09:03:42","date_gmt":"2013-10-08T07:03:42","guid":{"rendered":"https:\/\/www.geoclima.com\/method\/"},"modified":"2022-07-19T12:22:40","modified_gmt":"2022-07-19T10:22:40","slug":"metodo","status":"publish","type":"page","link":"https:\/\/www.geoclima.com\/es\/metodo\/","title":{"rendered":"M\u00e9todo"},"content":{"rendered":"<div id='full_slider_1'  class='avia-fullwidth-slider main_color avia-shadow   avia-builder-el-0  el_before_av_submenu  avia-builder-el-first   container_wrap sidebar_right'  ><div  class='avia-slideshow av-jxkg42sj-5570a69175a324f703c662698b7b820f avia-slideshow-no scaling av_slideshow_full avia-slide-slider av-slideshow-ui av-control-hidden av-no-slider-navigation av-hide-nav-arrows av-slideshow-manual av-loop-once av-loop-manual-endless av-default-height-applied   avia-slideshow-1' data-slideshow-options=\"{&quot;animation&quot;:&quot;slide&quot;,&quot;autoplay&quot;:false,&quot;loop_autoplay&quot;:&quot;once&quot;,&quot;interval&quot;:5,&quot;loop_manual&quot;:&quot;manual-endless&quot;,&quot;autoplay_stopper&quot;:false,&quot;noNavigation&quot;:true,&quot;bg_slider&quot;:false,&quot;keep_padding&quot;:false,&quot;hoverpause&quot;:false,&quot;show_slide_delay&quot;:0}\"  itemprop=\"image\" itemscope=\"itemscope\" itemtype=\"https:\/\/schema.org\/ImageObject\" ><ul class='avia-slideshow-inner ' style='padding-bottom: 31.25%;'><li  class='avia-slideshow-slide av-jxkg42sj-5570a69175a324f703c662698b7b820f__0  av-single-slide slide-1 slide-odd'><div data-rel='slideshow-1' class='avia-slide-wrap '   ><img decoding=\"async\" fetchpriority=\"high\" class=\"wp-image-27934 avia-img-lazy-loading-not-27934\"  src=\"https:\/\/www.geoclima.com\/wp-content\/uploads\/2019\/06\/bridge.jpg\" width=\"1600\" height=\"500\" title='bridge' alt=''  itemprop=\"thumbnailUrl\" srcset=\"https:\/\/www.geoclima.com\/wp-content\/uploads\/2019\/06\/bridge.jpg 1600w, https:\/\/www.geoclima.com\/wp-content\/uploads\/2019\/06\/bridge-300x94.jpg 300w, https:\/\/www.geoclima.com\/wp-content\/uploads\/2019\/06\/bridge-768x240.jpg 768w, https:\/\/www.geoclima.com\/wp-content\/uploads\/2019\/06\/bridge-1030x322.jpg 1030w, https:\/\/www.geoclima.com\/wp-content\/uploads\/2019\/06\/bridge-1500x469.jpg 1500w, https:\/\/www.geoclima.com\/wp-content\/uploads\/2019\/06\/bridge-705x220.jpg 705w, https:\/\/www.geoclima.com\/wp-content\/uploads\/2019\/06\/bridge-450x141.jpg 450w\" sizes=\"(max-width: 1600px) 100vw, 1600px\" \/><\/div><\/li><\/ul><\/div><\/div>\n<div class='clear'><\/div><div id='sub_menu1'  class='av-submenu-container av-jxkg4jn1-b823e4f91ea40b91a89f64f39e02672d main_color av-switch-768  avia-builder-el-1  el_after_av_slideshow_full  el_before_av_layout_row  av-sticky-submenu submenu-not-first container_wrap sidebar_right' style='z-index:301' ><div class='container av-menu-mobile-active av-submenu-pos-center'><a href=\"#\" class=\"mobile_menu_toggle\"><span class='avia-svg-icon avia-font-svg_entypo-fontello' data-av_svg_icon='list' data-av_iconset='svg_entypo-fontello'><svg version=\"1.1\" xmlns=\"http:\/\/www.w3.org\/2000\/svg\" width=\"22\" height=\"32\" viewBox=\"0 0 22 32\" preserveAspectRatio=\"xMidYMid meet\" aria-labelledby='av-svg-title-1' aria-describedby='av-svg-desc-1' role=\"graphics-symbol\" aria-hidden=\"true\">\n<title id='av-svg-title-1'>List<\/title>\n<desc id='av-svg-desc-1'>List<\/desc>\n<path d=\"M3.2 20.8q0.64 0 1.12 0.48t0.48 1.12-0.48 1.12-1.12 0.48h-1.6q-0.64 0-1.12-0.48t-0.48-1.12 0.448-1.12 1.152-0.48h1.6zM3.2 14.4q0.64 0 1.12 0.48t0.48 1.12-0.48 1.12-1.12 0.48h-1.6q-0.64 0-1.12-0.48t-0.48-1.12 0.448-1.12 1.152-0.48h1.6zM3.2 8q0.64 0 1.12 0.48t0.48 1.12-0.48 1.12-1.12 0.48h-1.6q-0.64 0-1.12-0.48t-0.48-1.12 0.448-1.12 1.152-0.48h1.6zM9.6 11.2q-0.64 0-1.12-0.48t-0.48-1.12 0.48-1.12 1.12-0.48h11.2q0.704 0 1.152 0.48t0.448 1.12-0.48 1.12-1.12 0.48h-11.2zM20.8 14.4q0.704 0 1.152 0.48t0.448 1.12-0.48 1.12-1.12 0.48h-11.2q-0.64 0-1.12-0.48t-0.48-1.12 0.48-1.12 1.12-0.48h11.2zM20.8 20.8q0.704 0 1.152 0.48t0.448 1.12-0.48 1.12-1.12 0.48h-11.2q-0.64 0-1.12-0.48t-0.48-1.12 0.48-1.12 1.12-0.48h11.2z\"><\/path>\n<\/svg><\/span><span class=\"av-current-placeholder\">Men\u00fa<\/span><\/a><ul id=\"menu-company-es\" class=\"av-subnav-menu\" role=\"menu\"><li role=\"menuitem\" id=\"menu-item-28653\" class=\"menu-item menu-item-type-post_type menu-item-object-page menu-item-top-level menu-item-top-level-1\"><a href=\"https:\/\/www.geoclima.com\/es\/nosotros\/\" itemprop=\"url\" tabindex=\"0\"><span class=\"avia-bullet\"><\/span><span class=\"avia-menu-text\">Sobre nosotros<\/span><span class=\"avia-menu-fx\"><span class=\"avia-arrow-wrap\"><span class=\"avia-arrow\"><\/span><\/span><\/span><\/a><\/li>\n<li role=\"menuitem\" id=\"menu-item-28656\" class=\"menu-item menu-item-type-post_type menu-item-object-page menu-item-top-level menu-item-top-level-2\"><a href=\"https:\/\/www.geoclima.com\/es\/metodo\/\" itemprop=\"url\" tabindex=\"0\"><span class=\"avia-bullet\"><\/span><span class=\"avia-menu-text\">M\u00e9todo<\/span><span class=\"avia-menu-fx\"><span class=\"avia-arrow-wrap\"><span class=\"avia-arrow\"><\/span><\/span><\/span><\/a><\/li>\n<li role=\"menuitem\" id=\"menu-item-28655\" class=\"menu-item menu-item-type-post_type menu-item-object-page menu-item-top-level menu-item-top-level-3\"><a href=\"https:\/\/www.geoclima.com\/es\/certificaciones\/\" itemprop=\"url\" tabindex=\"0\"><span class=\"avia-bullet\"><\/span><span class=\"avia-menu-text\">Certificaciones<\/span><span class=\"avia-menu-fx\"><span class=\"avia-arrow-wrap\"><span class=\"avia-arrow\"><\/span><\/span><\/span><\/a><\/li>\n<li role=\"menuitem\" id=\"menu-item-28654\" class=\"menu-item menu-item-type-post_type menu-item-object-page menu-item-top-level menu-item-top-level-4\"><a href=\"https:\/\/www.geoclima.com\/es\/centro-de-pruebas\/\" itemprop=\"url\" tabindex=\"0\"><span class=\"avia-bullet\"><\/span><span class=\"avia-menu-text\">Centro de pruebas<\/span><span class=\"avia-menu-fx\"><span class=\"avia-arrow-wrap\"><span class=\"avia-arrow\"><\/span><\/span><\/span><\/a><\/li>\n<\/ul><\/div><\/div><div class='sticky_placeholder'><\/div>\n<div id='av-layout-grid-1'  class='av-layout-grid-container av-1vu62w-7b12862e13a1be752b9d328a1cabcf0b entry-content-wrapper main_color av-flex-cells  avia-builder-el-2  el_after_av_submenu  avia-builder-el-last  grid-row-not-first  container_wrap sidebar_right'  >\n\n<style type=\"text\/css\" data-created_by=\"avia_inline_auto\" id=\"style-css-av-jxkg89h9-3ac656fa74597630d99f452f55ae495d\">\n.flex_cell.av-jxkg89h9-3ac656fa74597630d99f452f55ae495d{\nvertical-align:top;\n}\n.responsive #top #wrap_all .flex_cell.av-jxkg89h9-3ac656fa74597630d99f452f55ae495d{\npadding:40px 80px 20px 80px !important;\n}\n<\/style>\n<div class='flex_cell av-jxkg89h9-3ac656fa74597630d99f452f55ae495d av-gridrow-cell av_one_half no_margin  avia-builder-el-3  el_before_av_cell_one_half  avia-builder-el-first  content-align-top'  ><div class='flex_cell_inner'><p>\n<style type=\"text\/css\" data-created_by=\"avia_inline_auto\" id=\"style-css-av-jxkg9b1h-1f6ffc2c5f5284c89d446a725f054b46\">\n#top .av-special-heading.av-jxkg9b1h-1f6ffc2c5f5284c89d446a725f054b46{\npadding-bottom:10px;\n}\nbody .av-special-heading.av-jxkg9b1h-1f6ffc2c5f5284c89d446a725f054b46 .av-special-heading-tag .heading-char{\nfont-size:25px;\n}\n.av-special-heading.av-jxkg9b1h-1f6ffc2c5f5284c89d446a725f054b46 .av-subheading{\nfont-size:15px;\n}\n<\/style>\n<div  class='av-special-heading av-jxkg9b1h-1f6ffc2c5f5284c89d446a725f054b46 av-special-heading-h2 blockquote modern-quote  avia-builder-el-4  el_before_av_textblock  avia-builder-el-first  av-linked-heading'><h2 class='av-special-heading-tag '  itemprop=\"headline\"  >Dise\u00f1amos con nuestros clientes las soluciones m\u00e1s adecuadas para cada tipo de instalaci\u00f3n<\/h2><div class=\"special-heading-border\"><div class=\"special-heading-inner-border\"><\/div><\/div><\/div><br \/>\n<section  class='av_textblock_section av-2rin6g-dbf3ac6c88feb03bcc01e17847a5631b '   itemscope=\"itemscope\" itemtype=\"https:\/\/schema.org\/CreativeWork\" ><div class='avia_textblock'  itemprop=\"text\" ><p>Nuestro m\u00e9todo se basa en el servicio que ofrecemos a nuestros clientes, empezando por un debate en profundidad durante la fase de dise\u00f1o. Este di\u00e1logo es una fase fundamental, ya que nos permite identificar la soluci\u00f3n m\u00e1s adecuada para los distintos tipos de instalaciones y en caso necesario, personalizar los dise\u00f1os en funci\u00f3n de los requisitos espec\u00edficos del cliente, sin descuidar aspectos importantes como la calidad y la fiabilidad.<\/p>\n<p>Todas las fases de dise\u00f1o termodin\u00e1mico, mec\u00e1nico y el\u00e9ctrico se desarrollan internamente, con el apoyo de sistemas inform\u00e1ticos tecnol\u00f3gicamente avanzados. La personalizaci\u00f3n ha permitido aumentar nuestra flexibilidad a la hora de abordar diferentes problemas, proponiendo soluciones ad hoc para las distintas necesidades de los clientes.<\/p>\n<p>Entre ellas, la realizaci\u00f3n de unidades desmontables. Estas soluciones son especialmente \u00fatiles, si no imprescindibles, en las instalaciones de interior, que nos obligan a ocuparnos no s\u00f3lo de los problemas habituales relacionados con la m\u00e1quina y el lugar de instalaci\u00f3n, sino tambi\u00e9n de las cuestiones relacionadas con el transporte de la m\u00e1quina dentro del recinto: puertas, pasillos, ascensores, etc. Este tipo de problema ha sido abordado desde hace tiempo por Geoclima mediante el dise\u00f1o de unidades que se desmontan una vez que llegan a su destino y luego se vuelven a montar en el lugar. Este tipo de dise\u00f1o ofrece una soluci\u00f3n adecuada y eficiente que garantiza el mismo rendimiento y capacidad que las unidades no divididas.<\/p>\n<p>Nuestra estructura est\u00e1 organizada de forma que pueda supervisar los proyectos incluso en la fase de posventa, proponiendo inmediatamente la soluci\u00f3n perfecta para cualquier tipo de problema, a trav\u00e9s de nuestro sistema inform\u00e1tico de posventa y cuando sea necesario, enviando personal cualificado directamente desde nuestra sede o desde otros centros autorizados. Todo ello nos permite ofrecer la mejor relaci\u00f3n calidad\/precio del mercado.<\/p>\n<p>Todas nuestras m\u00e1quinas pueden fabricarse en versiones no est\u00e1ndar, gracias a la flexibilidad de nuestro sistema de producci\u00f3n.<\/p>\n<p>Podemos ofrecer:<\/p>\n<ul>\n<li>dimensiones especiales<\/li>\n<li>productos de bajo o muy bajo ruido (LN y LLN)<\/li>\n<li>m\u00e1quinas EE X para instalar en zonas peligrosas<\/li>\n<li>temperaturas de agua\/glicol inferiores a -3 \u00b0C<\/li>\n<li>tensiones y frecuencias alternativas (por ejemplo, 380 V \/ 60 Hz)<\/li>\n<li>paneles y estructuras de materiales especiales<\/li>\n<li>configuraciones de invierno para la instalaci\u00f3n en entornos fr\u00edos de hasta -40 \u00b0C<\/li>\n<li>configuraciones de verano para instalaciones en ambientes c\u00e1lidos de hasta +40 \u00b0C<\/li>\n<li>sistemas hidr\u00e1ulicos, incluidas las bombas de presurizaci\u00f3n y las v\u00e1lvulas de expansi\u00f3n<\/li>\n<li>dise\u00f1o especial para aplicaciones industriales y de proceso<\/li>\n<li>dise\u00f1o especial para aplicaciones marinas y submarinas<\/li>\n<\/ul>\n<p><!--:--><\/p>\n<\/div><\/section><\/p>\n<\/div><\/div>\n<style type=\"text\/css\" data-created_by=\"avia_inline_auto\" id=\"style-css-av-jxkg7ez9-b54a78dcffd0a54b5aa86a2cb1676fa9\">\n.flex_cell.av-jxkg7ez9-b54a78dcffd0a54b5aa86a2cb1676fa9{\nvertical-align:top;\nbackground-color:#f0f0f0;\n}\n.responsive #top #wrap_all .flex_cell.av-jxkg7ez9-b54a78dcffd0a54b5aa86a2cb1676fa9{\npadding:40px 80px 20px 80px !important;\n}\n<\/style>\n<div class='flex_cell av-jxkg7ez9-b54a78dcffd0a54b5aa86a2cb1676fa9 av-gridrow-cell av_one_half no_margin  avia-builder-el-6  el_after_av_cell_one_half  avia-builder-el-last  content-align-top'  ><div class='flex_cell_inner'><p>\n<style type=\"text\/css\" data-created_by=\"avia_inline_auto\" id=\"style-css-av-jxkga6gl-783c2feb0cba46bd5f84824f7d10aece\">\n#top .av-special-heading.av-jxkga6gl-783c2feb0cba46bd5f84824f7d10aece{\npadding-bottom:10px;\n}\nbody .av-special-heading.av-jxkga6gl-783c2feb0cba46bd5f84824f7d10aece .av-special-heading-tag .heading-char{\nfont-size:25px;\n}\n.av-special-heading.av-jxkga6gl-783c2feb0cba46bd5f84824f7d10aece .av-subheading{\nfont-size:15px;\n}\n<\/style>\n<div  class='av-special-heading av-jxkga6gl-783c2feb0cba46bd5f84824f7d10aece av-special-heading-h2 blockquote modern-quote  avia-builder-el-7  el_before_av_textblock  avia-builder-el-first  av-linked-heading'><h2 class='av-special-heading-tag '  itemprop=\"headline\"  >Ofrecemos soluciones tecnol\u00f3gicas avanzadas<\/h2><div class=\"special-heading-border\"><div class=\"special-heading-inner-border\"><\/div><\/div><\/div><br \/>\n<section  class='av_textblock_section av-2rin6g-dbf3ac6c88feb03bcc01e17847a5631b '   itemscope=\"itemscope\" itemtype=\"https:\/\/schema.org\/CreativeWork\" ><div class='avia_textblock'  itemprop=\"text\" ><p>El departamento de Investigaci\u00f3n y Desarrollo es nuestro buque insignia y busca constantemente nuevas soluciones para proporcionar una renovaci\u00f3n tecnol\u00f3gica continua de nuestras m\u00e1quinas. La calidad, la eficiencia y la fiabilidad son las piedras angulares de nuestra ingenier\u00eda. La introducci\u00f3n de nuevas tecnolog\u00edas, en lo que respecta a los componentes y sus aplicaciones, nos ha permitido continuar con la evoluci\u00f3n y ampliaci\u00f3n de nuestra gama de productos. De este modo, podemos ofrecer una amplia variedad de soluciones y evaluar junto con el cliente cu\u00e1l de ellas se ajusta mejor a sus necesidades.<\/p>\n<p>Nuestra pol\u00edtica es utilizar la tecnolog\u00eda m\u00e1s avanzada y optimizar cada uno de los componentes del sistema para maximizar la eficiencia y reducir el tama\u00f1o y el peso de las m\u00e1quinas. Todo ello conlleva importantes ventajas desde varios puntos de vista: la reducci\u00f3n de los costes de puesta en marcha; la posibilidad de prever instalaciones incluso en locales con problemas de espacio; la garant\u00eda de un retorno de la inversi\u00f3n satisfactorio.<\/p>\n<p>La gran atenci\u00f3n prestada a la b\u00fasqueda de soluciones cada vez mejores y tecnol\u00f3gicamente avanzadas ha permitido a nuestro departamento de I+D desarrollar algunas de las aplicaciones m\u00e1s vanguardistas en el sector de la climatizaci\u00f3n, como la primera enfriadora del mundo con HFO1234ze, realizada para Waitrose, la primera enfriadora de Europa con ciclo dual combinado de propano y di\u00f3xido de carbono, o el innovador Dynamic Noise Control (DNC) para el control del ruido.<\/p>\n<p><!--:--><\/p>\n<\/div><\/section><\/p>\n<\/div><\/div><\/div>\n","protected":false},"excerpt":{"rendered":"","protected":false},"author":1,"featured_media":0,"parent":0,"menu_order":0,"comment_status":"closed","ping_status":"closed","template":"","meta":{"footnotes":""},"class_list":["post-28451","page","type-page","status-publish","hentry"],"yoast_head":"<!-- This site is optimized with the Yoast SEO Premium plugin v27.4 (Yoast SEO v27.4) - https:\/\/yoast.com\/product\/yoast-seo-premium-wordpress\/ -->\n<title>Personalizaci\u00f3n para cada instalaci\u00f3n | Geoclima<\/title>\n<meta name=\"description\" content=\"Desde la fase de di\u00e1logo hasta el servicio postventa, nuestro m\u00e9todo se basa en la personalizaci\u00f3n: las mejores soluciones para cada instalaci\u00f3n.\" \/>\n<meta name=\"robots\" content=\"index, follow, max-snippet:-1, max-image-preview:large, max-video-preview:-1\" \/>\n<link rel=\"canonical\" href=\"https:\/\/www.geoclima.com\/es\/metodo\/\" \/>\n<meta property=\"og:locale\" content=\"es_ES\" \/>\n<meta property=\"og:type\" content=\"article\" \/>\n<meta property=\"og:title\" content=\"M\u00e9todo\" \/>\n<meta property=\"og:description\" content=\"Desde la fase de di\u00e1logo hasta el servicio postventa, nuestro m\u00e9todo se basa en la personalizaci\u00f3n: las mejores soluciones para cada instalaci\u00f3n.\" \/>\n<meta property=\"og:url\" content=\"https:\/\/www.geoclima.com\/es\/metodo\/\" \/>\n<meta property=\"og:site_name\" content=\"Geoclima\" \/>\n<meta property=\"article:publisher\" content=\"https:\/\/www.facebook.com\/GeoclimaWorld\/\" \/>\n<meta property=\"article:modified_time\" content=\"2022-07-19T10:22:40+00:00\" \/>\n<meta name=\"twitter:label1\" content=\"Tiempo de lectura\" \/>\n\t<meta name=\"twitter:data1\" content=\"4 minutos\" \/>\n<script type=\"application\/ld+json\" class=\"yoast-schema-graph\">{\"@context\":\"https:\\\/\\\/schema.org\",\"@graph\":[{\"@type\":\"WebPage\",\"@id\":\"https:\\\/\\\/www.geoclima.com\\\/es\\\/metodo\\\/\",\"url\":\"https:\\\/\\\/www.geoclima.com\\\/es\\\/metodo\\\/\",\"name\":\"Personalizaci\u00f3n para cada instalaci\u00f3n | Geoclima\",\"isPartOf\":{\"@id\":\"https:\\\/\\\/www.geoclima.com\\\/es\\\/#website\"},\"datePublished\":\"2013-10-08T07:03:42+00:00\",\"dateModified\":\"2022-07-19T10:22:40+00:00\",\"description\":\"Desde la fase de di\u00e1logo hasta el servicio postventa, nuestro m\u00e9todo se basa en la personalizaci\u00f3n: las mejores soluciones para cada instalaci\u00f3n.\",\"breadcrumb\":{\"@id\":\"https:\\\/\\\/www.geoclima.com\\\/es\\\/metodo\\\/#breadcrumb\"},\"inLanguage\":\"es\",\"potentialAction\":[{\"@type\":\"ReadAction\",\"target\":[\"https:\\\/\\\/www.geoclima.com\\\/es\\\/metodo\\\/\"]}]},{\"@type\":\"BreadcrumbList\",\"@id\":\"https:\\\/\\\/www.geoclima.com\\\/es\\\/metodo\\\/#breadcrumb\",\"itemListElement\":[{\"@type\":\"ListItem\",\"position\":1,\"name\":\"Home\",\"item\":\"https:\\\/\\\/www.geoclima.com\\\/es\\\/\"},{\"@type\":\"ListItem\",\"position\":2,\"name\":\"M\u00e9todo\"}]},{\"@type\":\"WebSite\",\"@id\":\"https:\\\/\\\/www.geoclima.com\\\/es\\\/#website\",\"url\":\"https:\\\/\\\/www.geoclima.com\\\/es\\\/\",\"name\":\"Geoclima\",\"description\":\"Smart HVAC solutions\",\"publisher\":{\"@id\":\"https:\\\/\\\/www.geoclima.com\\\/es\\\/#organization\"},\"potentialAction\":[{\"@type\":\"SearchAction\",\"target\":{\"@type\":\"EntryPoint\",\"urlTemplate\":\"https:\\\/\\\/www.geoclima.com\\\/es\\\/?s={search_term_string}\"},\"query-input\":{\"@type\":\"PropertyValueSpecification\",\"valueRequired\":true,\"valueName\":\"search_term_string\"}}],\"inLanguage\":\"es\"},{\"@type\":\"Organization\",\"@id\":\"https:\\\/\\\/www.geoclima.com\\\/es\\\/#organization\",\"name\":\"Geoclima Srl\",\"url\":\"https:\\\/\\\/www.geoclima.com\\\/es\\\/\",\"logo\":{\"@type\":\"ImageObject\",\"inLanguage\":\"es\",\"@id\":\"https:\\\/\\\/www.geoclima.com\\\/es\\\/#\\\/schema\\\/logo\\\/image\\\/\",\"url\":\"https:\\\/\\\/www.geoclima.com\\\/wp-content\\\/uploads\\\/2014\\\/03\\\/logo-geo.png\",\"contentUrl\":\"https:\\\/\\\/www.geoclima.com\\\/wp-content\\\/uploads\\\/2014\\\/03\\\/logo-geo.png\",\"width\":280,\"height\":53,\"caption\":\"Geoclima Srl\"},\"image\":{\"@id\":\"https:\\\/\\\/www.geoclima.com\\\/es\\\/#\\\/schema\\\/logo\\\/image\\\/\"},\"sameAs\":[\"https:\\\/\\\/www.facebook.com\\\/GeoclimaWorld\\\/\",\"https:\\\/\\\/x.com\\\/GeoclimaWeb\",\"https:\\\/\\\/www.instagram.com\\\/geoclima\",\"https:\\\/\\\/www.linkedin.com\\\/company\\\/geoclima\",\"https:\\\/\\\/www.youtube.com\\\/user\\\/geoclimaweb\"]}]}<\/script>\n<!-- \/ Yoast SEO Premium plugin. -->","yoast_head_json":{"title":"Personalizaci\u00f3n para cada instalaci\u00f3n | Geoclima","description":"Desde la fase de di\u00e1logo hasta el servicio postventa, nuestro m\u00e9todo se basa en la personalizaci\u00f3n: las mejores soluciones para cada instalaci\u00f3n.","robots":{"index":"index","follow":"follow","max-snippet":"max-snippet:-1","max-image-preview":"max-image-preview:large","max-video-preview":"max-video-preview:-1"},"canonical":"https:\/\/www.geoclima.com\/es\/metodo\/","og_locale":"es_ES","og_type":"article","og_title":"M\u00e9todo","og_description":"Desde la fase de di\u00e1logo hasta el servicio postventa, nuestro m\u00e9todo se basa en la personalizaci\u00f3n: las mejores soluciones para cada instalaci\u00f3n.","og_url":"https:\/\/www.geoclima.com\/es\/metodo\/","og_site_name":"Geoclima","article_publisher":"https:\/\/www.facebook.com\/GeoclimaWorld\/","article_modified_time":"2022-07-19T10:22:40+00:00","twitter_misc":{"Tiempo de lectura":"4 minutos"},"schema":{"@context":"https:\/\/schema.org","@graph":[{"@type":"WebPage","@id":"https:\/\/www.geoclima.com\/es\/metodo\/","url":"https:\/\/www.geoclima.com\/es\/metodo\/","name":"Personalizaci\u00f3n para cada instalaci\u00f3n | Geoclima","isPartOf":{"@id":"https:\/\/www.geoclima.com\/es\/#website"},"datePublished":"2013-10-08T07:03:42+00:00","dateModified":"2022-07-19T10:22:40+00:00","description":"Desde la fase de di\u00e1logo hasta el servicio postventa, nuestro m\u00e9todo se basa en la personalizaci\u00f3n: las mejores soluciones para cada instalaci\u00f3n.","breadcrumb":{"@id":"https:\/\/www.geoclima.com\/es\/metodo\/#breadcrumb"},"inLanguage":"es","potentialAction":[{"@type":"ReadAction","target":["https:\/\/www.geoclima.com\/es\/metodo\/"]}]},{"@type":"BreadcrumbList","@id":"https:\/\/www.geoclima.com\/es\/metodo\/#breadcrumb","itemListElement":[{"@type":"ListItem","position":1,"name":"Home","item":"https:\/\/www.geoclima.com\/es\/"},{"@type":"ListItem","position":2,"name":"M\u00e9todo"}]},{"@type":"WebSite","@id":"https:\/\/www.geoclima.com\/es\/#website","url":"https:\/\/www.geoclima.com\/es\/","name":"Geoclima","description":"Smart HVAC solutions","publisher":{"@id":"https:\/\/www.geoclima.com\/es\/#organization"},"potentialAction":[{"@type":"SearchAction","target":{"@type":"EntryPoint","urlTemplate":"https:\/\/www.geoclima.com\/es\/?s={search_term_string}"},"query-input":{"@type":"PropertyValueSpecification","valueRequired":true,"valueName":"search_term_string"}}],"inLanguage":"es"},{"@type":"Organization","@id":"https:\/\/www.geoclima.com\/es\/#organization","name":"Geoclima Srl","url":"https:\/\/www.geoclima.com\/es\/","logo":{"@type":"ImageObject","inLanguage":"es","@id":"https:\/\/www.geoclima.com\/es\/#\/schema\/logo\/image\/","url":"https:\/\/www.geoclima.com\/wp-content\/uploads\/2014\/03\/logo-geo.png","contentUrl":"https:\/\/www.geoclima.com\/wp-content\/uploads\/2014\/03\/logo-geo.png","width":280,"height":53,"caption":"Geoclima Srl"},"image":{"@id":"https:\/\/www.geoclima.com\/es\/#\/schema\/logo\/image\/"},"sameAs":["https:\/\/www.facebook.com\/GeoclimaWorld\/","https:\/\/x.com\/GeoclimaWeb","https:\/\/www.instagram.com\/geoclima","https:\/\/www.linkedin.com\/company\/geoclima","https:\/\/www.youtube.com\/user\/geoclimaweb"]}]}},"_links":{"self":[{"href":"https:\/\/www.geoclima.com\/es\/wp-json\/wp\/v2\/pages\/28451","targetHints":{"allow":["GET"]}}],"collection":[{"href":"https:\/\/www.geoclima.com\/es\/wp-json\/wp\/v2\/pages"}],"about":[{"href":"https:\/\/www.geoclima.com\/es\/wp-json\/wp\/v2\/types\/page"}],"author":[{"embeddable":true,"href":"https:\/\/www.geoclima.com\/es\/wp-json\/wp\/v2\/users\/1"}],"replies":[{"embeddable":true,"href":"https:\/\/www.geoclima.com\/es\/wp-json\/wp\/v2\/comments?post=28451"}],"version-history":[{"count":3,"href":"https:\/\/www.geoclima.com\/es\/wp-json\/wp\/v2\/pages\/28451\/revisions"}],"predecessor-version":[{"id":28486,"href":"https:\/\/www.geoclima.com\/es\/wp-json\/wp\/v2\/pages\/28451\/revisions\/28486"}],"wp:attachment":[{"href":"https:\/\/www.geoclima.com\/es\/wp-json\/wp\/v2\/media?parent=28451"}],"curies":[{"name":"wp","href":"https:\/\/api.w.org\/{rel}","templated":true}]}}