{"id":28800,"date":"2018-04-24T16:53:36","date_gmt":"2018-04-24T14:53:36","guid":{"rendered":"https:\/\/www.geoclima.com\/privacy\/"},"modified":"2022-07-27T11:03:57","modified_gmt":"2022-07-27T09:03:57","slug":"privacidad","status":"publish","type":"page","link":"https:\/\/www.geoclima.com\/es\/privacidad\/","title":{"rendered":"Privacidad"},"content":{"rendered":"<h1>POL\u00cdTICA DE PRIVACIDAD PARA LAS ACTIVIDADES EN L\u00cdNEA<\/h1>\n<p>Informaci\u00f3n proporcionada de acuerdo con el GDPR &#8211; Reglamento de la UE 2016\/679 a aquellos que interact\u00faan con los servicios web de Geoclima S.r.l. Unipersonale accesible por medios electr\u00f3nicos desde la direcci\u00f3n www.geoclima.com. La informaci\u00f3n se proporciona \u00fanicamente para el sitio web de www.geoclima.com y no para otros sitios web que pueda consultar el usuario a trav\u00e9s de enlaces.<\/p>\n<p>En cumplimiento de las obligaciones derivadas del GDPR &#8211; Reglamento UE 2016\/679 le informamos que Geoclima S.r.l. Unipersonale, con domicilio social en Via dell&#8217;Industria 12 &#8211; 34077 Ronchi dei Legionari (GO) Italia, en calidad de Responsable del Tratamiento tratar\u00e1 los datos personales libremente facilitados por el usuario\/visitante en cumplimiento de la normativa vigente.<\/p>\n<p>En particular, el tratamiento se basar\u00e1 en los principios de correcci\u00f3n, licitud y transparencia previstos en el RGPD &#8211; Reglamento UE 2016\/679: los datos no ser\u00e1n excesivos, adem\u00e1s de ser recogidos y registrados para los fines mencionados en el punto 1 y almacenados durante el per\u00edodo de tiempo necesario para los fines para los que fueron recogidos.<\/p>\n<h3>1. Informaci\u00f3n general<\/h3>\n<p><strong>1.1. Fines del tratamiento<\/strong><\/p>\n<p>Los datos de car\u00e1cter personal facilitados, ser\u00e1n tratados en cumplimiento de las condiciones de licitud ex art. 6 f) Reg. UE 2016\/679 para los siguientes fines:<\/p>\n<ul>\n<li>navegaci\u00f3n en este sitio web<\/li>\n<li>eventual recopilaci\u00f3n de formularios de recogida de datos para la selecci\u00f3n de personal<\/li>\n<li>posible elaboraci\u00f3n de formularios de recogida de datos para recibir boletines informativos, comunicaciones promocionales por correo electr\u00f3nico o notificaciones autom\u00e1ticas de nuevos art\u00edculos o comentarios.<\/li>\n<\/ul>\n<p><strong>1.2. Destinatarios de los datos<\/strong><\/p>\n<p>Los datos de car\u00e1cter personal suministrados ser\u00e1n comunicados a los destinatarios, que tratar\u00e1n los datos en su calidad de encargados del tratamiento (art. 28 del Reg. 2016\/679 de la UE) y\/o como personas f\u00edsicas que act\u00faan bajo la autoridad del Responsable y del Encargado del Tratamiento (art. 29 del Reg. 2016\/679 de la UE), para las finalidades indicadas anteriormente. Precisamente, los datos se comunicar\u00e1n a:<\/p>\n<ul>\n<li>sujetos que prestan servicios de gesti\u00f3n del sistema de informaci\u00f3n y de las redes de comunicaci\u00f3n (incluido el correo electr\u00f3nico)<\/li>\n<li>empresas en el marco de las relaciones de asistencia y asesoramiento<\/li>\n<li>las autoridades competentes para el cumplimiento de las obligaciones y\/o disposiciones legales de los organismos p\u00fablicos, previa solicitud<\/li>\n<li>en caso de fines administrativo-contables, los datos podr\u00e1n ser eventualmente transmitidos a empresas de informaci\u00f3n comercial para la evaluaci\u00f3n de la solvencia y los h\u00e1bitos de pago y\/o a sujetos con fines de cobro de deudas.<\/li>\n<\/ul>\n<p>Los sujetos pertenecientes a las categor\u00edas mencionadas anteriormente desempe\u00f1an la funci\u00f3n de Responsable del tratamiento de Datos, operan de forma totalmente independiente como Controladores de Datos separados.<\/p>\n<h3>2. M\u00e9todo de tratamiento<\/h3>\n<p>Los datos podr\u00e1n ser tratados de forma no autom\u00e1tica o con la ayuda de herramientas electr\u00f3nicas, inform\u00e1ticas y telem\u00e1ticas, durante el tiempo estrictamente necesario para lograr los fines para los que fueron recogidos. Los m\u00e9todos de tratamiento ser\u00e1n los adecuados para garantizar la seguridad y confidencialidad de los datos de acuerdo con lo establecido en el GDPR &#8211; Reglamento UE 2016\/679 relativo a las &#8220;medidas m\u00ednimas de seguridad&#8221; para el tratamiento de datos personales.<br \/>\nLos datos recogidos no ser\u00e1n comunicados -salvo en los casos de comunicaciones obligatorias por ley- ni difundidos, salvo lo indicado en el punto n\u00ba 1.4., salvo de forma an\u00f3nima y agregada, con fines estad\u00edsticos y de promoci\u00f3n de las actividades de Geoclima.<br \/>\nS\u00f3lo con el consentimiento expreso del interesado, la direcci\u00f3n de correo electr\u00f3nico del solicitante podr\u00e1 utilizarse para enviar comunicaciones relativas a las iniciativas de Geoclima que se consideren de inter\u00e9s para el solicitante.<br \/>\nEn la realizaci\u00f3n del tratamiento se adoptar\u00e1n todas las medidas de seguridad t\u00e9cnicas, inform\u00e1ticas, organizativas, log\u00edsticas y procedimentales previstas en el GDPR &#8211; Reglamento UE 2016\/679, de forma que se garanticen las medidas m\u00ednimas de protecci\u00f3n de datos previstas en la ley.<br \/>\nLas citadas medidas de seguridad garantizar\u00e1n el acceso a los datos \u00fanicamente a las personas encargadas del tratamiento por parte de Geoclima mencionadas en el punto 4.<\/p>\n<p><strong>2.1. Per\u00edodo de conservaci\u00f3n de los datos<\/strong><br \/>\nLos datos recogidos para los fines indicados en el apartado 1.4 se conservan durante la duraci\u00f3n de la suscripci\u00f3n del Suscriptor al Servicio de Boletines Informativos y durante los 10 a\u00f1os siguientes a la terminaci\u00f3n, cancelaci\u00f3n o retirada del mismo, salvo en los casos en que se requiera su conservaci\u00f3n durante un periodo posterior por motivos de litigio, solicitudes de las autoridades competentes o en virtud de la legislaci\u00f3n aplicable. Al final del per\u00edodo de conservaci\u00f3n, los datos ser\u00e1n eliminados, anonimizados o agregados.<\/p>\n<p><strong>2.2. Transferencia de datos<\/strong><br \/>\nLos datos personales ser\u00e1n tratados por Geoclima en el territorio de la Uni\u00f3n Europea. En el caso de que sea necesario utilizar sujetos ubicados fuera de la Uni\u00f3n Europea por razones t\u00e9cnicas y\/o operativas, o en el caso de que sea necesario transferir algunos de los datos recogidos a sistemas y servicios t\u00e9cnicos gestionados en la nube y ubicados fuera del espacio de la Uni\u00f3n Europea, el tratamiento se regular\u00e1 de conformidad con las disposiciones del cap\u00edtulo V del Reglamento y se autorizar\u00e1 sobre la base de decisiones espec\u00edficas de la Uni\u00f3n Europea. Por lo tanto, se tomar\u00e1n todas las precauciones necesarias para garantizar la m\u00e1s completa protecci\u00f3n de los datos personales, basando dicha transferencia: a) en las decisiones de adecuaci\u00f3n expresadas por la Comisi\u00f3n Europea; b) en las garant\u00edas adecuadas expresadas por el tercero receptor en virtud del art\u00edculo 46 del Reglamento; c) en la adopci\u00f3n de normas corporativas vinculantes.<\/p>\n<h3>3. <strong>Tipo de datos<\/strong><\/h3>\n<p><strong>3.1. Datos de navegaci\u00f3n<\/strong><\/p>\n<p>Los sistemas inform\u00e1ticos y el software utilizados para el funcionamiento de este sitio adquieren, durante su operaci\u00f3n normal, algunos datos personales cuya transmisi\u00f3n est\u00e1 impl\u00edcita en el uso de los protocolos de comunicaci\u00f3n de Internet.<\/p>\n<p>Esta categor\u00eda de datos puede incluir las direcciones IP o los nombres de dominio de los ordenadores y terminales utilizados por los usuarios, las direcciones de notaci\u00f3n URI\/URL (Uniform Resource Identifier\/Locator) de los recursos solicitados, la hora de la solicitud, el m\u00e9todo utilizado para presentar la solicitud al servidor, el tama\u00f1o del archivo obtenido como respuesta, el c\u00f3digo num\u00e9rico que indica el estado de la respuesta dada por el servidor (\u00e9xito, error, etc.) y otros par\u00e1metros relativos al sistema operativo y al entorno inform\u00e1tico del usuario.<\/p>\n<p>Estos datos, necesarios para el uso de los servicios web, tambi\u00e9n se tratan para:<\/p>\n<ul>\n<li>obtener informaci\u00f3n estad\u00edstica sobre el uso de los servicios (p\u00e1ginas m\u00e1s visitadas, n\u00famero de visitantes por franja horaria o por d\u00eda, zonas geogr\u00e1ficas de procedencia, etc.)<\/li>\n<li>comprobar el correcto funcionamiento de los servicios ofrecidos<\/li>\n<\/ul>\n<p>Los datos de navegaci\u00f3n se adquieren y procesan a trav\u00e9s de la plataforma de Google Analytics y tienen un tiempo de retenci\u00f3n en los servidores de Google de 26 meses.<\/p>\n<p><strong>3.2. Datos proporcionados voluntariamente por el usuario\/visitante<\/strong><\/p>\n<p>El env\u00edo facultativo, expl\u00edcito y voluntario de mensajes a las direcciones de contacto de Geoclima, as\u00ed como la cumplimentaci\u00f3n y el reenv\u00edo de los formularios del sitio, conllevan la adquisici\u00f3n de los datos de contacto del remitente, necesarios para responder, as\u00ed como de todos los datos personales incluidos en las comunicaciones.<\/p>\n<p>Los datos recogidos se utilizar\u00e1n para los siguientes fines:<\/p>\n<ul>\n<li>responder a las solicitudes recibidas<\/li>\n<li>para mejorar nuestro Sitio (utilizamos los comentarios de los usuarios para mejorar nuestros servicios);<\/li>\n<li>crear promociones, encuestas, enviar informaci\u00f3n a los usuarios sobre temas que creemos que pueden ser de su inter\u00e9s;<\/li>\n<li>para enviar correos electr\u00f3nicos peri\u00f3dicos, podemos utilizar las direcciones de correo electr\u00f3nico de los usuarios\/visitantes para enviarles informaci\u00f3n y actualizaciones; la misma direcci\u00f3n puede utilizarse para responder a sus preguntas y solicitudes.<\/li>\n<\/ul>\n<p>El usuario\/visitante puede ejercer en todo momento sus derechos, frente al responsable del tratamiento, de acuerdo con el GDPR &#8211; Reglamento UE 2016\/679.<\/p>\n<p><strong>3.3. Cookies<\/strong><br \/>\nConsulte el texto completo de la <a href=\"https:\/\/www.geoclima.com\/es\/cookies\" target=\"_blank\" rel=\"noopener\">pol\u00edtica de cookies<\/a>.<\/p>\n<p><strong>3.4. Botones para compartir en redes sociales<\/strong><br \/>\nNuestro sitio web contiene botones para compartir en las redes sociales. Estos botones son s\u00f3lo enlaces a redes externas que permiten compartir contenidos de nuestro sitio web dentro de estas redes. Estos botones no transmiten ning\u00fan dato a estas redes m\u00e1s all\u00e1 de lo que usted haga clic. Despu\u00e9s de hacer clic en uno de estos botones, se le redirigir\u00e1 a un formulario para compartir en la red social respectiva con informaci\u00f3n previamente rellenada.<\/p>\n<p><strong>3.5. Newsletter<\/strong><\/p>\n<p>Este sitio web utiliza los servicios de MailChimp para enviar boletines informativos. Este servicio es proporcionado por Rocket Science Group LLC, 675 Ponce De Leon Ave NE, Suite 5000, Atlanta, GA 30308, USA. MailChimp es un servicio que organiza y analiza la distribuci\u00f3n de boletines informativos. Si proporciona datos (por ejemplo, su direcci\u00f3n de correo electr\u00f3nico) para suscribirse a nuestro bolet\u00edn de noticias, se almacenar\u00e1n en los servidores de MailChimp en los Estados Unidos. MailChimp est\u00e1 certificado por el Escudo de Privacidad UE-EEUU. El Escudo de la Privacidad es un acuerdo entre la Uni\u00f3n Europea (UE) y Estados Unidos para garantizar el cumplimiento de las normas de privacidad europeas en Estados Unidos. Utilizamos MailChimp para analizar nuestras campa\u00f1as de boletines. Cuando usted abre un correo electr\u00f3nico enviado por MailChimp, un archivo incluido en el correo electr\u00f3nico (llamado web beacon) se conecta a los servidores de MailChimp en Estados Unidos. Esto nos permite determinar si se ha abierto un mensaje del bolet\u00edn informativo y en qu\u00e9 enlaces se ha hecho clic. Adem\u00e1s, se recoge informaci\u00f3n t\u00e9cnica (por ejemplo, la hora de recuperaci\u00f3n, la direcci\u00f3n IP, el tipo de navegador y el sistema operativo). Esta informaci\u00f3n no puede ser asignada a un destinatario espec\u00edfico. S\u00f3lo se utiliza para el an\u00e1lisis estad\u00edstico de nuestras campa\u00f1as de boletines. Los resultados de este an\u00e1lisis pueden utilizarse para adaptar mejor los futuros boletines a sus intereses. Si no quiere que su uso del bolet\u00edn sea analizado por MailChimp, debe darse de baja del bolet\u00edn. Para ello, proporcionamos un enlace en cada bolet\u00edn que enviamos. Tambi\u00e9n puede darse de baja del bolet\u00edn directamente en el sitio web. El tratamiento de datos se basa en el art\u00edculo 6 (1) (a) del RGPD. Puede revocar su consentimiento en cualquier momento d\u00e1ndose de baja del bolet\u00edn. Los datos tratados antes de recibir su solicitud pueden seguir siendo tratados legalmente. Los datos que proporcione al registrarse en el bolet\u00edn se utilizar\u00e1n para distribuir el bolet\u00edn hasta que se d\u00e9 de baja, momento en el que estos datos se eliminar\u00e1n de nuestros servidores y de los de MailChimp. Los datos que hemos almacenado para otros fines (por ejemplo, las direcciones de correo electr\u00f3nico para el \u00e1rea de miembros) no se ver\u00e1n afectados. Para m\u00e1s detalles, consulte la pol\u00edtica de privacidad de MailChimp en <a href=\"https:\/\/mailchimp.com\/legal\/terms\" target=\"_blank\" rel=\"noopener\">https:\/\/mailchimp.com\/legal\/terms<\/a>.<\/p>\n<h3>4. Derechos de los interesados<\/h3>\n<p>Cualquier persona f\u00edsica que utilice nuestro servicio puede:<\/p>\n<ul>\n<li>obtener del responsable del tratamiento, en cualquier momento, informaci\u00f3n sobre la existencia de sus datos personales, su origen, los fines y m\u00e9todos de tratamiento y, en su caso, obtener acceso a sus datos personales y a la informaci\u00f3n mencionada en el art\u00edculo 15 del RGPD<\/li>\n<li>solicitar la actualizaci\u00f3n, la rectificaci\u00f3n, la integraci\u00f3n, la supresi\u00f3n, la limitaci\u00f3n del tratamiento de los datos si se aplica una de las condiciones establecidas en el art\u00edculo 18 del RGPD, la transformaci\u00f3n en forma an\u00f3nima o el bloqueo de los datos personales tratados en violaci\u00f3n de la ley, incluidos los datos cuya conservaci\u00f3n no es necesaria en relaci\u00f3n con los fines para los que fueron recogidos y\/o tratados posteriormente<\/li>\n<li>oponerse, total o parcialmente, por motivos leg\u00edtimos, al tratamiento de los datos, aunque sean pertinentes a la finalidad de la recogida y al tratamiento de los datos personales con fines de informaci\u00f3n comercial o de env\u00edo de material publicitario o de venta directa o para la realizaci\u00f3n de estudios de mercado o de comunicaci\u00f3n comercial. Todo usuario tiene tambi\u00e9n derecho a revocar su consentimiento en cualquier momento, sin perjuicio de la legalidad del tratamiento basado en el consentimiento dado antes de la revocaci\u00f3n<\/li>\n<li>recibir sus datos personales, facilitados de forma consciente y activa o mediante el uso del servicio, en un formato estructurado, de uso com\u00fan y legible por m\u00e1quina, y transmitirlos a otro responsable del tratamiento sin obst\u00e1culos<\/li>\n<li>presentar una queja ante la Autoridad de Protecci\u00f3n de Datos italiana.<\/li>\n<\/ul>\n<p>Le recordamos que para cualquier pregunta o solicitud relacionada con sus datos personales y el respeto a su privacidad, puede escribir a <a href=\"mailto:info@geoclima.com\" target=\"_blank\" rel=\"noopener\">info@geoclima.com<\/a>.<\/p>\n<h3>5. Modificaciones y actualizaciones<\/h3>\n<p>Geoclima S.r.l. Unipersonale tambi\u00e9n puede realizar cambios y\/o adiciones a dicho aviso de informaci\u00f3n, tambi\u00e9n como consecuencia de la entrada en vigor del Reglamento de Privacidad y cualquier cambio y\/o adici\u00f3n regulatoria posterior. Las modificaciones se notificar\u00e1n con antelaci\u00f3n y el interesado podr\u00e1 ver el texto de la informaci\u00f3n constantemente actualizada en la secci\u00f3n de privacidad del sitio www.geoclima.com.<\/p>\n","protected":false},"excerpt":{"rendered":"<p>POL\u00cdTICA DE PRIVACIDAD PARA LAS ACTIVIDADES EN L\u00cdNEA Informaci\u00f3n proporcionada de acuerdo con el GDPR &#8211; Reglamento de la UE 2016\/679 a aquellos que interact\u00faan con los servicios web de Geoclima S.r.l. Unipersonale accesible por medios electr\u00f3nicos desde la direcci\u00f3n www.geoclima.com. La informaci\u00f3n se proporciona \u00fanicamente para el sitio web de www.geoclima.com y no para [&hellip;]<\/p>\n","protected":false},"author":1,"featured_media":0,"parent":0,"menu_order":0,"comment_status":"closed","ping_status":"closed","template":"","meta":{"footnotes":""},"class_list":["post-28800","page","type-page","status-publish","hentry"],"yoast_head":"<!-- This site is optimized with the Yoast SEO Premium plugin v27.4 (Yoast SEO v27.4) - https:\/\/yoast.com\/product\/yoast-seo-premium-wordpress\/ -->\n<title>Privacidad | Geoclima<\/title>\n<meta name=\"robots\" content=\"index, follow, max-snippet:-1, max-image-preview:large, max-video-preview:-1\" \/>\n<link rel=\"canonical\" href=\"https:\/\/www.geoclima.com\/es\/privacidad\/\" \/>\n<meta property=\"og:locale\" content=\"es_ES\" \/>\n<meta property=\"og:type\" content=\"article\" \/>\n<meta property=\"og:title\" content=\"Privacidad\" \/>\n<meta property=\"og:description\" content=\"POL\u00cdTICA DE PRIVACIDAD PARA LAS ACTIVIDADES EN L\u00cdNEA Informaci\u00f3n proporcionada de acuerdo con el GDPR &#8211; Reglamento de la UE 2016\/679 a aquellos que interact\u00faan con los servicios web de Geoclima S.r.l. Unipersonale accesible por medios electr\u00f3nicos desde la direcci\u00f3n www.geoclima.com. La informaci\u00f3n se proporciona \u00fanicamente para el sitio web de www.geoclima.com y no para [&hellip;]\" \/>\n<meta property=\"og:url\" content=\"https:\/\/www.geoclima.com\/es\/privacidad\/\" \/>\n<meta property=\"og:site_name\" content=\"Geoclima\" \/>\n<meta property=\"article:publisher\" content=\"https:\/\/www.facebook.com\/GeoclimaWorld\/\" \/>\n<meta property=\"article:modified_time\" content=\"2022-07-27T09:03:57+00:00\" \/>\n<meta name=\"twitter:label1\" content=\"Tiempo de lectura\" \/>\n\t<meta name=\"twitter:data1\" content=\"10 minutos\" \/>\n<script type=\"application\/ld+json\" class=\"yoast-schema-graph\">{\"@context\":\"https:\\\/\\\/schema.org\",\"@graph\":[{\"@type\":\"WebPage\",\"@id\":\"https:\\\/\\\/www.geoclima.com\\\/es\\\/privacidad\\\/\",\"url\":\"https:\\\/\\\/www.geoclima.com\\\/es\\\/privacidad\\\/\",\"name\":\"Privacidad | Geoclima\",\"isPartOf\":{\"@id\":\"https:\\\/\\\/www.geoclima.com\\\/es\\\/#website\"},\"datePublished\":\"2018-04-24T14:53:36+00:00\",\"dateModified\":\"2022-07-27T09:03:57+00:00\",\"breadcrumb\":{\"@id\":\"https:\\\/\\\/www.geoclima.com\\\/es\\\/privacidad\\\/#breadcrumb\"},\"inLanguage\":\"es\",\"potentialAction\":[{\"@type\":\"ReadAction\",\"target\":[\"https:\\\/\\\/www.geoclima.com\\\/es\\\/privacidad\\\/\"]}]},{\"@type\":\"BreadcrumbList\",\"@id\":\"https:\\\/\\\/www.geoclima.com\\\/es\\\/privacidad\\\/#breadcrumb\",\"itemListElement\":[{\"@type\":\"ListItem\",\"position\":1,\"name\":\"Home\",\"item\":\"https:\\\/\\\/www.geoclima.com\\\/es\\\/\"},{\"@type\":\"ListItem\",\"position\":2,\"name\":\"Privacidad\"}]},{\"@type\":\"WebSite\",\"@id\":\"https:\\\/\\\/www.geoclima.com\\\/es\\\/#website\",\"url\":\"https:\\\/\\\/www.geoclima.com\\\/es\\\/\",\"name\":\"Geoclima\",\"description\":\"Smart HVAC solutions\",\"publisher\":{\"@id\":\"https:\\\/\\\/www.geoclima.com\\\/es\\\/#organization\"},\"potentialAction\":[{\"@type\":\"SearchAction\",\"target\":{\"@type\":\"EntryPoint\",\"urlTemplate\":\"https:\\\/\\\/www.geoclima.com\\\/es\\\/?s={search_term_string}\"},\"query-input\":{\"@type\":\"PropertyValueSpecification\",\"valueRequired\":true,\"valueName\":\"search_term_string\"}}],\"inLanguage\":\"es\"},{\"@type\":\"Organization\",\"@id\":\"https:\\\/\\\/www.geoclima.com\\\/es\\\/#organization\",\"name\":\"Geoclima Srl\",\"url\":\"https:\\\/\\\/www.geoclima.com\\\/es\\\/\",\"logo\":{\"@type\":\"ImageObject\",\"inLanguage\":\"es\",\"@id\":\"https:\\\/\\\/www.geoclima.com\\\/es\\\/#\\\/schema\\\/logo\\\/image\\\/\",\"url\":\"https:\\\/\\\/www.geoclima.com\\\/wp-content\\\/uploads\\\/2014\\\/03\\\/logo-geo.png\",\"contentUrl\":\"https:\\\/\\\/www.geoclima.com\\\/wp-content\\\/uploads\\\/2014\\\/03\\\/logo-geo.png\",\"width\":280,\"height\":53,\"caption\":\"Geoclima Srl\"},\"image\":{\"@id\":\"https:\\\/\\\/www.geoclima.com\\\/es\\\/#\\\/schema\\\/logo\\\/image\\\/\"},\"sameAs\":[\"https:\\\/\\\/www.facebook.com\\\/GeoclimaWorld\\\/\",\"https:\\\/\\\/x.com\\\/GeoclimaWeb\",\"https:\\\/\\\/www.instagram.com\\\/geoclima\",\"https:\\\/\\\/www.linkedin.com\\\/company\\\/geoclima\",\"https:\\\/\\\/www.youtube.com\\\/user\\\/geoclimaweb\"]}]}<\/script>\n<!-- \/ Yoast SEO Premium plugin. -->","yoast_head_json":{"title":"Privacidad | Geoclima","robots":{"index":"index","follow":"follow","max-snippet":"max-snippet:-1","max-image-preview":"max-image-preview:large","max-video-preview":"max-video-preview:-1"},"canonical":"https:\/\/www.geoclima.com\/es\/privacidad\/","og_locale":"es_ES","og_type":"article","og_title":"Privacidad","og_description":"POL\u00cdTICA DE PRIVACIDAD PARA LAS ACTIVIDADES EN L\u00cdNEA Informaci\u00f3n proporcionada de acuerdo con el GDPR &#8211; Reglamento de la UE 2016\/679 a aquellos que interact\u00faan con los servicios web de Geoclima S.r.l. Unipersonale accesible por medios electr\u00f3nicos desde la direcci\u00f3n www.geoclima.com. La informaci\u00f3n se proporciona \u00fanicamente para el sitio web de www.geoclima.com y no para [&hellip;]","og_url":"https:\/\/www.geoclima.com\/es\/privacidad\/","og_site_name":"Geoclima","article_publisher":"https:\/\/www.facebook.com\/GeoclimaWorld\/","article_modified_time":"2022-07-27T09:03:57+00:00","twitter_misc":{"Tiempo de lectura":"10 minutos"},"schema":{"@context":"https:\/\/schema.org","@graph":[{"@type":"WebPage","@id":"https:\/\/www.geoclima.com\/es\/privacidad\/","url":"https:\/\/www.geoclima.com\/es\/privacidad\/","name":"Privacidad | Geoclima","isPartOf":{"@id":"https:\/\/www.geoclima.com\/es\/#website"},"datePublished":"2018-04-24T14:53:36+00:00","dateModified":"2022-07-27T09:03:57+00:00","breadcrumb":{"@id":"https:\/\/www.geoclima.com\/es\/privacidad\/#breadcrumb"},"inLanguage":"es","potentialAction":[{"@type":"ReadAction","target":["https:\/\/www.geoclima.com\/es\/privacidad\/"]}]},{"@type":"BreadcrumbList","@id":"https:\/\/www.geoclima.com\/es\/privacidad\/#breadcrumb","itemListElement":[{"@type":"ListItem","position":1,"name":"Home","item":"https:\/\/www.geoclima.com\/es\/"},{"@type":"ListItem","position":2,"name":"Privacidad"}]},{"@type":"WebSite","@id":"https:\/\/www.geoclima.com\/es\/#website","url":"https:\/\/www.geoclima.com\/es\/","name":"Geoclima","description":"Smart HVAC solutions","publisher":{"@id":"https:\/\/www.geoclima.com\/es\/#organization"},"potentialAction":[{"@type":"SearchAction","target":{"@type":"EntryPoint","urlTemplate":"https:\/\/www.geoclima.com\/es\/?s={search_term_string}"},"query-input":{"@type":"PropertyValueSpecification","valueRequired":true,"valueName":"search_term_string"}}],"inLanguage":"es"},{"@type":"Organization","@id":"https:\/\/www.geoclima.com\/es\/#organization","name":"Geoclima Srl","url":"https:\/\/www.geoclima.com\/es\/","logo":{"@type":"ImageObject","inLanguage":"es","@id":"https:\/\/www.geoclima.com\/es\/#\/schema\/logo\/image\/","url":"https:\/\/www.geoclima.com\/wp-content\/uploads\/2014\/03\/logo-geo.png","contentUrl":"https:\/\/www.geoclima.com\/wp-content\/uploads\/2014\/03\/logo-geo.png","width":280,"height":53,"caption":"Geoclima Srl"},"image":{"@id":"https:\/\/www.geoclima.com\/es\/#\/schema\/logo\/image\/"},"sameAs":["https:\/\/www.facebook.com\/GeoclimaWorld\/","https:\/\/x.com\/GeoclimaWeb","https:\/\/www.instagram.com\/geoclima","https:\/\/www.linkedin.com\/company\/geoclima","https:\/\/www.youtube.com\/user\/geoclimaweb"]}]}},"_links":{"self":[{"href":"https:\/\/www.geoclima.com\/es\/wp-json\/wp\/v2\/pages\/28800","targetHints":{"allow":["GET"]}}],"collection":[{"href":"https:\/\/www.geoclima.com\/es\/wp-json\/wp\/v2\/pages"}],"about":[{"href":"https:\/\/www.geoclima.com\/es\/wp-json\/wp\/v2\/types\/page"}],"author":[{"embeddable":true,"href":"https:\/\/www.geoclima.com\/es\/wp-json\/wp\/v2\/users\/1"}],"replies":[{"embeddable":true,"href":"https:\/\/www.geoclima.com\/es\/wp-json\/wp\/v2\/comments?post=28800"}],"version-history":[{"count":2,"href":"https:\/\/www.geoclima.com\/es\/wp-json\/wp\/v2\/pages\/28800\/revisions"}],"predecessor-version":[{"id":28802,"href":"https:\/\/www.geoclima.com\/es\/wp-json\/wp\/v2\/pages\/28800\/revisions\/28802"}],"wp:attachment":[{"href":"https:\/\/www.geoclima.com\/es\/wp-json\/wp\/v2\/media?parent=28800"}],"curies":[{"name":"wp","href":"https:\/\/api.w.org\/{rel}","templated":true}]}}