{"id":15735,"date":"2018-04-24T16:59:26","date_gmt":"2018-04-24T14:59:26","guid":{"rendered":"https:\/\/www.geoclima.com\/?page_id=15735"},"modified":"2019-04-04T16:20:38","modified_gmt":"2019-04-04T14:20:38","slug":"privacy","status":"publish","type":"page","link":"https:\/\/www.geoclima.com\/it\/privacy\/","title":{"rendered":"Privacy"},"content":{"rendered":"<h1><strong>Informativa sulla privacy per attivit\u00e0 online<\/strong><\/h1>\n<p>Informativa resa ai sensi del GDPR \u2013\u00a0Regolamento UE 2016\/679 a coloro che interagiscono con i servizi web di Geoclima S.r.l. Unipersonale accessibili per via telematica a partire dall\u2019indirizzo www.geoclima.com. L\u2019informativa e\u0300 resa solo per il sito di www.geoclima.com e non anche per altri siti web eventualmente consultati dall&#8217;utente tramite appositi link.<br \/>\nIn ottemperanza agli obblighi previsti dal GDPR \u2013 Regolamento UE 2016\/679 con la presente si informa che Geoclima S.r.l. Unipersonale, con sede in Via dell&#8217;Industria 12 &#8211; 34077 Ronchi dei Legionari (GO) Italia, in qualit\u00e0 di Titolare sottoporr\u00e0 a trattamento i dati personali liberamente conferiti dell\u2019utente\/visitatore nel rispetto delle norme in vigore.<br \/>\nIn particolare, il trattamento sar\u00e0 improntato ai principi di correttezza, liceit\u00e0 e trasparenza come previsto dal GDPR \u2013\u00a0Regolamento UE 2016\/679: i dati non saranno eccedenti, oltre che raccolti e registrati per le finalit\u00e0 di cui al punto 1 e conservati per il periodo di tempo necessario agli scopi per i quali sono stati raccolti.<\/p>\n<h3>1. Informazioni generali<\/h3>\n<p><strong>1.1. Finalit\u00e0 del trattamento<\/strong><br \/>\nI dati di natura personale forniti, saranno trattati nel rispetto delle condizioni di liceit\u00e0 ex art. 6 f) Reg. UE 2016\/679 per le seguenti finalit\u00e0:<\/p>\n<ul>\n<li>navigazione sul presente sito web<\/li>\n<li>eventuale compilazione form raccolta dati per selezione del personale<\/li>\n<li>eventuale compilazione form raccolta dati per ricezione newsletter, comunicazioni promozionali via email o notifiche automatiche su nuovi articoli o commenti.<\/li>\n<\/ul>\n<p><strong>1.2. Destinatari dei dati<\/strong><br \/>\nI dati di natura personale forniti saranno comunicati a destinatari, che tratteranno i dati in qualit\u00e0 di responsabili (art. 28 del Reg. UE 2016\/679) e\/o in qualit\u00e0 di persone fisiche che agiscono sotto l\u2019autorit\u00e0 del Titolare e del Responsabile (art. 29 del Reg. UE 2016\/679), per le finalit\u00e0 sopra elencate. Precisamente, i dati saranno comunicati a:<\/p>\n<ul>\n<li>soggetti che forniscono servizi per la gestione del sistema informativo e delle reti di comunicazione (ivi compresa la posta elettronica)<\/li>\n<li>studi o Societ\u00e0 nell&#8217;ambito di rapporti di assistenza e consulenza<\/li>\n<li>autorit\u00e0 competenti per adempimenti di obblighi di legge e\/o di disposizioni di organi pubblici, su richiesta<\/li>\n<li>in caso di finalit\u00e0 amministrativo contabile, i dati potranno eventualmente essere trasmessi a societ\u00e0 di informazione commerciale per la valutazione della solvibilit\u00e0 e delle abitudini di pagamento e\/o a soggetti per finalit\u00e0 di recupero crediti.<\/li>\n<\/ul>\n<p>I soggetti appartenenti alle categorie suddette svolgono la funzione di Responsabile del trattamento dei dati, oppure operano in totale autonomia come distinti Titolari del trattamento.<\/p>\n<h3>2. Modalit\u00e0 del trattamento<\/h3>\n<p>Il trattamento dei dati potr\u00e0 essere effettuato sia in modo non automatizzato che con l\u2019ausilio di strumenti elettronici, informatici e telematici, per il tempo strettamente necessario a conseguire gli scopi per cui sono stati raccolti. Le modalit\u00e0 di trattamento saranno idonee a garantire la sicurezza e la riservatezza dei dati stessi in conformit\u00e0 a quanto previsto dal GDPR \u2013\u00a0Regolamento UE 2016\/679 relativamente alle \u201cmisure minime di sicurezza\u201d per il trattamento dei dati personali.<br \/>\nI dati raccolti non saranno oggetto di comunicazione \u2013 al di fuori dei casi di comunicazioni obbligatorie per legge \u2013 ne\u0301 di diffusione, salvo quanto indicato al punto n. 1.4., se non in forma anonima e aggregata, per fini statistici e di promozione delle attivit\u00e0 di Geoclima.<br \/>\nSoltanto con l\u2019espresso consenso dell\u2019interessato, l\u2019indirizzo email del richiedente potr\u00e0 essere utilizzato per l\u2019invio di comunicazioni riguardanti iniziative di Geoclima ritenute di interesse per il richiedente stesso.<br \/>\nNell&#8217;effettuare il trattamento saranno adottate tutte le misure tecniche, informatiche, organizzative, logistiche e procedurali di sicurezza, come previste dal GDPR \u2013\u00a0Regolamento UE 2016\/679, in modo che siano garantite le misure minime di protezione dei dati previste dalla legge.<br \/>\nLe misure di sicurezza sopra menzionate garantiranno l\u2019accesso ai dati alle sole persone incaricate al trattamento da parte di Geoclima di cui al punto 4.<\/p>\n<p><strong>2.1. Periodo di conservazione dei dati<\/strong><br \/>\nI dati raccolti per le finalit\u00e0 di cui al paragrafo 1.4 vengono conservati per la durata dell&#8217;iscrizione al Servizio Newsletter dell&#8217;Interessato e per i 10 anni successivi al termine, risoluzione o recesso dallo stesso, fatti salvi i casi in cui la conservazione per un periodo successivo sia richiesta per eventuali contenziosi, richieste delle autorit\u00e0 competenti o ai sensi della normativa applicabile. Alla cessazione del periodo di conservazione i Dati saranno cancellati, anonimizzati o aggregati.<\/p>\n<p><strong>2.2. Trasferimento dei dati<\/strong><br \/>\nI dati personali saranno trattati da Geoclima all\u2019interno del territorio dell\u2019Unione Europea. Qualora per questioni di natura tecnica e\/o operativa si renda necessario avvalersi di soggetti ubicati al di fuori dell\u2019Unione Europea, oppure si renda necessario trasferire alcuni dei dati raccolti verso sistemi tecnici e servizi gestiti in\u00a0<em>cloud<\/em>\u00a0e localizzati al di fuori dell\u2019area dell\u2019Unione Europea, il trattamento sar\u00e0 regolato in conformit\u00e0 a quanto previsto dal capo V del Regolamento e autorizzato in base a specifiche decisioni dell\u2019Unione Europea. Saranno quindi adottate tutte le cautele necessarie al fine di garantire la pi\u00f9 totale protezione dei dati personali basando tale trasferimento: a) su decisioni di adeguatezza dei paesi terzi destinatari espressi dalla Commissione Europea; b) su garanzie adeguate espresse dal soggetto terzo destinatario ai sensi dell\u2019art. 46 del Regolamento; c) sull\u2019adozione di norme vincolanti d\u2019impresa, cd.\u00a0<em>Corporate binding rules<\/em>.<\/p>\n<h3>3. Tipologia di dati<\/h3>\n<p><strong>3.1. Dati di navigazione<\/strong><\/p>\n<p>I sistemi informatici e software preposti al funzionamento di questo sito acquisiscono, nel corso del loro normale esercizio, alcuni dati personali la cui trasmissione \u00e8 implicita nell\u2019uso dei protocolli di comunicazione di Internet.<\/p>\n<p>In questa categoria di dati possono rientrare gli indirizzi IP o i nomi a dominio dei computer e dei terminali utilizzati dagli utenti, gli indirizzi in notazione URI\/URL (Uniform Resource Identifier\/Locator) delle risorse richieste, l\u2019orario della richiesta, il metodo utilizzato nel sottoporre la richiesta al server, la dimensione del file ottenuto in risposta, il codice numerico indicante lo stato della risposta data dal server (buon fine, errore ecc.) e altri parametri relativi al sistema operativo e all&#8217;ambiente informatico dell\u2019utente.<\/p>\n<p>Tali dati, necessari per la fruizione dei servizi web, vengono anche trattati allo scopo di:<\/p>\n<ul>\n<li>ottenere informazioni statistiche sull&#8217;uso dei servizi (pagine pi\u00f9 visitate, numero di visitatori per fascia oraria o giornaliera, aree geografiche di provenienza, ecc.);<\/li>\n<li>controllare il corretto funzionamento dei servizi offerti.<\/li>\n<\/ul>\n<p>I dati di navigazione vengono acquisiti e trattati attraverso la piattaforma Google Analytics e hanno un tempo di permanenza sui server di Google di 26 mesi.<\/p>\n<p><strong>3.2. Dati forniti volontariamente dall&#8217;utente\/visitatore<\/strong><br \/>\nL\u2019invio facoltativo, esplicito e volontario di messaggi agli indirizzi di contatto di Geoclima, nonch\u00e9 la compilazione e l\u2019inoltro dei moduli presenti sul sito, comportano l\u2019acquisizione dei dati di contatto del mittente, necessari a rispondere, nonch\u00e9 di tutti i dati personali inclusi nelle comunicazioni.<\/p>\n<p>I dati raccolti verranno utilizzati per le seguenti finalit\u00e0:<\/p>\n<ul>\n<li>per rispondere alle richieste pervenute;<\/li>\n<li>per migliorare il nostro Sito (usiamo i feedback degli utenti per migliorare i nostri servizi);<\/li>\n<li>per creare promozioni, sondaggi, per inviare informazioni agli utenti relativamente ad argomenti che riteniamo possano essere di loro interesse;<\/li>\n<li>per inviare email periodiche, possiamo utilizzare gli indirizzi email dell&#8217;utente\/visitatore per inviargli informazioni e aggiornamenti; lo stesso indirizzo pu\u00f2 essere utilizzato per rispondere alle sue domande e richieste.<\/li>\n<\/ul>\n<p>L\u2019utente\/visitatore potr\u00e0 in ogni momento esercitare i suoi diritti, nei confronti del titolare del trattamento, ai sensi del GDPR \u2013\u00a0Regolamento UE 2016\/679.<\/p>\n<p><strong>3.3. Cookies<\/strong><br \/>\nSi rimanda al testo completo della <a href=\"https:\/\/www.geoclima.com\/it\/informativa-cookies\/\">cookie policy<\/a>.<\/p>\n<p><strong>3.4. Pulsanti di condivisione sociale<\/strong><br \/>\nIl nostro sito Web contiene pulsanti di condivisione sociale. Questi pulsanti sono solo collegamenti a reti esterne che consentono di condividere contenuti sul nostro sito Web all&#8217;interno di queste reti. Questi pulsanti non trasmettono alcun dato a queste reti se non su cui si fa clic. Dopo aver fatto clic su uno di questi pulsanti, verrai reindirizzato a un modulo di condivisione sul rispettivo social network con informazioni precompilate.<\/p>\n<p><strong>3.5. Newsletter<\/strong><br \/>\nQuesto sito Web utilizza i servizi di MailChimp per l&#8217;invio di newsletter. Questo servizio \u00e8 fornito da Rocket Science Group LLC, 675 Ponce De Leon Ave NE, Suite 5000, Atlanta, GA 30308, USA. MailChimp \u00e8 un servizio che organizza e analizza la distribuzione delle newsletter. Se fornisci dati (ad es. Il tuo indirizzo email) per iscriverti alla nostra newsletter, questi verranno archiviati sui server MailChimp negli Stati Uniti. MailChimp \u00e8 certificata dallo Scudo della privacy UE-USA. Lo Scudo per la privacy \u00e8 un accordo tra l&#8217;Unione Europea (UE) e gli Stati Uniti per garantire la conformit\u00e0 agli standard europei sulla privacy negli Stati Uniti. Usiamo MailChimp per analizzare le nostre campagne di newsletter. Quando apri un&#8217;e-mail inviata da MailChimp, un file incluso nell&#8217;e-mail (chiamato web beacon) si connette ai server di MailChimp negli Stati Uniti. Questo ci permette di determinare se un messaggio di newsletter \u00e8 stato aperto e quali link clicchi su. Inoltre, vengono raccolte informazioni tecniche (ad es. Tempo di recupero, indirizzo IP, tipo di browser e sistema operativo). Questa informazione non pu\u00f2 essere assegnata a un destinatario specifico. Viene utilizzato esclusivamente per l&#8217;analisi statistica delle nostre campagne di newsletter. I risultati di queste analisi possono essere utilizzati per adattare meglio le future newsletter ai tuoi interessi. Se non vuoi che il tuo utilizzo della newsletter sia analizzato da MailChimp, dovrai cancellarti dalla newsletter. A tal fine, forniamo un link in ogni newsletter che inviamo. \u00c8 inoltre possibile annullare l&#8217;iscrizione alla newsletter direttamente sul sito Web. L&#8217;elaborazione dei dati \u00e8 basata sull&#8217;art. 6 (1) (a) GDPR. \u00c8 possibile revocare il consenso in qualsiasi momento annullando l&#8217;iscrizione alla newsletter. I dati elaborati prima di ricevere la tua richiesta potrebbero essere ancora processati legalmente. I dati forniti al momento della registrazione alla newsletter verranno utilizzati per distribuire la newsletter fino all&#8217;annullamento dell&#8217;abbonamento quando tali dati verranno cancellati dai nostri server e da quelli di MailChimp. I dati che abbiamo archiviato per altri scopi (ad es. Indirizzi e-mail per l&#8217;area membri) rimangono inalterati. Per i dettagli, consultare la politica sulla privacy di MailChimp all&#8217;indirizzo <a href=\"https:\/\/mailchimp.com\/legal\/terms\">https:\/\/mailchimp.com\/legal\/terms<\/a>.<\/p>\n<h3>4. Diritti degli interessati<\/h3>\n<p>Qualsiasi persona fisica che utilizzi il nostro servizio pu\u00f2:<\/p>\n<ul>\n<li>ottenere dal titolare, in ogni momento, informazioni circa l\u2019esistenza dei propri dati personali, l\u2019origine degli stessi, le finalit\u00e0 e le modalit\u00e0 di trattamento e, qualora presenti, di ottenere l\u2019accesso ai dati personali ed alle informazioni di cui all\u2019articolo 15 del GDPR<\/li>\n<li>richiedere l\u2019aggiornamento, la rettifica, l\u2019integrazione, la cancellazione, la limitazione del trattamento dei dati nel caso ricorra una delle condizioni previste all\u2019articolo 18 del GDPR, la trasformazione in forma anonima o il blocco dei dati personali, trattati in violazione di legge, compresi quelli di cui non \u00e8 necessaria la conservazione in relazione agli scopi per i quali i dati sono stati raccolti e\/o successivamente trattati<\/li>\n<li>opporsi, in tutto o in parte, per motivi legittimi, al trattamento dei dati, ancorch\u00e9 pertinenti allo scopo della raccolta ed al trattamento dei dati personali previsti ai fini di informazione commerciale o di invio di materiale pubblicitario o di vendita diretta ovvero per il compimento di ricerche di mercato o di comunicazione commerciale. Ogni utente ha altres\u00ec il diritto di revocare il consenso in qualsiasi momento senza pregiudicare le liceit\u00e0 del trattamento basata sul consenso prestato prima della revoca<\/li>\n<li>ricevere i propri dati personali, forniti consapevolmente ed attivamente o attraverso la fruizione del servizio, in un formato strutturato, di uso comune e leggibile da dispositivo automatico, e di trasmetterli ad un altro titolare del trattamento senza impedimenti<\/li>\n<li>proporre reclamo presso l\u2019Autorit\u00e0 Garante per la protezione dei dati personali in Italia.<\/li>\n<\/ul>\n<p>Ti ricordiamo che per qualsiasi domanda o richiesta relativa ai tuoi dati personali e al rispetto della tua privacy puoi scrivere all&#8217;indirizzo <a href=\"mailto:info@geoclima.com\" target=\"_blank\" rel=\"noopener noreferrer\">info@geoclima.com<\/a>.<\/p>\n<h3>5. Modifiche e aggiornamenti<\/h3>\n<p>Geoclima S.r.l. Unipersonale potrebbe inoltre apportare modifiche e\/o integrazioni a detta informativa, anche quale conseguenza dell&#8217;inizio dell&#8217;efficacia del Regolamento Privacy e di eventuali successive modifiche e\/o integrazioni normative. Le modifiche saranno notificate in anticipo e l\u2019Interessato potr\u00e0 visionare il testo dell&#8217;informativa costantemente aggiornata nella sezione Privacy del sito www.geoclima.com.<\/p>\n","protected":false},"excerpt":{"rendered":"<p>Informativa sulla privacy per attivit\u00e0 online Informativa resa ai sensi del GDPR \u2013\u00a0Regolamento UE 2016\/679 a coloro che interagiscono con i servizi web di Geoclima S.r.l. Unipersonale accessibili per via telematica a partire dall\u2019indirizzo www.geoclima.com. L\u2019informativa e\u0300 resa solo per il sito di www.geoclima.com e non anche per altri siti web eventualmente consultati dall&#8217;utente tramite [&hellip;]<\/p>\n","protected":false},"author":1,"featured_media":0,"parent":0,"menu_order":0,"comment_status":"closed","ping_status":"closed","template":"","meta":{"footnotes":""},"class_list":["post-15735","page","type-page","status-publish","hentry"],"yoast_head":"<!-- This site is optimized with the Yoast SEO Premium plugin v27.4 (Yoast SEO v27.4) - https:\/\/yoast.com\/product\/yoast-seo-premium-wordpress\/ -->\n<title>Privacy | Geoclima<\/title>\n<meta name=\"robots\" content=\"index, follow, max-snippet:-1, max-image-preview:large, max-video-preview:-1\" \/>\n<link rel=\"canonical\" href=\"https:\/\/www.geoclima.com\/it\/privacy\/\" \/>\n<meta property=\"og:locale\" content=\"it_IT\" \/>\n<meta property=\"og:type\" content=\"article\" \/>\n<meta property=\"og:title\" content=\"Privacy\" \/>\n<meta property=\"og:description\" content=\"Informativa sulla privacy per attivit\u00e0 online Informativa resa ai sensi del GDPR \u2013\u00a0Regolamento UE 2016\/679 a coloro che interagiscono con i servizi web di Geoclima S.r.l. Unipersonale accessibili per via telematica a partire dall\u2019indirizzo www.geoclima.com. L\u2019informativa e\u0300 resa solo per il sito di www.geoclima.com e non anche per altri siti web eventualmente consultati dall&#8217;utente tramite [&hellip;]\" \/>\n<meta property=\"og:url\" content=\"https:\/\/www.geoclima.com\/it\/privacy\/\" \/>\n<meta property=\"og:site_name\" content=\"Geoclima\" \/>\n<meta property=\"article:publisher\" content=\"https:\/\/www.facebook.com\/GeoclimaWorld\/\" \/>\n<meta property=\"article:modified_time\" content=\"2019-04-04T14:20:38+00:00\" \/>\n<meta name=\"twitter:label1\" content=\"Tempo di lettura stimato\" \/>\n\t<meta name=\"twitter:data1\" content=\"10 minuti\" \/>\n<script type=\"application\/ld+json\" class=\"yoast-schema-graph\">{\"@context\":\"https:\\\/\\\/schema.org\",\"@graph\":[{\"@type\":\"WebPage\",\"@id\":\"https:\\\/\\\/www.geoclima.com\\\/it\\\/privacy\\\/\",\"url\":\"https:\\\/\\\/www.geoclima.com\\\/it\\\/privacy\\\/\",\"name\":\"Privacy | Geoclima\",\"isPartOf\":{\"@id\":\"https:\\\/\\\/www.geoclima.com\\\/it\\\/#website\"},\"datePublished\":\"2018-04-24T14:59:26+00:00\",\"dateModified\":\"2019-04-04T14:20:38+00:00\",\"breadcrumb\":{\"@id\":\"https:\\\/\\\/www.geoclima.com\\\/it\\\/privacy\\\/#breadcrumb\"},\"inLanguage\":\"it-IT\",\"potentialAction\":[{\"@type\":\"ReadAction\",\"target\":[\"https:\\\/\\\/www.geoclima.com\\\/it\\\/privacy\\\/\"]}]},{\"@type\":\"BreadcrumbList\",\"@id\":\"https:\\\/\\\/www.geoclima.com\\\/it\\\/privacy\\\/#breadcrumb\",\"itemListElement\":[{\"@type\":\"ListItem\",\"position\":1,\"name\":\"Home\",\"item\":\"https:\\\/\\\/www.geoclima.com\\\/it\\\/\"},{\"@type\":\"ListItem\",\"position\":2,\"name\":\"Privacy\"}]},{\"@type\":\"WebSite\",\"@id\":\"https:\\\/\\\/www.geoclima.com\\\/it\\\/#website\",\"url\":\"https:\\\/\\\/www.geoclima.com\\\/it\\\/\",\"name\":\"Geoclima\",\"description\":\"Smart HVAC solutions\",\"publisher\":{\"@id\":\"https:\\\/\\\/www.geoclima.com\\\/it\\\/#organization\"},\"potentialAction\":[{\"@type\":\"SearchAction\",\"target\":{\"@type\":\"EntryPoint\",\"urlTemplate\":\"https:\\\/\\\/www.geoclima.com\\\/it\\\/?s={search_term_string}\"},\"query-input\":{\"@type\":\"PropertyValueSpecification\",\"valueRequired\":true,\"valueName\":\"search_term_string\"}}],\"inLanguage\":\"it-IT\"},{\"@type\":\"Organization\",\"@id\":\"https:\\\/\\\/www.geoclima.com\\\/it\\\/#organization\",\"name\":\"Geoclima Srl\",\"url\":\"https:\\\/\\\/www.geoclima.com\\\/it\\\/\",\"logo\":{\"@type\":\"ImageObject\",\"inLanguage\":\"it-IT\",\"@id\":\"https:\\\/\\\/www.geoclima.com\\\/it\\\/#\\\/schema\\\/logo\\\/image\\\/\",\"url\":\"https:\\\/\\\/www.geoclima.com\\\/wp-content\\\/uploads\\\/2014\\\/03\\\/logo-geo.png\",\"contentUrl\":\"https:\\\/\\\/www.geoclima.com\\\/wp-content\\\/uploads\\\/2014\\\/03\\\/logo-geo.png\",\"width\":280,\"height\":53,\"caption\":\"Geoclima Srl\"},\"image\":{\"@id\":\"https:\\\/\\\/www.geoclima.com\\\/it\\\/#\\\/schema\\\/logo\\\/image\\\/\"},\"sameAs\":[\"https:\\\/\\\/www.facebook.com\\\/GeoclimaWorld\\\/\",\"https:\\\/\\\/x.com\\\/GeoclimaWeb\",\"https:\\\/\\\/www.instagram.com\\\/geoclima\",\"https:\\\/\\\/www.linkedin.com\\\/company\\\/geoclima\",\"https:\\\/\\\/www.youtube.com\\\/user\\\/geoclimaweb\"]}]}<\/script>\n<!-- \/ Yoast SEO Premium plugin. -->","yoast_head_json":{"title":"Privacy | Geoclima","robots":{"index":"index","follow":"follow","max-snippet":"max-snippet:-1","max-image-preview":"max-image-preview:large","max-video-preview":"max-video-preview:-1"},"canonical":"https:\/\/www.geoclima.com\/it\/privacy\/","og_locale":"it_IT","og_type":"article","og_title":"Privacy","og_description":"Informativa sulla privacy per attivit\u00e0 online Informativa resa ai sensi del GDPR \u2013\u00a0Regolamento UE 2016\/679 a coloro che interagiscono con i servizi web di Geoclima S.r.l. Unipersonale accessibili per via telematica a partire dall\u2019indirizzo www.geoclima.com. L\u2019informativa e\u0300 resa solo per il sito di www.geoclima.com e non anche per altri siti web eventualmente consultati dall&#8217;utente tramite [&hellip;]","og_url":"https:\/\/www.geoclima.com\/it\/privacy\/","og_site_name":"Geoclima","article_publisher":"https:\/\/www.facebook.com\/GeoclimaWorld\/","article_modified_time":"2019-04-04T14:20:38+00:00","twitter_misc":{"Tempo di lettura stimato":"10 minuti"},"schema":{"@context":"https:\/\/schema.org","@graph":[{"@type":"WebPage","@id":"https:\/\/www.geoclima.com\/it\/privacy\/","url":"https:\/\/www.geoclima.com\/it\/privacy\/","name":"Privacy | Geoclima","isPartOf":{"@id":"https:\/\/www.geoclima.com\/it\/#website"},"datePublished":"2018-04-24T14:59:26+00:00","dateModified":"2019-04-04T14:20:38+00:00","breadcrumb":{"@id":"https:\/\/www.geoclima.com\/it\/privacy\/#breadcrumb"},"inLanguage":"it-IT","potentialAction":[{"@type":"ReadAction","target":["https:\/\/www.geoclima.com\/it\/privacy\/"]}]},{"@type":"BreadcrumbList","@id":"https:\/\/www.geoclima.com\/it\/privacy\/#breadcrumb","itemListElement":[{"@type":"ListItem","position":1,"name":"Home","item":"https:\/\/www.geoclima.com\/it\/"},{"@type":"ListItem","position":2,"name":"Privacy"}]},{"@type":"WebSite","@id":"https:\/\/www.geoclima.com\/it\/#website","url":"https:\/\/www.geoclima.com\/it\/","name":"Geoclima","description":"Smart HVAC solutions","publisher":{"@id":"https:\/\/www.geoclima.com\/it\/#organization"},"potentialAction":[{"@type":"SearchAction","target":{"@type":"EntryPoint","urlTemplate":"https:\/\/www.geoclima.com\/it\/?s={search_term_string}"},"query-input":{"@type":"PropertyValueSpecification","valueRequired":true,"valueName":"search_term_string"}}],"inLanguage":"it-IT"},{"@type":"Organization","@id":"https:\/\/www.geoclima.com\/it\/#organization","name":"Geoclima Srl","url":"https:\/\/www.geoclima.com\/it\/","logo":{"@type":"ImageObject","inLanguage":"it-IT","@id":"https:\/\/www.geoclima.com\/it\/#\/schema\/logo\/image\/","url":"https:\/\/www.geoclima.com\/wp-content\/uploads\/2014\/03\/logo-geo.png","contentUrl":"https:\/\/www.geoclima.com\/wp-content\/uploads\/2014\/03\/logo-geo.png","width":280,"height":53,"caption":"Geoclima Srl"},"image":{"@id":"https:\/\/www.geoclima.com\/it\/#\/schema\/logo\/image\/"},"sameAs":["https:\/\/www.facebook.com\/GeoclimaWorld\/","https:\/\/x.com\/GeoclimaWeb","https:\/\/www.instagram.com\/geoclima","https:\/\/www.linkedin.com\/company\/geoclima","https:\/\/www.youtube.com\/user\/geoclimaweb"]}]}},"_links":{"self":[{"href":"https:\/\/www.geoclima.com\/it\/wp-json\/wp\/v2\/pages\/15735","targetHints":{"allow":["GET"]}}],"collection":[{"href":"https:\/\/www.geoclima.com\/it\/wp-json\/wp\/v2\/pages"}],"about":[{"href":"https:\/\/www.geoclima.com\/it\/wp-json\/wp\/v2\/types\/page"}],"author":[{"embeddable":true,"href":"https:\/\/www.geoclima.com\/it\/wp-json\/wp\/v2\/users\/1"}],"replies":[{"embeddable":true,"href":"https:\/\/www.geoclima.com\/it\/wp-json\/wp\/v2\/comments?post=15735"}],"version-history":[{"count":20,"href":"https:\/\/www.geoclima.com\/it\/wp-json\/wp\/v2\/pages\/15735\/revisions"}],"predecessor-version":[{"id":17850,"href":"https:\/\/www.geoclima.com\/it\/wp-json\/wp\/v2\/pages\/15735\/revisions\/17850"}],"wp:attachment":[{"href":"https:\/\/www.geoclima.com\/it\/wp-json\/wp\/v2\/media?parent=15735"}],"curies":[{"name":"wp","href":"https:\/\/api.w.org\/{rel}","templated":true}]}}