{"id":6240,"date":"2013-10-08T09:03:42","date_gmt":"2013-10-08T07:03:42","guid":{"rendered":"https:\/\/www.geoclima.com\/method-2\/"},"modified":"2022-07-19T12:21:01","modified_gmt":"2022-07-19T10:21:01","slug":"metodo","status":"publish","type":"page","link":"https:\/\/www.geoclima.com\/it\/metodo\/","title":{"rendered":"Metodo"},"content":{"rendered":"<div id='full_slider_1'  class='avia-fullwidth-slider main_color avia-shadow   avia-builder-el-0  el_before_av_submenu  avia-builder-el-first   container_wrap sidebar_right'  ><div  class='avia-slideshow av-jxai6z7u-344214922bfc4f6d7e4bc15a0277d96f avia-slideshow-no scaling av_slideshow_full avia-slide-slider av-slideshow-ui av-control-hidden av-no-slider-navigation av-hide-nav-arrows av-slideshow-manual av-loop-once av-loop-manual-endless av-default-height-applied   avia-slideshow-1' data-slideshow-options=\"{&quot;animation&quot;:&quot;slide&quot;,&quot;autoplay&quot;:false,&quot;loop_autoplay&quot;:&quot;once&quot;,&quot;interval&quot;:5,&quot;loop_manual&quot;:&quot;manual-endless&quot;,&quot;autoplay_stopper&quot;:false,&quot;noNavigation&quot;:true,&quot;bg_slider&quot;:false,&quot;keep_padding&quot;:false,&quot;hoverpause&quot;:false,&quot;show_slide_delay&quot;:0}\"  itemprop=\"image\" itemscope=\"itemscope\" itemtype=\"https:\/\/schema.org\/ImageObject\" ><ul class='avia-slideshow-inner ' style='padding-bottom: 31.25%;'><li  class='avia-slideshow-slide av-jxai6z7u-344214922bfc4f6d7e4bc15a0277d96f__0  av-single-slide slide-1 slide-odd'><div data-rel='slideshow-1' class='avia-slide-wrap '   ><img decoding=\"async\" fetchpriority=\"high\" class=\"wp-image-18385 avia-img-lazy-loading-not-18385\"  src=\"https:\/\/www.geoclima.com\/wp-content\/uploads\/2019\/06\/bridge.jpg\" width=\"1600\" height=\"500\" title='bridge' alt=''  itemprop=\"thumbnailUrl\" srcset=\"https:\/\/www.geoclima.com\/wp-content\/uploads\/2019\/06\/bridge.jpg 1600w, https:\/\/www.geoclima.com\/wp-content\/uploads\/2019\/06\/bridge-300x94.jpg 300w, https:\/\/www.geoclima.com\/wp-content\/uploads\/2019\/06\/bridge-768x240.jpg 768w, https:\/\/www.geoclima.com\/wp-content\/uploads\/2019\/06\/bridge-1030x322.jpg 1030w, https:\/\/www.geoclima.com\/wp-content\/uploads\/2019\/06\/bridge-1500x469.jpg 1500w, https:\/\/www.geoclima.com\/wp-content\/uploads\/2019\/06\/bridge-705x220.jpg 705w, https:\/\/www.geoclima.com\/wp-content\/uploads\/2019\/06\/bridge-450x141.jpg 450w\" sizes=\"(max-width: 1600px) 100vw, 1600px\" \/><\/div><\/li><\/ul><\/div><\/div>\n<div class='clear'><\/div><div id='sub_menu1'  class='av-submenu-container av-jxai7htc-c68b70dc06833cb615c16ce1ff0b40b9 main_color av-switch-990  avia-builder-el-1  el_after_av_slideshow_full  el_before_av_layout_row  av-sticky-submenu submenu-not-first container_wrap sidebar_right' style='z-index:301' ><div class='container av-menu-mobile-active av-submenu-pos-center'><a href=\"#\" class=\"mobile_menu_toggle\"><span class='avia-svg-icon avia-font-svg_entypo-fontello' data-av_svg_icon='list' data-av_iconset='svg_entypo-fontello'><svg version=\"1.1\" xmlns=\"http:\/\/www.w3.org\/2000\/svg\" width=\"22\" height=\"32\" viewBox=\"0 0 22 32\" preserveAspectRatio=\"xMidYMid meet\" aria-labelledby='av-svg-title-1' aria-describedby='av-svg-desc-1' role=\"graphics-symbol\" aria-hidden=\"true\">\n<title id='av-svg-title-1'>List<\/title>\n<desc id='av-svg-desc-1'>List<\/desc>\n<path d=\"M3.2 20.8q0.64 0 1.12 0.48t0.48 1.12-0.48 1.12-1.12 0.48h-1.6q-0.64 0-1.12-0.48t-0.48-1.12 0.448-1.12 1.152-0.48h1.6zM3.2 14.4q0.64 0 1.12 0.48t0.48 1.12-0.48 1.12-1.12 0.48h-1.6q-0.64 0-1.12-0.48t-0.48-1.12 0.448-1.12 1.152-0.48h1.6zM3.2 8q0.64 0 1.12 0.48t0.48 1.12-0.48 1.12-1.12 0.48h-1.6q-0.64 0-1.12-0.48t-0.48-1.12 0.448-1.12 1.152-0.48h1.6zM9.6 11.2q-0.64 0-1.12-0.48t-0.48-1.12 0.48-1.12 1.12-0.48h11.2q0.704 0 1.152 0.48t0.448 1.12-0.48 1.12-1.12 0.48h-11.2zM20.8 14.4q0.704 0 1.152 0.48t0.448 1.12-0.48 1.12-1.12 0.48h-11.2q-0.64 0-1.12-0.48t-0.48-1.12 0.48-1.12 1.12-0.48h11.2zM20.8 20.8q0.704 0 1.152 0.48t0.448 1.12-0.48 1.12-1.12 0.48h-11.2q-0.64 0-1.12-0.48t-0.48-1.12 0.48-1.12 1.12-0.48h11.2z\"><\/path>\n<\/svg><\/span><span class=\"av-current-placeholder\">Menu<\/span><\/a><ul id=\"menu-company-it\" class=\"av-subnav-menu\" role=\"menu\"><li role=\"menuitem\" id=\"menu-item-20262\" class=\"menu-item menu-item-type-post_type menu-item-object-page menu-item-top-level menu-item-top-level-1\"><a href=\"https:\/\/www.geoclima.com\/it\/chi-siamo\/\" itemprop=\"url\" tabindex=\"0\"><span class=\"avia-bullet\"><\/span><span class=\"avia-menu-text\">Chi siamo<\/span><span class=\"avia-menu-fx\"><span class=\"avia-arrow-wrap\"><span class=\"avia-arrow\"><\/span><\/span><\/span><\/a><\/li>\n<li role=\"menuitem\" id=\"menu-item-20263\" class=\"menu-item menu-item-type-post_type menu-item-object-page menu-item-top-level menu-item-top-level-2\"><a href=\"https:\/\/www.geoclima.com\/it\/gruppo\/\" itemprop=\"url\" tabindex=\"0\"><span class=\"avia-bullet\"><\/span><span class=\"avia-menu-text\">Gruppo<\/span><span class=\"avia-menu-fx\"><span class=\"avia-arrow-wrap\"><span class=\"avia-arrow\"><\/span><\/span><\/span><\/a><\/li>\n<li role=\"menuitem\" id=\"menu-item-20264\" class=\"menu-item menu-item-type-post_type menu-item-object-page menu-item-top-level menu-item-top-level-3\"><a href=\"https:\/\/www.geoclima.com\/it\/network\/\" itemprop=\"url\" tabindex=\"0\"><span class=\"avia-bullet\"><\/span><span class=\"avia-menu-text\">Network<\/span><span class=\"avia-menu-fx\"><span class=\"avia-arrow-wrap\"><span class=\"avia-arrow\"><\/span><\/span><\/span><\/a><\/li>\n<li role=\"menuitem\" id=\"menu-item-20265\" class=\"menu-item menu-item-type-post_type menu-item-object-page menu-item-top-level menu-item-top-level-4\"><a href=\"https:\/\/www.geoclima.com\/it\/visione\/\" itemprop=\"url\" tabindex=\"0\"><span class=\"avia-bullet\"><\/span><span class=\"avia-menu-text\">Visione<\/span><span class=\"avia-menu-fx\"><span class=\"avia-arrow-wrap\"><span class=\"avia-arrow\"><\/span><\/span><\/span><\/a><\/li>\n<li role=\"menuitem\" id=\"menu-item-20270\" class=\"menu-item menu-item-type-post_type menu-item-object-page menu-item-top-level menu-item-top-level-5\"><a href=\"https:\/\/www.geoclima.com\/it\/metodo\/\" itemprop=\"url\" tabindex=\"0\"><span class=\"avia-bullet\"><\/span><span class=\"avia-menu-text\">Metodo<\/span><span class=\"avia-menu-fx\"><span class=\"avia-arrow-wrap\"><span class=\"avia-arrow\"><\/span><\/span><\/span><\/a><\/li>\n<li role=\"menuitem\" id=\"menu-item-20271\" class=\"menu-item menu-item-type-post_type menu-item-object-page menu-item-top-level menu-item-top-level-6\"><a href=\"https:\/\/www.geoclima.com\/it\/certificazioni\/\" itemprop=\"url\" tabindex=\"0\"><span class=\"avia-bullet\"><\/span><span class=\"avia-menu-text\">Certificazioni<\/span><span class=\"avia-menu-fx\"><span class=\"avia-arrow-wrap\"><span class=\"avia-arrow\"><\/span><\/span><\/span><\/a><\/li>\n<li role=\"menuitem\" id=\"menu-item-20272\" class=\"menu-item menu-item-type-post_type menu-item-object-page menu-item-top-level menu-item-top-level-7\"><a href=\"https:\/\/www.geoclima.com\/it\/test-center\/\" itemprop=\"url\" tabindex=\"0\"><span class=\"avia-bullet\"><\/span><span class=\"avia-menu-text\">Test center<\/span><span class=\"avia-menu-fx\"><span class=\"avia-arrow-wrap\"><span class=\"avia-arrow\"><\/span><\/span><\/span><\/a><\/li>\n<\/ul><\/div><\/div><div class='sticky_placeholder'><\/div>\n<div id='av-layout-grid-1'  class='av-layout-grid-container av-6h94hc-6f6f0f94328e143aef32d1234d490892 entry-content-wrapper main_color av-flex-cells  avia-builder-el-2  el_after_av_submenu  avia-builder-el-last  grid-row-not-first  container_wrap sidebar_right'  >\n\n<style type=\"text\/css\" data-created_by=\"avia_inline_auto\" id=\"style-css-av-3mdf5c-e6d3a3e4090b30a6c8624c14b1dd2f71\">\n.flex_cell.av-3mdf5c-e6d3a3e4090b30a6c8624c14b1dd2f71{\nvertical-align:top;\n}\n.responsive #top #wrap_all .flex_cell.av-3mdf5c-e6d3a3e4090b30a6c8624c14b1dd2f71{\npadding:40px 80px 20px 80px !important;\n}\n<\/style>\n<div class='flex_cell av-3mdf5c-e6d3a3e4090b30a6c8624c14b1dd2f71 av-gridrow-cell av_one_half no_margin  avia-builder-el-3  el_before_av_cell_one_half  avia-builder-el-first  content-align-top'  ><div class='flex_cell_inner'><p>\n<style type=\"text\/css\" data-created_by=\"avia_inline_auto\" id=\"style-css-av-1epsw-5ca76a2070d85744507ad196d00b2e99\">\n#top .av-special-heading.av-1epsw-5ca76a2070d85744507ad196d00b2e99{\npadding-bottom:10px;\n}\nbody .av-special-heading.av-1epsw-5ca76a2070d85744507ad196d00b2e99 .av-special-heading-tag .heading-char{\nfont-size:25px;\n}\n.av-special-heading.av-1epsw-5ca76a2070d85744507ad196d00b2e99 .av-subheading{\nfont-size:15px;\n}\n\n@media only screen and (max-width: 479px){ \n#top #wrap_all .av-special-heading.av-1epsw-5ca76a2070d85744507ad196d00b2e99 .av-special-heading-tag{\nfont-size:25px;\n}\n}\n<\/style>\n<div  class='av-special-heading av-1epsw-5ca76a2070d85744507ad196d00b2e99 av-special-heading-h2 blockquote modern-quote  avia-builder-el-4  el_before_av_textblock  avia-builder-el-first  av-linked-heading'><h2 class='av-special-heading-tag '  itemprop=\"headline\"  >Progettiamo con i nostri clienti le soluzioni pi\u00f9 adatte per ogni tipo di installazione<\/h2><div class=\"special-heading-border\"><div class=\"special-heading-inner-border\"><\/div><\/div><\/div><br \/>\n<section  class='av_textblock_section av-2cdgy8-c3c9a3fff5a676da2bf6d7452643cab0 '   itemscope=\"itemscope\" itemtype=\"https:\/\/schema.org\/CreativeWork\" ><div class='avia_textblock'  itemprop=\"text\" ><p>Il nostro metodo si basa sul servizio che offriamo ai nostri clienti, a partire da un\u2019approfondita discussione durante la fase di progettazione. Quella del dialogo \u00e8 una fase fondamentale in quanto ci consente di <strong>individuare la soluzione pi\u00f9 adatta<\/strong> ai diversi tipi di installazione, e, ove necessario, di customizzare i progetti sulla base delle specifiche richieste dei clienti, senza tralasciare per\u00f2 aspetti importanti quali la qualit\u00e0 e l\u2019affidabilit\u00e0.<\/p>\n<p>Tutte le fasi della progettazione termo-dinamica, meccanica ed elettrica vengono sviluppate all&#8217;interno dell\u2019azienda, con il supporto di sistemi IT tecnologicamente avanzati. Grazie alla <strong>customizzazione<\/strong> \u00e8 stato possibile aumentare la nostra flessibilit\u00e0 nella gestione dei diversi problemi, proponendo soluzioni ad hoc per le diverse esigenze dei clienti.<\/p>\n<p>Tra queste vi \u00e8 la realizzazione di <a title=\"Unit\u00e0 scomponibili\" href=\"https:\/\/www.geoclima.com\/it\/unita-scomponibili\/\" target=\"_blank\" rel=\"noopener\">unit\u00e0 scomponibili<\/a>. Tali soluzioni si rendono particolarmente utili, se non indispensabili, in installazioni interne, le quali richiedono di far fronte non solo alle consuete problematiche relative alla macchina e al luogo di installazione, ma anche alle questioni riguardanti il trasporto della macchina all\u2019interno del sito: porte, corridoi, montacarichi ecc. Questo tipo di problemi viene affrontato da tempo da Geoclima attraverso la progettazione di unit\u00e0 che, una volta giunte a destinazione, vengono disassemblate per poi essere rimontate in loco.\u00a0Questo tipo di progettazione offre una <strong>soluzione adatta ed efficiente<\/strong>, che garantisce le medesime prestazioni e capacit\u00e0 delle unit\u00e0 non splittate.<\/p>\n<p>La nostra struttura \u00e8 organizzata in modo tale da poter <strong>supervisionare i progetti anche durante la fase post-vendita<\/strong>, proponendo in maniera immediata la perfetta soluzione per ogni tipo di problema, attraverso il nostro sistema after-sales computerizzato e, quando necessario, mandando personale qualificato direttamente dalla nostra sede o da altri centri autorizzati. Tutto ci\u00f2 permette di offrire il <strong>miglior rapporto qualit\u00e0\/prezzo<\/strong> sul mercato.<\/p>\n<p>Tutte le nostre macchine possono essere realizzate in versioni non standard, grazie alla <strong>flessibilit\u00e0 del nostro sistema produttivo<\/strong>.<\/p>\n<p>Siamo in grado di offrire:<\/p>\n<ul>\n<li>dimensioni speciali<\/li>\n<li>prodotti con bassa o bassissima rumorosit\u00e0 (LN e LLN)<\/li>\n<li>macchine EE X per installazione in aree a rischio esplosione<\/li>\n<li>temperature acqua\/glicole inferiori a -3 \u00b0C<\/li>\n<li>voltaggi e frequenze alternativi (es. 380 V \/ 60 Hz)<\/li>\n<li>pannelli e strutture costruiti con materiali speciali<\/li>\n<li>configurazioni invernali per installazioni in ambienti freddi fino a -40 \u00b0C<\/li>\n<li>configurazioni estive per installazioni in ambienti caldi fino a +40 \u00b0C<\/li>\n<li>sistemi idraulici che includono pompe di pressurizzazione e valvole di espansione<\/li>\n<li>design speciale per applicazioni industriali e di processo<\/li>\n<li>design speciale per applicazioni marine e sottomarine<\/li>\n<\/ul>\n<p><!--:--><\/p>\n<\/div><\/section><\/p>\n<\/div><\/div>\n<style type=\"text\/css\" data-created_by=\"avia_inline_auto\" id=\"style-css-av-a0028-4cea241162efa8a1386d5ace409dcc46\">\n.flex_cell.av-a0028-4cea241162efa8a1386d5ace409dcc46{\nvertical-align:top;\nbackground-color:#f0f0f0;\n}\n.responsive #top #wrap_all .flex_cell.av-a0028-4cea241162efa8a1386d5ace409dcc46{\npadding:40px 80px 20px 80px !important;\n}\n<\/style>\n<div class='flex_cell av-a0028-4cea241162efa8a1386d5ace409dcc46 av-gridrow-cell av_one_half no_margin  avia-builder-el-6  el_after_av_cell_one_half  avia-builder-el-last  content-align-top'  ><div class='flex_cell_inner'><p>\n<style type=\"text\/css\" data-created_by=\"avia_inline_auto\" id=\"style-css-av-2tw9a8-ddafe5e20b7d06483166e2b377b28ca1\">\n#top .av-special-heading.av-2tw9a8-ddafe5e20b7d06483166e2b377b28ca1{\npadding-bottom:10px;\n}\nbody .av-special-heading.av-2tw9a8-ddafe5e20b7d06483166e2b377b28ca1 .av-special-heading-tag .heading-char{\nfont-size:25px;\n}\n.av-special-heading.av-2tw9a8-ddafe5e20b7d06483166e2b377b28ca1 .av-subheading{\nfont-size:15px;\n}\n\n@media only screen and (max-width: 479px){ \n#top #wrap_all .av-special-heading.av-2tw9a8-ddafe5e20b7d06483166e2b377b28ca1 .av-special-heading-tag{\nfont-size:25px;\n}\n}\n<\/style>\n<div  class='av-special-heading av-2tw9a8-ddafe5e20b7d06483166e2b377b28ca1 av-special-heading-h2 blockquote modern-quote  avia-builder-el-7  el_before_av_textblock  avia-builder-el-first  av-linked-heading'><h2 class='av-special-heading-tag '  itemprop=\"headline\"  >Forniamo soluzioni tecnologicamente avanzate<\/h2><div class=\"special-heading-border\"><div class=\"special-heading-inner-border\"><\/div><\/div><\/div><br \/>\n<section  class='av_textblock_section av-2cdgy8-19d6cb609ebc0431c1798f2057628e99 '   itemscope=\"itemscope\" itemtype=\"https:\/\/schema.org\/CreativeWork\" ><div class='avia_textblock'  itemprop=\"text\" ><p>Il reparto Ricerca e Sviluppo \u00e8 il nostro fiore all\u2019occhiello ed \u00e8 costantemente impegnato nella ricerca di nuove soluzioni adatte a fornire un continuo rinnovamento tecnologico delle nostre macchine.<strong>\u00a0Qualit\u00e0, efficienza e affidabilit\u00e0<\/strong>\u00a0sono i fondamenti della nostra ingegneria. L\u2019introduzione di nuove tecnologie, riguardanti i componenti e le loro applicazioni, ci ha consentito di proseguire con l\u2019evoluzione e l\u2019ampliamento della nostra gamma prodotti. In questo modo siamo in grado di offrire un\u2019ampia variet\u00e0 di soluzioni e di valutare insieme al cliente quale di queste soddisfi al meglio le sue esigenze.<\/p>\n<p>La nostra politica prevede di utilizzare le pi\u00f9 avanzate tecnologie e di ottimizzare ogni singolo componente del sistema, in modo da massimizzare l\u2019efficienza e ridurre le dimensioni e il peso delle macchine. Tutto ci\u00f2 porta con s\u00e9 importanti benefici sotto diversi punti di vista: la riduzione dei costi di avviamento; la possibilit\u00e0 di prevedere installazioni anche in locali con problemi di spazio; la garanzia di un soddisfacente ROI.<\/p>\n<p>La grande attenzione posta verso la ricerca di soluzioni sempre migliori e tecnologicamente avanzate, ha consentito al nostro reparto Ricerca e Sviluppo di sviluppare alcune delle applicazioni pi\u00f9 all\u2019avanguardia nel settore dell\u2019HVAC, come il primo chiller al mondo con HFO1234ze,\u00a0realizzato per\u00a0<a title=\"ACR Award per Waitrose\" href=\"https:\/\/www.geoclima.com\/it\/portfolio-item\/waitrose-bromley\/\" target=\"_blank\" rel=\"noopener\">Waitrose<\/a>, il primo\u00a0chiller in Europa con\u00a0<a title=\"primo chiller a doppio ciclo R290\/CO2\" href=\"https:\/\/www.geoclima.com\/it\/doppio-ciclo-combinato-r290-co2\/\" target=\"_blank\" rel=\"noopener\">doppio ciclo combinato<\/a>\u00a0a propano e anidride carbonica, o\u00a0l\u2019innovativo\u00a0<a title=\"DNC\" href=\"https:\/\/www.geoclima.com\/it\/dnc\/\" target=\"_blank\" rel=\"noopener\">Dynamic Noise\u00a0Control<\/a>\u00a0(DNC) per il controllo del rumore.<\/p>\n<\/div><\/section><\/p>\n<\/div><\/div><\/div>\n","protected":false},"excerpt":{"rendered":"","protected":false},"author":1,"featured_media":0,"parent":0,"menu_order":0,"comment_status":"closed","ping_status":"closed","template":"","meta":{"footnotes":""},"class_list":["post-6240","page","type-page","status-publish","hentry"],"yoast_head":"<!-- This site is optimized with the Yoast SEO Premium plugin v27.4 (Yoast SEO v27.4) - https:\/\/yoast.com\/product\/yoast-seo-premium-wordpress\/ -->\n<title>Customizzazione | Geoclima<\/title>\n<meta name=\"description\" content=\"Dal dialogo al servizio post-vendita, il nostro metodo si basa sulla customizzazione, per offrire sempre le migliori soluzioni per ogni installazione\" \/>\n<meta name=\"robots\" content=\"index, follow, max-snippet:-1, max-image-preview:large, max-video-preview:-1\" \/>\n<link rel=\"canonical\" href=\"https:\/\/www.geoclima.com\/it\/metodo\/\" \/>\n<meta property=\"og:locale\" content=\"it_IT\" \/>\n<meta property=\"og:type\" content=\"article\" \/>\n<meta property=\"og:title\" content=\"Metodo\" \/>\n<meta property=\"og:description\" content=\"Dal dialogo al servizio post-vendita, il nostro metodo si basa sulla customizzazione, per offrire sempre le migliori soluzioni per ogni installazione\" \/>\n<meta property=\"og:url\" content=\"https:\/\/www.geoclima.com\/it\/metodo\/\" \/>\n<meta property=\"og:site_name\" content=\"Geoclima\" \/>\n<meta property=\"article:publisher\" content=\"https:\/\/www.facebook.com\/GeoclimaWorld\/\" \/>\n<meta property=\"article:modified_time\" content=\"2022-07-19T10:21:01+00:00\" \/>\n<meta name=\"twitter:label1\" content=\"Tempo di lettura stimato\" \/>\n\t<meta name=\"twitter:data1\" content=\"4 minuti\" \/>\n<script type=\"application\/ld+json\" class=\"yoast-schema-graph\">{\"@context\":\"https:\\\/\\\/schema.org\",\"@graph\":[{\"@type\":\"WebPage\",\"@id\":\"https:\\\/\\\/www.geoclima.com\\\/it\\\/metodo\\\/\",\"url\":\"https:\\\/\\\/www.geoclima.com\\\/it\\\/metodo\\\/\",\"name\":\"Customizzazione | Geoclima\",\"isPartOf\":{\"@id\":\"https:\\\/\\\/www.geoclima.com\\\/it\\\/#website\"},\"datePublished\":\"2013-10-08T07:03:42+00:00\",\"dateModified\":\"2022-07-19T10:21:01+00:00\",\"description\":\"Dal dialogo al servizio post-vendita, il nostro metodo si basa sulla customizzazione, per offrire sempre le migliori soluzioni per ogni installazione\",\"breadcrumb\":{\"@id\":\"https:\\\/\\\/www.geoclima.com\\\/it\\\/metodo\\\/#breadcrumb\"},\"inLanguage\":\"it-IT\",\"potentialAction\":[{\"@type\":\"ReadAction\",\"target\":[\"https:\\\/\\\/www.geoclima.com\\\/it\\\/metodo\\\/\"]}]},{\"@type\":\"BreadcrumbList\",\"@id\":\"https:\\\/\\\/www.geoclima.com\\\/it\\\/metodo\\\/#breadcrumb\",\"itemListElement\":[{\"@type\":\"ListItem\",\"position\":1,\"name\":\"Home\",\"item\":\"https:\\\/\\\/www.geoclima.com\\\/it\\\/\"},{\"@type\":\"ListItem\",\"position\":2,\"name\":\"Metodo\"}]},{\"@type\":\"WebSite\",\"@id\":\"https:\\\/\\\/www.geoclima.com\\\/it\\\/#website\",\"url\":\"https:\\\/\\\/www.geoclima.com\\\/it\\\/\",\"name\":\"Geoclima\",\"description\":\"Smart HVAC solutions\",\"publisher\":{\"@id\":\"https:\\\/\\\/www.geoclima.com\\\/it\\\/#organization\"},\"potentialAction\":[{\"@type\":\"SearchAction\",\"target\":{\"@type\":\"EntryPoint\",\"urlTemplate\":\"https:\\\/\\\/www.geoclima.com\\\/it\\\/?s={search_term_string}\"},\"query-input\":{\"@type\":\"PropertyValueSpecification\",\"valueRequired\":true,\"valueName\":\"search_term_string\"}}],\"inLanguage\":\"it-IT\"},{\"@type\":\"Organization\",\"@id\":\"https:\\\/\\\/www.geoclima.com\\\/it\\\/#organization\",\"name\":\"Geoclima Srl\",\"url\":\"https:\\\/\\\/www.geoclima.com\\\/it\\\/\",\"logo\":{\"@type\":\"ImageObject\",\"inLanguage\":\"it-IT\",\"@id\":\"https:\\\/\\\/www.geoclima.com\\\/it\\\/#\\\/schema\\\/logo\\\/image\\\/\",\"url\":\"https:\\\/\\\/www.geoclima.com\\\/wp-content\\\/uploads\\\/2014\\\/03\\\/logo-geo.png\",\"contentUrl\":\"https:\\\/\\\/www.geoclima.com\\\/wp-content\\\/uploads\\\/2014\\\/03\\\/logo-geo.png\",\"width\":280,\"height\":53,\"caption\":\"Geoclima Srl\"},\"image\":{\"@id\":\"https:\\\/\\\/www.geoclima.com\\\/it\\\/#\\\/schema\\\/logo\\\/image\\\/\"},\"sameAs\":[\"https:\\\/\\\/www.facebook.com\\\/GeoclimaWorld\\\/\",\"https:\\\/\\\/x.com\\\/GeoclimaWeb\",\"https:\\\/\\\/www.instagram.com\\\/geoclima\",\"https:\\\/\\\/www.linkedin.com\\\/company\\\/geoclima\",\"https:\\\/\\\/www.youtube.com\\\/user\\\/geoclimaweb\"]}]}<\/script>\n<!-- \/ Yoast SEO Premium plugin. -->","yoast_head_json":{"title":"Customizzazione | Geoclima","description":"Dal dialogo al servizio post-vendita, il nostro metodo si basa sulla customizzazione, per offrire sempre le migliori soluzioni per ogni installazione","robots":{"index":"index","follow":"follow","max-snippet":"max-snippet:-1","max-image-preview":"max-image-preview:large","max-video-preview":"max-video-preview:-1"},"canonical":"https:\/\/www.geoclima.com\/it\/metodo\/","og_locale":"it_IT","og_type":"article","og_title":"Metodo","og_description":"Dal dialogo al servizio post-vendita, il nostro metodo si basa sulla customizzazione, per offrire sempre le migliori soluzioni per ogni installazione","og_url":"https:\/\/www.geoclima.com\/it\/metodo\/","og_site_name":"Geoclima","article_publisher":"https:\/\/www.facebook.com\/GeoclimaWorld\/","article_modified_time":"2022-07-19T10:21:01+00:00","twitter_misc":{"Tempo di lettura stimato":"4 minuti"},"schema":{"@context":"https:\/\/schema.org","@graph":[{"@type":"WebPage","@id":"https:\/\/www.geoclima.com\/it\/metodo\/","url":"https:\/\/www.geoclima.com\/it\/metodo\/","name":"Customizzazione | Geoclima","isPartOf":{"@id":"https:\/\/www.geoclima.com\/it\/#website"},"datePublished":"2013-10-08T07:03:42+00:00","dateModified":"2022-07-19T10:21:01+00:00","description":"Dal dialogo al servizio post-vendita, il nostro metodo si basa sulla customizzazione, per offrire sempre le migliori soluzioni per ogni installazione","breadcrumb":{"@id":"https:\/\/www.geoclima.com\/it\/metodo\/#breadcrumb"},"inLanguage":"it-IT","potentialAction":[{"@type":"ReadAction","target":["https:\/\/www.geoclima.com\/it\/metodo\/"]}]},{"@type":"BreadcrumbList","@id":"https:\/\/www.geoclima.com\/it\/metodo\/#breadcrumb","itemListElement":[{"@type":"ListItem","position":1,"name":"Home","item":"https:\/\/www.geoclima.com\/it\/"},{"@type":"ListItem","position":2,"name":"Metodo"}]},{"@type":"WebSite","@id":"https:\/\/www.geoclima.com\/it\/#website","url":"https:\/\/www.geoclima.com\/it\/","name":"Geoclima","description":"Smart HVAC solutions","publisher":{"@id":"https:\/\/www.geoclima.com\/it\/#organization"},"potentialAction":[{"@type":"SearchAction","target":{"@type":"EntryPoint","urlTemplate":"https:\/\/www.geoclima.com\/it\/?s={search_term_string}"},"query-input":{"@type":"PropertyValueSpecification","valueRequired":true,"valueName":"search_term_string"}}],"inLanguage":"it-IT"},{"@type":"Organization","@id":"https:\/\/www.geoclima.com\/it\/#organization","name":"Geoclima Srl","url":"https:\/\/www.geoclima.com\/it\/","logo":{"@type":"ImageObject","inLanguage":"it-IT","@id":"https:\/\/www.geoclima.com\/it\/#\/schema\/logo\/image\/","url":"https:\/\/www.geoclima.com\/wp-content\/uploads\/2014\/03\/logo-geo.png","contentUrl":"https:\/\/www.geoclima.com\/wp-content\/uploads\/2014\/03\/logo-geo.png","width":280,"height":53,"caption":"Geoclima Srl"},"image":{"@id":"https:\/\/www.geoclima.com\/it\/#\/schema\/logo\/image\/"},"sameAs":["https:\/\/www.facebook.com\/GeoclimaWorld\/","https:\/\/x.com\/GeoclimaWeb","https:\/\/www.instagram.com\/geoclima","https:\/\/www.linkedin.com\/company\/geoclima","https:\/\/www.youtube.com\/user\/geoclimaweb"]}]}},"_links":{"self":[{"href":"https:\/\/www.geoclima.com\/it\/wp-json\/wp\/v2\/pages\/6240","targetHints":{"allow":["GET"]}}],"collection":[{"href":"https:\/\/www.geoclima.com\/it\/wp-json\/wp\/v2\/pages"}],"about":[{"href":"https:\/\/www.geoclima.com\/it\/wp-json\/wp\/v2\/types\/page"}],"author":[{"embeddable":true,"href":"https:\/\/www.geoclima.com\/it\/wp-json\/wp\/v2\/users\/1"}],"replies":[{"embeddable":true,"href":"https:\/\/www.geoclima.com\/it\/wp-json\/wp\/v2\/comments?post=6240"}],"version-history":[{"count":16,"href":"https:\/\/www.geoclima.com\/it\/wp-json\/wp\/v2\/pages\/6240\/revisions"}],"predecessor-version":[{"id":28480,"href":"https:\/\/www.geoclima.com\/it\/wp-json\/wp\/v2\/pages\/6240\/revisions\/28480"}],"wp:attachment":[{"href":"https:\/\/www.geoclima.com\/it\/wp-json\/wp\/v2\/media?parent=6240"}],"curies":[{"name":"wp","href":"https:\/\/api.w.org\/{rel}","templated":true}]}}