{"id":6247,"date":"2013-10-08T09:05:02","date_gmt":"2013-10-08T07:05:02","guid":{"rendered":"https:\/\/www.geoclima.com\/research-and-development-2\/"},"modified":"2019-06-10T12:19:29","modified_gmt":"2019-06-10T10:19:29","slug":"ricerca-e-sviluppo","status":"publish","type":"page","link":"https:\/\/www.geoclima.com\/it\/ricerca-e-sviluppo\/","title":{"rendered":"Ricerca e Sviluppo"},"content":{"rendered":"<div id='layer_slider_1'  class='avia-layerslider main_color avia-shadow  avia-builder-el-0  el_before_av_one_full  avia-builder-el-first  container_wrap sidebar_right'  style='height: 501px; max-width: 1600px; margin: 0 auto;'  ><\/div><div id='after_layer_slider_1'  class='main_color av_default_container_wrap container_wrap sidebar_right'  ><div class='container av-section-cont-open' ><div class='template-page content  av-content-small alpha units'><div class='post-entry post-entry-type-page post-entry-6247'><div class='entry-content-wrapper clearfix'>\n<div  class='flex_column av-6cjl3b-810e6c9ac63485563339cede0a9cb607 av_one_full  avia-builder-el-1  el_after_av_layerslider  avia-builder-el-no-sibling  first flex_column_div  '     ><section  class='av_textblock_section av-4wry1j-d736db092b6d6dbdb390949efb54a3ab '   itemscope=\"itemscope\" itemtype=\"https:\/\/schema.org\/CreativeWork\" ><div class='avia_textblock'  itemprop=\"text\" ><h1><strong>Forniamo soluzioni<br \/>\ntecnologicamente avanzate<\/strong><\/h1>\n<\/div><\/section><br \/>\n<section  class='av_textblock_section av-2dbjt3-2e037b53fb75a54f3016ac1edb7c8155 '   itemscope=\"itemscope\" itemtype=\"https:\/\/schema.org\/CreativeWork\" ><div class='avia_textblock'  itemprop=\"text\" ><p>Il reparto Ricerca e Sviluppo \u00e8 il nostro fiore all&#8217;occhiello ed \u00e8 costantemente impegnato nella ricerca di nuove soluzioni adatte a fornire un continuo rinnovamento tecnologico delle nostre macchine.<strong> Qualit\u00e0, efficienza e affidabilit\u00e0<\/strong> sono i fondamenti della nostra ingegneria. L\u2019introduzione di nuove tecnologie, riguardanti i componenti e le loro applicazioni, ci ha consentito di proseguire con l\u2019evoluzione e l\u2019ampliamento della nostra gamma prodotti. In questo modo siamo in grado di offrire un\u2019ampia variet\u00e0 di soluzioni e di valutare insieme al cliente quale di queste soddisfi al meglio le sue esigenze.<\/p>\n<p>La nostra politica prevede di utilizzare le pi\u00f9 avanzate tecnologie e di ottimizzare ogni singolo componente del sistema, in modo da massimizzare l\u2019efficienza e ridurre le dimensioni e il peso delle macchine. Tutto ci\u00f2 porta con s\u00e9 importanti benefici sotto diversi punti di vista: la riduzione dei costi di avviamento; la possibilit\u00e0 di prevedere installazioni anche in locali con problemi di spazio; la garanzia di un soddisfacente ROI.<\/p>\n<p>La grande attenzione posta verso la ricerca di soluzioni sempre migliori e tecnologicamente avanzate, ha consentito al nostro reparto Ricerca e Sviluppo di sviluppare alcune delle applicazioni pi\u00f9 all&#8217;avanguardia nel settore dell&#8217;HVAC, come il primo chiller al mondo con HFO1234ze,\u00a0realizzato per <a title=\"ACR Award per Waitrose\" href=\"https:\/\/www.geoclima.com\/it\/pro\/waitrose-bromley\/\" target=\"_blank\" rel=\"noopener noreferrer\">Waitrose<\/a>, il primo\u00a0chiller in Europa con <a title=\"primo chiller a doppio ciclo R290\/CO2\" href=\"https:\/\/www.geoclima.com\/it\/doppio-ciclo-combinato-r290-co2\/\" target=\"_blank\" rel=\"noopener noreferrer\">doppio ciclo combinato<\/a> a propano e anidride carbonica, o\u00a0l&#8217;innovativo <a title=\"DNC\" href=\"https:\/\/www.geoclima.com\/it\/dnc\/\" target=\"_blank\" rel=\"noopener noreferrer\">Dynamic Noise\u00a0Control<\/a> (DNC) per il controllo del rumore.<\/p>\n<\/div><\/section><\/p><\/div>\n","protected":false},"excerpt":{"rendered":"","protected":false},"author":1,"featured_media":0,"parent":0,"menu_order":0,"comment_status":"open","ping_status":"open","template":"","meta":{"footnotes":""},"class_list":["post-6247","page","type-page","status-publish","hentry"],"yoast_head":"<!-- This site is optimized with the Yoast SEO Premium plugin v27.4 (Yoast SEO v27.4) - https:\/\/yoast.com\/product\/yoast-seo-premium-wordpress\/ -->\n<title>Ricerca e Sviluppo | Geoclima<\/title>\n<meta name=\"description\" content=\"Il nostro reparto Ricerca e Sviluppo \u00e8 costantemente impegnato per offrire soluzioni tecnologicamente avanzate fondate su qualit\u00e0, efficienza e affidabilit\u00e0.\" \/>\n<meta name=\"robots\" content=\"index, follow, max-snippet:-1, max-image-preview:large, max-video-preview:-1\" \/>\n<link rel=\"canonical\" href=\"https:\/\/www.geoclima.com\/it\/ricerca-e-sviluppo\/\" \/>\n<meta property=\"og:locale\" content=\"it_IT\" \/>\n<meta property=\"og:type\" content=\"article\" \/>\n<meta property=\"og:title\" content=\"Ricerca e Sviluppo\" \/>\n<meta property=\"og:description\" content=\"Il nostro reparto Ricerca e Sviluppo \u00e8 costantemente impegnato per offrire soluzioni tecnologicamente avanzate fondate su qualit\u00e0, efficienza e affidabilit\u00e0.\" \/>\n<meta property=\"og:url\" content=\"https:\/\/www.geoclima.com\/it\/ricerca-e-sviluppo\/\" \/>\n<meta property=\"og:site_name\" content=\"Geoclima\" \/>\n<meta property=\"article:publisher\" content=\"https:\/\/www.facebook.com\/GeoclimaWorld\/\" \/>\n<meta property=\"article:modified_time\" content=\"2019-06-10T10:19:29+00:00\" \/>\n<meta name=\"twitter:label1\" content=\"Tempo di lettura stimato\" \/>\n\t<meta name=\"twitter:data1\" content=\"1 minuto\" \/>\n<script type=\"application\/ld+json\" class=\"yoast-schema-graph\">{\"@context\":\"https:\\\/\\\/schema.org\",\"@graph\":[{\"@type\":\"WebPage\",\"@id\":\"https:\\\/\\\/www.geoclima.com\\\/it\\\/ricerca-e-sviluppo\\\/\",\"url\":\"https:\\\/\\\/www.geoclima.com\\\/it\\\/ricerca-e-sviluppo\\\/\",\"name\":\"Ricerca e Sviluppo | Geoclima\",\"isPartOf\":{\"@id\":\"https:\\\/\\\/www.geoclima.com\\\/it\\\/#website\"},\"datePublished\":\"2013-10-08T07:05:02+00:00\",\"dateModified\":\"2019-06-10T10:19:29+00:00\",\"description\":\"Il nostro reparto Ricerca e Sviluppo \u00e8 costantemente impegnato per offrire soluzioni tecnologicamente avanzate fondate su qualit\u00e0, efficienza e affidabilit\u00e0.\",\"breadcrumb\":{\"@id\":\"https:\\\/\\\/www.geoclima.com\\\/it\\\/ricerca-e-sviluppo\\\/#breadcrumb\"},\"inLanguage\":\"it-IT\",\"potentialAction\":[{\"@type\":\"ReadAction\",\"target\":[\"https:\\\/\\\/www.geoclima.com\\\/it\\\/ricerca-e-sviluppo\\\/\"]}]},{\"@type\":\"BreadcrumbList\",\"@id\":\"https:\\\/\\\/www.geoclima.com\\\/it\\\/ricerca-e-sviluppo\\\/#breadcrumb\",\"itemListElement\":[{\"@type\":\"ListItem\",\"position\":1,\"name\":\"Home\",\"item\":\"https:\\\/\\\/www.geoclima.com\\\/it\\\/\"},{\"@type\":\"ListItem\",\"position\":2,\"name\":\"Ricerca e Sviluppo\"}]},{\"@type\":\"WebSite\",\"@id\":\"https:\\\/\\\/www.geoclima.com\\\/it\\\/#website\",\"url\":\"https:\\\/\\\/www.geoclima.com\\\/it\\\/\",\"name\":\"Geoclima\",\"description\":\"Smart HVAC solutions\",\"publisher\":{\"@id\":\"https:\\\/\\\/www.geoclima.com\\\/it\\\/#organization\"},\"potentialAction\":[{\"@type\":\"SearchAction\",\"target\":{\"@type\":\"EntryPoint\",\"urlTemplate\":\"https:\\\/\\\/www.geoclima.com\\\/it\\\/?s={search_term_string}\"},\"query-input\":{\"@type\":\"PropertyValueSpecification\",\"valueRequired\":true,\"valueName\":\"search_term_string\"}}],\"inLanguage\":\"it-IT\"},{\"@type\":\"Organization\",\"@id\":\"https:\\\/\\\/www.geoclima.com\\\/it\\\/#organization\",\"name\":\"Geoclima Srl\",\"url\":\"https:\\\/\\\/www.geoclima.com\\\/it\\\/\",\"logo\":{\"@type\":\"ImageObject\",\"inLanguage\":\"it-IT\",\"@id\":\"https:\\\/\\\/www.geoclima.com\\\/it\\\/#\\\/schema\\\/logo\\\/image\\\/\",\"url\":\"https:\\\/\\\/www.geoclima.com\\\/wp-content\\\/uploads\\\/2014\\\/03\\\/logo-geo.png\",\"contentUrl\":\"https:\\\/\\\/www.geoclima.com\\\/wp-content\\\/uploads\\\/2014\\\/03\\\/logo-geo.png\",\"width\":280,\"height\":53,\"caption\":\"Geoclima Srl\"},\"image\":{\"@id\":\"https:\\\/\\\/www.geoclima.com\\\/it\\\/#\\\/schema\\\/logo\\\/image\\\/\"},\"sameAs\":[\"https:\\\/\\\/www.facebook.com\\\/GeoclimaWorld\\\/\",\"https:\\\/\\\/x.com\\\/GeoclimaWeb\",\"https:\\\/\\\/www.instagram.com\\\/geoclima\",\"https:\\\/\\\/www.linkedin.com\\\/company\\\/geoclima\",\"https:\\\/\\\/www.youtube.com\\\/user\\\/geoclimaweb\"]}]}<\/script>\n<!-- \/ Yoast SEO Premium plugin. -->","yoast_head_json":{"title":"Ricerca e Sviluppo | Geoclima","description":"Il nostro reparto Ricerca e Sviluppo \u00e8 costantemente impegnato per offrire soluzioni tecnologicamente avanzate fondate su qualit\u00e0, efficienza e affidabilit\u00e0.","robots":{"index":"index","follow":"follow","max-snippet":"max-snippet:-1","max-image-preview":"max-image-preview:large","max-video-preview":"max-video-preview:-1"},"canonical":"https:\/\/www.geoclima.com\/it\/ricerca-e-sviluppo\/","og_locale":"it_IT","og_type":"article","og_title":"Ricerca e Sviluppo","og_description":"Il nostro reparto Ricerca e Sviluppo \u00e8 costantemente impegnato per offrire soluzioni tecnologicamente avanzate fondate su qualit\u00e0, efficienza e affidabilit\u00e0.","og_url":"https:\/\/www.geoclima.com\/it\/ricerca-e-sviluppo\/","og_site_name":"Geoclima","article_publisher":"https:\/\/www.facebook.com\/GeoclimaWorld\/","article_modified_time":"2019-06-10T10:19:29+00:00","twitter_misc":{"Tempo di lettura stimato":"1 minuto"},"schema":{"@context":"https:\/\/schema.org","@graph":[{"@type":"WebPage","@id":"https:\/\/www.geoclima.com\/it\/ricerca-e-sviluppo\/","url":"https:\/\/www.geoclima.com\/it\/ricerca-e-sviluppo\/","name":"Ricerca e Sviluppo | Geoclima","isPartOf":{"@id":"https:\/\/www.geoclima.com\/it\/#website"},"datePublished":"2013-10-08T07:05:02+00:00","dateModified":"2019-06-10T10:19:29+00:00","description":"Il nostro reparto Ricerca e Sviluppo \u00e8 costantemente impegnato per offrire soluzioni tecnologicamente avanzate fondate su qualit\u00e0, efficienza e affidabilit\u00e0.","breadcrumb":{"@id":"https:\/\/www.geoclima.com\/it\/ricerca-e-sviluppo\/#breadcrumb"},"inLanguage":"it-IT","potentialAction":[{"@type":"ReadAction","target":["https:\/\/www.geoclima.com\/it\/ricerca-e-sviluppo\/"]}]},{"@type":"BreadcrumbList","@id":"https:\/\/www.geoclima.com\/it\/ricerca-e-sviluppo\/#breadcrumb","itemListElement":[{"@type":"ListItem","position":1,"name":"Home","item":"https:\/\/www.geoclima.com\/it\/"},{"@type":"ListItem","position":2,"name":"Ricerca e Sviluppo"}]},{"@type":"WebSite","@id":"https:\/\/www.geoclima.com\/it\/#website","url":"https:\/\/www.geoclima.com\/it\/","name":"Geoclima","description":"Smart HVAC solutions","publisher":{"@id":"https:\/\/www.geoclima.com\/it\/#organization"},"potentialAction":[{"@type":"SearchAction","target":{"@type":"EntryPoint","urlTemplate":"https:\/\/www.geoclima.com\/it\/?s={search_term_string}"},"query-input":{"@type":"PropertyValueSpecification","valueRequired":true,"valueName":"search_term_string"}}],"inLanguage":"it-IT"},{"@type":"Organization","@id":"https:\/\/www.geoclima.com\/it\/#organization","name":"Geoclima Srl","url":"https:\/\/www.geoclima.com\/it\/","logo":{"@type":"ImageObject","inLanguage":"it-IT","@id":"https:\/\/www.geoclima.com\/it\/#\/schema\/logo\/image\/","url":"https:\/\/www.geoclima.com\/wp-content\/uploads\/2014\/03\/logo-geo.png","contentUrl":"https:\/\/www.geoclima.com\/wp-content\/uploads\/2014\/03\/logo-geo.png","width":280,"height":53,"caption":"Geoclima Srl"},"image":{"@id":"https:\/\/www.geoclima.com\/it\/#\/schema\/logo\/image\/"},"sameAs":["https:\/\/www.facebook.com\/GeoclimaWorld\/","https:\/\/x.com\/GeoclimaWeb","https:\/\/www.instagram.com\/geoclima","https:\/\/www.linkedin.com\/company\/geoclima","https:\/\/www.youtube.com\/user\/geoclimaweb"]}]}},"_links":{"self":[{"href":"https:\/\/www.geoclima.com\/it\/wp-json\/wp\/v2\/pages\/6247","targetHints":{"allow":["GET"]}}],"collection":[{"href":"https:\/\/www.geoclima.com\/it\/wp-json\/wp\/v2\/pages"}],"about":[{"href":"https:\/\/www.geoclima.com\/it\/wp-json\/wp\/v2\/types\/page"}],"author":[{"embeddable":true,"href":"https:\/\/www.geoclima.com\/it\/wp-json\/wp\/v2\/users\/1"}],"replies":[{"embeddable":true,"href":"https:\/\/www.geoclima.com\/it\/wp-json\/wp\/v2\/comments?post=6247"}],"version-history":[{"count":13,"href":"https:\/\/www.geoclima.com\/it\/wp-json\/wp\/v2\/pages\/6247\/revisions"}],"predecessor-version":[{"id":6248,"href":"https:\/\/www.geoclima.com\/it\/wp-json\/wp\/v2\/pages\/6247\/revisions\/6248"}],"wp:attachment":[{"href":"https:\/\/www.geoclima.com\/it\/wp-json\/wp\/v2\/media?parent=6247"}],"curies":[{"name":"wp","href":"https:\/\/api.w.org\/{rel}","templated":true}]}}